{"id":969,"date":"2026-04-24T17:57:44","date_gmt":"2026-04-24T15:57:44","guid":{"rendered":"https:\/\/shop.mira-fleur.de\/shop\/?post_type=product&#038;p=969"},"modified":"2026-04-24T17:57:45","modified_gmt":"2026-04-24T15:57:45","slug":"vase-glas-natur-braun-33-o-2","status":"publish","type":"product","link":"https:\/\/shop.mira-fleur.de\/shop\/produkt\/vase-glas-natur-braun-33-o-2\/","title":{"rendered":"Vase Glas Natur \/ Braun 33 \u00d8"},"content":{"rendered":"<p><a href=\"https:\/\/shop.mira-fleur.de\/wp-content\/uploads\/2026\/04\/Vase_Cantore_Braun_130414_1.jpg\"><img fetchpriority=\"high\" decoding=\"async\" class=\"alignnone size-medium wp-image-970\" src=\"https:\/\/shop.mira-fleur.de\/wp-content\/uploads\/2026\/04\/Vase_Cantore_Braun_130414_1-246x300.jpg\" alt=\"\" width=\"246\" height=\"300\" srcset=\"https:\/\/shop.mira-fleur.de\/wp-content\/uploads\/2026\/04\/Vase_Cantore_Braun_130414_1-246x300.jpg 246w, https:\/\/shop.mira-fleur.de\/wp-content\/uploads\/2026\/04\/Vase_Cantore_Braun_130414_1.jpg 287w\" sizes=\"(max-width: 246px) 100vw, 246px\" \/><\/a> <a href=\"https:\/\/shop.mira-fleur.de\/wp-content\/uploads\/2026\/04\/Vase_Cantore_Braun_130414_1_detailbild.jpg\"><img decoding=\"async\" class=\"alignnone size-medium wp-image-971\" src=\"https:\/\/shop.mira-fleur.de\/wp-content\/uploads\/2026\/04\/Vase_Cantore_Braun_130414_1_detailbild.jpg\" alt=\"\" width=\"152\" height=\"200\" \/><\/a> <a href=\"https:\/\/shop.mira-fleur.de\/wp-content\/uploads\/2026\/04\/Vase_Cantore_Braun_130414_1_profilbild.jpg\"><img decoding=\"async\" class=\"alignnone size-medium wp-image-972\" src=\"https:\/\/shop.mira-fleur.de\/wp-content\/uploads\/2026\/04\/Vase_Cantore_Braun_130414_1_profilbild-300x292.jpg\" alt=\"\" width=\"300\" height=\"292\" srcset=\"https:\/\/shop.mira-fleur.de\/wp-content\/uploads\/2026\/04\/Vase_Cantore_Braun_130414_1_profilbild-300x292.jpg 300w, https:\/\/shop.mira-fleur.de\/wp-content\/uploads\/2026\/04\/Vase_Cantore_Braun_130414_1_profilbild.jpg 308w\" sizes=\"(max-width: 300px) 100vw, 300px\" \/><\/a><a href=\"https:\/\/shop.mira-fleur.de\/wp-content\/uploads\/2026\/04\/Vase_Cantore_Braun_Gruppenbild_1.jpg\"><img loading=\"lazy\" decoding=\"async\" class=\"alignnone size-medium wp-image-964\" src=\"https:\/\/shop.mira-fleur.de\/wp-content\/uploads\/2026\/04\/Vase_Cantore_Braun_Gruppenbild_1-300x169.jpg\" alt=\"\" width=\"300\" height=\"169\" srcset=\"https:\/\/shop.mira-fleur.de\/wp-content\/uploads\/2026\/04\/Vase_Cantore_Braun_Gruppenbild_1-300x169.jpg 300w, https:\/\/shop.mira-fleur.de\/wp-content\/uploads\/2026\/04\/Vase_Cantore_Braun_Gruppenbild_1-1024x576.jpg 1024w, https:\/\/shop.mira-fleur.de\/wp-content\/uploads\/2026\/04\/Vase_Cantore_Braun_Gruppenbild_1-768x432.jpg 768w, https:\/\/shop.mira-fleur.de\/wp-content\/uploads\/2026\/04\/Vase_Cantore_Braun_Gruppenbild_1-1536x864.jpg 1536w, https:\/\/shop.mira-fleur.de\/wp-content\/uploads\/2026\/04\/Vase_Cantore_Braun_Gruppenbild_1-2048x1152.jpg 2048w, https:\/\/shop.mira-fleur.de\/wp-content\/uploads\/2026\/04\/Vase_Cantore_Braun_Gruppenbild_1-600x338.jpg 600w\" sizes=\"(max-width: 300px) 100vw, 300px\" \/><\/a><a href=\"https:\/\/shop.mira-fleur.de\/wp-content\/uploads\/2026\/04\/Vase_Cantore_Braun_Gruppenbild_1_2.jpg\"><img loading=\"lazy\" decoding=\"async\" class=\"alignnone size-medium wp-image-965\" src=\"https:\/\/shop.mira-fleur.de\/wp-content\/uploads\/2026\/04\/Vase_Cantore_Braun_Gruppenbild_1_2-263x300.jpg\" alt=\"\" width=\"263\" height=\"300\" srcset=\"https:\/\/shop.mira-fleur.de\/wp-content\/uploads\/2026\/04\/Vase_Cantore_Braun_Gruppenbild_1_2-263x300.jpg 263w, https:\/\/shop.mira-fleur.de\/wp-content\/uploads\/2026\/04\/Vase_Cantore_Braun_Gruppenbild_1_2-300x343.jpg 300w, https:\/\/shop.mira-fleur.de\/wp-content\/uploads\/2026\/04\/Vase_Cantore_Braun_Gruppenbild_1_2.jpg 350w\" sizes=\"(max-width: 263px) 100vw, 263px\" \/><\/a><a href=\"https:\/\/shop.mira-fleur.de\/wp-content\/uploads\/2026\/04\/Vase_Cantore_Gruppenbild_alleFarben-1.jpg\"><img loading=\"lazy\" decoding=\"async\" class=\"alignnone size-medium wp-image-968\" src=\"https:\/\/shop.mira-fleur.de\/wp-content\/uploads\/2026\/04\/Vase_Cantore_Gruppenbild_alleFarben-1-300x169.jpg\" alt=\"\" width=\"300\" height=\"169\" srcset=\"https:\/\/shop.mira-fleur.de\/wp-content\/uploads\/2026\/04\/Vase_Cantore_Gruppenbild_alleFarben-1-300x169.jpg 300w, https:\/\/shop.mira-fleur.de\/wp-content\/uploads\/2026\/04\/Vase_Cantore_Gruppenbild_alleFarben-1-1024x576.jpg 1024w, https:\/\/shop.mira-fleur.de\/wp-content\/uploads\/2026\/04\/Vase_Cantore_Gruppenbild_alleFarben-1-768x432.jpg 768w, https:\/\/shop.mira-fleur.de\/wp-content\/uploads\/2026\/04\/Vase_Cantore_Gruppenbild_alleFarben-1-1536x864.jpg 1536w, https:\/\/shop.mira-fleur.de\/wp-content\/uploads\/2026\/04\/Vase_Cantore_Gruppenbild_alleFarben-1-2048x1152.jpg 2048w, https:\/\/shop.mira-fleur.de\/wp-content\/uploads\/2026\/04\/Vase_Cantore_Gruppenbild_alleFarben-1-600x338.jpg 600w\" sizes=\"(max-width: 300px) 100vw, 300px\" \/><\/a><a href=\"https:\/\/shop.mira-fleur.de\/wp-content\/uploads\/2026\/04\/Vase_Cantore_Braun_Gruppenbild_1_4.jpg\"><img loading=\"lazy\" decoding=\"async\" class=\"alignnone size-medium wp-image-967\" src=\"https:\/\/shop.mira-fleur.de\/wp-content\/uploads\/2026\/04\/Vase_Cantore_Braun_Gruppenbild_1_4-300x169.jpg\" alt=\"\" width=\"300\" height=\"169\" srcset=\"https:\/\/shop.mira-fleur.de\/wp-content\/uploads\/2026\/04\/Vase_Cantore_Braun_Gruppenbild_1_4-300x169.jpg 300w, https:\/\/shop.mira-fleur.de\/wp-content\/uploads\/2026\/04\/Vase_Cantore_Braun_Gruppenbild_1_4-600x338.jpg 600w, https:\/\/shop.mira-fleur.de\/wp-content\/uploads\/2026\/04\/Vase_Cantore_Braun_Gruppenbild_1_4.jpg 711w\" sizes=\"(max-width: 300px) 100vw, 300px\" \/><\/a><\/p>\n<p>Vase \u201eCantore\u201c Natur \/ Braun<\/p>\n<p>Diese hochwertigen mundgeblasenen Vasen sind ein Highlight in jedem Zuhause und \/ oder als Geschenk zeigen Sie Ihren guten Schmack.<\/p>\n<p>Diese Vasen sind qualitativ perfekt und dickwandig verarbeitet ; sie werden in der EU hergestellt.<\/p>\n<p>Ganze frische Str\u00e4u\u00dfe, Einzelblumen und haltbare Arrangements kommen in diesen Vasen zur Geltung.<\/p>\n<p>Ganz ohne F\u00fcllung sind diese Vasen eine die perfekte Dekoration f\u00fcr jeden Einrichtungsstil.<\/p>\n<p><strong>In der fotografischen Beschreibung sind alle m\u00f6glichen Farben und Formen abgebildet.<\/strong><\/p>\n<p><strong>Bitte nehmen Sie Kontakt zu uns auf um diese anderen Optionen abzukl\u00e4ren.<\/strong><\/p>\n<p>Durchmesser: 33cm<\/p>\n<p>H\u00f6he: 32cm<\/p>\n<p><strong>Ursprung EU<\/strong>\u00a0\/ Material Glas<\/p>\n<p>Artikelnummer : Kh1284000102<\/p>\n<p><strong>(lieferbar ab KW31 \/ 2026)<\/strong><\/p>\n","protected":false},"excerpt":{"rendered":"<p>Vase \u201eCantore\u201c Natur \/ Braun<\/p>\n<p>Diese hochwertigen mundgeblasenen Vasen sind ein Highlight in jedem Zuhause und \/ oder als Geschenk zeigen Sie Ihren guten Schmack.<\/p>\n<p>Diese Vasen sind qualitativ perfekt und dickwandig verarbeitet ; sie werden in der EU hergestellt.<\/p>\n<p>Ganze frische Str\u00e4u\u00dfe, Einzelblumen und haltbare Arrangements kommen in diesen Vasen zur Geltung.<\/p>\n<p>Ganz ohne F\u00fcllung sind diese Vasen eine die perfekte Dekoration f\u00fcr jeden Einrichtungsstil.<\/p>\n<p><strong>In der fotografischen Beschreibung sind alle m\u00f6glichen Farben und Formen abgebildet.<\/strong><\/p>\n<p><strong>Bitte nehmen Sie Kontakt zu uns auf um diese anderen Optionen abzukl\u00e4ren.<\/strong><\/p>\n<p>Durchmesser: 33cm<\/p>\n<p>H\u00f6he: 32cm<\/p>\n<p><strong>Ursprung EU<\/strong>\u00a0\/ Material Glas<\/p>\n<p>Artikelnummer : Kh1284000102<\/p>\n<p><strong>(lieferbar ab KW31 \/ 2026)<\/strong><\/p>\n<p>&nbsp;<\/p>\n<h6><strong>UNSERE KLEINODE SIND HANDWERKLICH HERGESTELLT, UND SOMIT K\u00d6NNEN DIE GELIEFERTEN ARTIKEL MINIMAL IN FARBE UND GR\u00d6SSE VARIIEREN<\/strong><\/h6>\n<h6><strong>MINIMALE ABWEICHUNGEN SIND EIN QUALIT\u00c4TSMERKMAL, UND STELLEN KEINEN MANGEL DA.<\/strong><\/h6>\n<h6><strong>\u00a0<\/strong><\/h6>\n<h6><strong>F\u00dcR R\u00dcCKFRAGEN STEHEN WIR JEDERZEIT ZUR VERF\u00dcGUNG; GERNE PERS\u00d6NLICH, ODER AUCH AM TELEFON.<\/strong><\/h6>\n","protected":false},"featured_media":972,"template":"","meta":[],"product_brand":[],"product_cat":[109,25,70],"product_tag":[36,37,41,34,75,40,52,35],"class_list":{"0":"post-969","1":"product","2":"type-product","3":"status-publish","4":"has-post-thumbnail","6":"product_cat-dekoration","7":"product_cat-glas","8":"product_cat-vasen","9":"product_tag-blumen","10":"product_tag-dekoration","11":"product_tag-gift","12":"product_tag-glas","13":"product_tag-handwerkskunst","14":"product_tag-living","15":"product_tag-schoener-leben","16":"product_tag-vase","17":"product_shipping_class-grosse-pakete","19":"first","20":"onbackorder","21":"taxable","22":"shipping-taxable","23":"purchasable","24":"product-type-simple"},"_links":{"self":[{"href":"https:\/\/shop.mira-fleur.de\/shop\/wp-json\/wp\/v2\/product\/969","targetHints":{"allow":["GET"]}}],"collection":[{"href":"https:\/\/shop.mira-fleur.de\/shop\/wp-json\/wp\/v2\/product"}],"about":[{"href":"https:\/\/shop.mira-fleur.de\/shop\/wp-json\/wp\/v2\/types\/product"}],"wp:featuredmedia":[{"embeddable":true,"href":"https:\/\/shop.mira-fleur.de\/shop\/wp-json\/wp\/v2\/media\/972"}],"wp:attachment":[{"href":"https:\/\/shop.mira-fleur.de\/shop\/wp-json\/wp\/v2\/media?parent=969"}],"wp:term":[{"taxonomy":"product_brand","embeddable":true,"href":"https:\/\/shop.mira-fleur.de\/shop\/wp-json\/wp\/v2\/product_brand?post=969"},{"taxonomy":"product_cat","embeddable":true,"href":"https:\/\/shop.mira-fleur.de\/shop\/wp-json\/wp\/v2\/product_cat?post=969"},{"taxonomy":"product_tag","embeddable":true,"href":"https:\/\/shop.mira-fleur.de\/shop\/wp-json\/wp\/v2\/product_tag?post=969"}],"curies":[{"name":"wp","href":"https:\/\/api.w.org\/{rel}","templated":true}]}}