{"id":952,"date":"2026-04-24T17:15:56","date_gmt":"2026-04-24T15:15:56","guid":{"rendered":"https:\/\/shop.mira-fleur.de\/shop\/?post_type=product&#038;p=952"},"modified":"2026-04-24T17:15:57","modified_gmt":"2026-04-24T15:15:57","slug":"vase-glas-weiss-33-o","status":"publish","type":"product","link":"https:\/\/shop.mira-fleur.de\/shop\/produkt\/vase-glas-weiss-33-o\/","title":{"rendered":"Vase Glas weiss 33 \u00d8"},"content":{"rendered":"<p><a href=\"https:\/\/shop.mira-fleur.de\/wp-content\/uploads\/2026\/04\/Vase_Cantore_Weiss_130418_1ProfilBild.jpg\"><img fetchpriority=\"high\" decoding=\"async\" class=\"alignnone size-full wp-image-953\" src=\"https:\/\/shop.mira-fleur.de\/wp-content\/uploads\/2026\/04\/Vase_Cantore_Weiss_130418_1ProfilBild.jpg\" alt=\"\" width=\"298\" height=\"300\" srcset=\"https:\/\/shop.mira-fleur.de\/wp-content\/uploads\/2026\/04\/Vase_Cantore_Weiss_130418_1ProfilBild.jpg 298w, https:\/\/shop.mira-fleur.de\/wp-content\/uploads\/2026\/04\/Vase_Cantore_Weiss_130418_1ProfilBild-150x150.jpg 150w, https:\/\/shop.mira-fleur.de\/wp-content\/uploads\/2026\/04\/Vase_Cantore_Weiss_130418_1ProfilBild-100x100.jpg 100w\" sizes=\"(max-width: 298px) 100vw, 298px\" \/><\/a><a href=\"https:\/\/shop.mira-fleur.de\/wp-content\/uploads\/2026\/04\/Vase_Cantore_Weiss_GrupenBild_1.jpg\"><img decoding=\"async\" class=\"alignnone size-medium wp-image-954\" src=\"https:\/\/shop.mira-fleur.de\/wp-content\/uploads\/2026\/04\/Vase_Cantore_Weiss_GrupenBild_1-270x300.jpg\" alt=\"\" width=\"270\" height=\"300\" srcset=\"https:\/\/shop.mira-fleur.de\/wp-content\/uploads\/2026\/04\/Vase_Cantore_Weiss_GrupenBild_1-270x300.jpg 270w, https:\/\/shop.mira-fleur.de\/wp-content\/uploads\/2026\/04\/Vase_Cantore_Weiss_GrupenBild_1-300x333.jpg 300w, https:\/\/shop.mira-fleur.de\/wp-content\/uploads\/2026\/04\/Vase_Cantore_Weiss_GrupenBild_1.jpg 360w\" sizes=\"(max-width: 270px) 100vw, 270px\" \/><\/a> <a href=\"https:\/\/shop.mira-fleur.de\/wp-content\/uploads\/2026\/04\/Vase_Cantore_Weiss_GrupenBild_2.jpg\"><img decoding=\"async\" class=\"alignnone size-medium wp-image-955\" src=\"https:\/\/shop.mira-fleur.de\/wp-content\/uploads\/2026\/04\/Vase_Cantore_Weiss_GrupenBild_2-263x300.jpg\" alt=\"\" width=\"263\" height=\"300\" srcset=\"https:\/\/shop.mira-fleur.de\/wp-content\/uploads\/2026\/04\/Vase_Cantore_Weiss_GrupenBild_2-263x300.jpg 263w, https:\/\/shop.mira-fleur.de\/wp-content\/uploads\/2026\/04\/Vase_Cantore_Weiss_GrupenBild_2-300x342.jpg 300w, https:\/\/shop.mira-fleur.de\/wp-content\/uploads\/2026\/04\/Vase_Cantore_Weiss_GrupenBild_2.jpg 351w\" sizes=\"(max-width: 263px) 100vw, 263px\" \/><\/a> <a href=\"https:\/\/shop.mira-fleur.de\/wp-content\/uploads\/2026\/04\/Vase_Cantore_Weiss_GrupenBild_3.jpg\"><img loading=\"lazy\" decoding=\"async\" class=\"alignnone size-medium wp-image-956\" src=\"https:\/\/shop.mira-fleur.de\/wp-content\/uploads\/2026\/04\/Vase_Cantore_Weiss_GrupenBild_3-300x169.jpg\" alt=\"\" width=\"300\" height=\"169\" srcset=\"https:\/\/shop.mira-fleur.de\/wp-content\/uploads\/2026\/04\/Vase_Cantore_Weiss_GrupenBild_3-300x169.jpg 300w, https:\/\/shop.mira-fleur.de\/wp-content\/uploads\/2026\/04\/Vase_Cantore_Weiss_GrupenBild_3-600x338.jpg 600w, https:\/\/shop.mira-fleur.de\/wp-content\/uploads\/2026\/04\/Vase_Cantore_Weiss_GrupenBild_3.jpg 711w\" sizes=\"(max-width: 300px) 100vw, 300px\" \/><\/a><a href=\"https:\/\/shop.mira-fleur.de\/wp-content\/uploads\/2026\/04\/Vase_Cantore_Gruppenbild_alleFarben.jpg\"><img loading=\"lazy\" decoding=\"async\" class=\"alignnone size-medium wp-image-957\" src=\"https:\/\/shop.mira-fleur.de\/wp-content\/uploads\/2026\/04\/Vase_Cantore_Gruppenbild_alleFarben-300x169.jpg\" alt=\"\" width=\"300\" height=\"169\" srcset=\"https:\/\/shop.mira-fleur.de\/wp-content\/uploads\/2026\/04\/Vase_Cantore_Gruppenbild_alleFarben-300x169.jpg 300w, https:\/\/shop.mira-fleur.de\/wp-content\/uploads\/2026\/04\/Vase_Cantore_Gruppenbild_alleFarben-1024x576.jpg 1024w, https:\/\/shop.mira-fleur.de\/wp-content\/uploads\/2026\/04\/Vase_Cantore_Gruppenbild_alleFarben-768x432.jpg 768w, https:\/\/shop.mira-fleur.de\/wp-content\/uploads\/2026\/04\/Vase_Cantore_Gruppenbild_alleFarben-1536x864.jpg 1536w, https:\/\/shop.mira-fleur.de\/wp-content\/uploads\/2026\/04\/Vase_Cantore_Gruppenbild_alleFarben-2048x1152.jpg 2048w, https:\/\/shop.mira-fleur.de\/wp-content\/uploads\/2026\/04\/Vase_Cantore_Gruppenbild_alleFarben-600x338.jpg 600w\" sizes=\"(max-width: 300px) 100vw, 300px\" \/><\/a><\/p>\n<p><strong>Vase &#8222;Cantore&#8220; Weiss<\/strong><\/p>\n<p><strong>Diese hochwertigen mundgeblasenen Vasen sind ein Highlight in jedem Zuhause und \/ oder als Geschenk zeigen Sie Ihren guten Schmack.<\/strong><\/p>\n<p><strong>Diese Vasen sind qualitativ perfekt und dickwandig verarbeitet ; sie werden in der EU hergestellt.<\/strong><\/p>\n<p><strong>Ganze frische Str\u00e4u\u00dfe, Einzelblumen und haltbare Arrangements kommen in diesen Vasen zur Geltung.<\/strong><\/p>\n<p><strong>Ganz ohne F\u00fcllung sind diese Vasen eine die perfekte Dekoration f\u00fcr jeden Einrichtungsstil.<\/strong><\/p>\n<p><strong>In der fotografischen Beschreibung sind alle m\u00f6glichen Farben und Formen abgebildet. <\/strong><\/p>\n<p><strong>Bitte nehmen Sie Kontakt zu uns auf um diese anderen Optionen abzukl\u00e4ren.<\/strong><\/p>\n<p>Durchmesser: 33cm<\/p>\n<p>H\u00f6he: 32cm<\/p>\n<p>Ursprung EU \/ Material Glas<\/p>\n<p>Artikelnummer : Kh1284000120<\/p>\n<p>(lieferbar ab KW31 \/ 2026)<\/p>\n","protected":false},"excerpt":{"rendered":"<p>Vase &#8222;Cantore&#8220; Weiss<\/p>\n<p>Diese hochwertigen mundgeblasenen Vasen sind ein Highlight in jedem Zuhause und \/ oder als Geschenk zeigen Sie Ihren guten Schmack.<\/p>\n<p>Diese Vasen sind qualitativ perfekt und dickwandig verarbeitet ; sie werden in der EU hergestellt.<\/p>\n<p>Ganze frische Str\u00e4u\u00dfe, Einzelblumen und haltbare Arrangements kommen in diesen Vasen zur Geltung.<\/p>\n<p>Ganz ohne F\u00fcllung sind diese Vasen eine die perfekte Dekoration f\u00fcr jeden Einrichtungsstil.<\/p>\n<p><strong>In der fotografischen Beschreibung sind alle m\u00f6glichen Farben und Formen abgebildet. <\/strong><\/p>\n<p><strong>Bitte nehmen Sie Kontakt zu uns auf um diese anderen Optionen abzukl\u00e4ren.<\/strong><\/p>\n<p>Durchmesser: 33cm<\/p>\n<p>H\u00f6he: 32cm<\/p>\n<p><strong>Ursprung EU<\/strong> \/ Material Glas<\/p>\n<p>Artikelnummer : Kh1284000120<\/p>\n<p><strong>(lieferbar ab KW31 \/ 2026)<\/strong><\/p>\n<p>&nbsp;<\/p>\n<h6><strong>UNSERE KLEINODE SIND HANDWERKLICH HERGESTELLT, UND SOMIT K\u00d6NNEN DIE GELIEFERTEN ARTIKEL MINIMAL IN FARBE UND GR\u00d6SSE VARIIEREN<\/strong><\/h6>\n<h6><strong>MINIMALE ABWEICHUNGEN SIND EIN QUALIT\u00c4TSMERKMAL, UND STELLEN KEINEN MANGEL DA.<\/strong><\/h6>\n<h6><strong>\u00a0<\/strong><\/h6>\n<h6><strong>F\u00dcR R\u00dcCKFRAGEN STEHEN WIR JEDERZEIT ZUR VERF\u00dcGUNG; GERNE PERS\u00d6NLICH, ODER AUCH AM TELEFON.<\/strong><\/h6>\n","protected":false},"featured_media":953,"template":"","meta":[],"product_brand":[],"product_cat":[109,25,70],"product_tag":[36,37,41,34,75,40,84,52,35],"class_list":{"0":"post-952","1":"product","2":"type-product","3":"status-publish","4":"has-post-thumbnail","6":"product_cat-dekoration","7":"product_cat-glas","8":"product_cat-vasen","9":"product_tag-blumen","10":"product_tag-dekoration","11":"product_tag-gift","12":"product_tag-glas","13":"product_tag-handwerkskunst","14":"product_tag-living","15":"product_tag-qualitaet","16":"product_tag-schoener-leben","17":"product_tag-vase","18":"product_shipping_class-grosse-pakete","20":"first","21":"onbackorder","22":"taxable","23":"shipping-taxable","24":"purchasable","25":"product-type-simple"},"_links":{"self":[{"href":"https:\/\/shop.mira-fleur.de\/shop\/wp-json\/wp\/v2\/product\/952","targetHints":{"allow":["GET"]}}],"collection":[{"href":"https:\/\/shop.mira-fleur.de\/shop\/wp-json\/wp\/v2\/product"}],"about":[{"href":"https:\/\/shop.mira-fleur.de\/shop\/wp-json\/wp\/v2\/types\/product"}],"wp:featuredmedia":[{"embeddable":true,"href":"https:\/\/shop.mira-fleur.de\/shop\/wp-json\/wp\/v2\/media\/953"}],"wp:attachment":[{"href":"https:\/\/shop.mira-fleur.de\/shop\/wp-json\/wp\/v2\/media?parent=952"}],"wp:term":[{"taxonomy":"product_brand","embeddable":true,"href":"https:\/\/shop.mira-fleur.de\/shop\/wp-json\/wp\/v2\/product_brand?post=952"},{"taxonomy":"product_cat","embeddable":true,"href":"https:\/\/shop.mira-fleur.de\/shop\/wp-json\/wp\/v2\/product_cat?post=952"},{"taxonomy":"product_tag","embeddable":true,"href":"https:\/\/shop.mira-fleur.de\/shop\/wp-json\/wp\/v2\/product_tag?post=952"}],"curies":[{"name":"wp","href":"https:\/\/api.w.org\/{rel}","templated":true}]}}