{"id":940,"date":"2026-04-23T12:35:23","date_gmt":"2026-04-23T10:35:23","guid":{"rendered":"https:\/\/shop.mira-fleur.de\/shop\/?post_type=product&#038;p=940"},"modified":"2026-04-23T12:35:25","modified_gmt":"2026-04-23T10:35:25","slug":"erdbeer-dose-mit-deckel-pink","status":"publish","type":"product","link":"https:\/\/shop.mira-fleur.de\/shop\/produkt\/erdbeer-dose-mit-deckel-pink\/","title":{"rendered":"Erdbeer Dose mit Deckel -Pink-"},"content":{"rendered":"<p><a href=\"https:\/\/shop.mira-fleur.de\/wp-content\/uploads\/2026\/04\/Dose_Erdbeer_Frutta_EX273045_1.jpg\"><img fetchpriority=\"high\" decoding=\"async\" class=\"alignnone size-medium wp-image-941\" src=\"https:\/\/shop.mira-fleur.de\/wp-content\/uploads\/2026\/04\/Dose_Erdbeer_Frutta_EX273045_1-245x300.jpg\" alt=\"\" width=\"245\" height=\"300\" srcset=\"https:\/\/shop.mira-fleur.de\/wp-content\/uploads\/2026\/04\/Dose_Erdbeer_Frutta_EX273045_1-245x300.jpg 245w, https:\/\/shop.mira-fleur.de\/wp-content\/uploads\/2026\/04\/Dose_Erdbeer_Frutta_EX273045_1-300x368.jpg 300w, https:\/\/shop.mira-fleur.de\/wp-content\/uploads\/2026\/04\/Dose_Erdbeer_Frutta_EX273045_1.jpg 489w\" sizes=\"(max-width: 245px) 100vw, 245px\" \/><\/a> <a href=\"https:\/\/shop.mira-fleur.de\/wp-content\/uploads\/2026\/04\/Dose_Erdbeer_Frutta_EX273045_3.jpg\"><img decoding=\"async\" class=\"alignnone size-medium wp-image-942\" src=\"https:\/\/shop.mira-fleur.de\/wp-content\/uploads\/2026\/04\/Dose_Erdbeer_Frutta_EX273045_3-262x300.jpg\" alt=\"\" width=\"262\" height=\"300\" srcset=\"https:\/\/shop.mira-fleur.de\/wp-content\/uploads\/2026\/04\/Dose_Erdbeer_Frutta_EX273045_3-262x300.jpg 262w, https:\/\/shop.mira-fleur.de\/wp-content\/uploads\/2026\/04\/Dose_Erdbeer_Frutta_EX273045_3-300x344.jpg 300w, https:\/\/shop.mira-fleur.de\/wp-content\/uploads\/2026\/04\/Dose_Erdbeer_Frutta_EX273045_3.jpg 349w\" sizes=\"(max-width: 262px) 100vw, 262px\" \/><\/a> <a href=\"https:\/\/shop.mira-fleur.de\/wp-content\/uploads\/2026\/04\/Dose_Erdbeer_Frutta_EX273045_4.jpg\"><img decoding=\"async\" class=\"alignnone size-medium wp-image-943\" src=\"https:\/\/shop.mira-fleur.de\/wp-content\/uploads\/2026\/04\/Dose_Erdbeer_Frutta_EX273045_4-282x300.jpg\" alt=\"\" width=\"282\" height=\"300\" srcset=\"https:\/\/shop.mira-fleur.de\/wp-content\/uploads\/2026\/04\/Dose_Erdbeer_Frutta_EX273045_4-282x300.jpg 282w, https:\/\/shop.mira-fleur.de\/wp-content\/uploads\/2026\/04\/Dose_Erdbeer_Frutta_EX273045_4-300x319.jpg 300w, https:\/\/shop.mira-fleur.de\/wp-content\/uploads\/2026\/04\/Dose_Erdbeer_Frutta_EX273045_4.jpg 376w\" sizes=\"(max-width: 282px) 100vw, 282px\" \/><\/a> <a href=\"https:\/\/shop.mira-fleur.de\/wp-content\/uploads\/2026\/04\/Dose_Erdbeer_Frutta_EX273045_5.jpg\"><img loading=\"lazy\" decoding=\"async\" class=\"alignnone size-medium wp-image-944\" src=\"https:\/\/shop.mira-fleur.de\/wp-content\/uploads\/2026\/04\/Dose_Erdbeer_Frutta_EX273045_5-300x289.jpg\" alt=\"\" width=\"300\" height=\"289\" srcset=\"https:\/\/shop.mira-fleur.de\/wp-content\/uploads\/2026\/04\/Dose_Erdbeer_Frutta_EX273045_5-300x289.jpg 300w, https:\/\/shop.mira-fleur.de\/wp-content\/uploads\/2026\/04\/Dose_Erdbeer_Frutta_EX273045_5.jpg 415w\" sizes=\"(max-width: 300px) 100vw, 300px\" \/><\/a><\/p>\n<p>Erdbeere Dose mit Deckel in Pink<\/p>\n<p>Dieses handgearbeitete Highlight ist detailreich verziert, und der Deckel ist abnehmbar. So l\u00e4sst sich diese Dose vielfach nutzen, und ist ganzj\u00e4hrig nutzbar.<\/p>\n<p>F\u00fcr den Eigenbedarf oder als tolles Geschenk.<\/p>\n<p>Breite und Tiefe: 16cm<\/p>\n<p>H\u00f6he: 20cm<\/p>\n<p>Artikelnummer: MT.EX273045<\/p>\n","protected":false},"excerpt":{"rendered":"<p>Erdbeere Dose mit Deckel in Pink<\/p>\n<p>Dieses handgearbeitete Highlight ist detailreich verziert, und der Deckel ist abnehmbar. So l\u00e4sst sich diese Dose vielfach nutzen, und ist ganzj\u00e4hrig nutzbar.<\/p>\n<p>F\u00fcr den Eigenbedarf oder als tolles Geschenk.<\/p>\n<p>Breite und Tiefe: 16cm<\/p>\n<p>H\u00f6he: 20cm<\/p>\n<p>Artikelnummer: MT.EX273045<\/p>\n<p>&nbsp;<\/p>\n<h6><strong>UNSERE KLEINODE SIND HANDWERKLICH HERGESTELLT, UND SOMIT K\u00d6NNEN DIE GELIEFERTEN ARTIKEL MINIMAL IN FARBE UND GR\u00d6SSE VARIIEREN<\/strong><\/h6>\n<h6><strong>MINIMALE ABWEICHUNGEN SIND EIN QUALIT\u00c4TSMERKMAL, UND STELLEN KEINEN MANGEL DA.<\/strong><\/h6>\n<h6><strong>\u00a0<\/strong><\/h6>\n<h6><strong>F\u00dcR R\u00dcCKFRAGEN STEHEN WIR JEDERZEIT ZUR VERF\u00dcGUNG; GERNE PERS\u00d6NLICH, ODER AUCH AM TELEFON.<\/strong><\/h6>\n","protected":false},"featured_media":941,"template":"","meta":[],"product_brand":[],"product_cat":[20,108,104],"product_tag":[38,37,41,75,40],"class_list":{"0":"post-940","1":"product","2":"type-product","3":"status-publish","4":"has-post-thumbnail","6":"product_cat-fruehjahr","7":"product_cat-keramik","8":"product_cat-sommer","9":"product_tag-accessoires","10":"product_tag-dekoration","11":"product_tag-gift","12":"product_tag-handwerkskunst","13":"product_tag-living","14":"product_shipping_class-mittlere-pakete","16":"first","17":"instock","18":"taxable","19":"shipping-taxable","20":"purchasable","21":"product-type-simple"},"_links":{"self":[{"href":"https:\/\/shop.mira-fleur.de\/shop\/wp-json\/wp\/v2\/product\/940","targetHints":{"allow":["GET"]}}],"collection":[{"href":"https:\/\/shop.mira-fleur.de\/shop\/wp-json\/wp\/v2\/product"}],"about":[{"href":"https:\/\/shop.mira-fleur.de\/shop\/wp-json\/wp\/v2\/types\/product"}],"wp:featuredmedia":[{"embeddable":true,"href":"https:\/\/shop.mira-fleur.de\/shop\/wp-json\/wp\/v2\/media\/941"}],"wp:attachment":[{"href":"https:\/\/shop.mira-fleur.de\/shop\/wp-json\/wp\/v2\/media?parent=940"}],"wp:term":[{"taxonomy":"product_brand","embeddable":true,"href":"https:\/\/shop.mira-fleur.de\/shop\/wp-json\/wp\/v2\/product_brand?post=940"},{"taxonomy":"product_cat","embeddable":true,"href":"https:\/\/shop.mira-fleur.de\/shop\/wp-json\/wp\/v2\/product_cat?post=940"},{"taxonomy":"product_tag","embeddable":true,"href":"https:\/\/shop.mira-fleur.de\/shop\/wp-json\/wp\/v2\/product_tag?post=940"}],"curies":[{"name":"wp","href":"https:\/\/api.w.org\/{rel}","templated":true}]}}