{"id":934,"date":"2026-04-15T12:34:28","date_gmt":"2026-04-15T10:34:28","guid":{"rendered":"https:\/\/shop.mira-fleur.de\/shop\/?post_type=product&#038;p=934"},"modified":"2026-04-15T12:36:22","modified_gmt":"2026-04-15T10:36:22","slug":"kuebel-sandschwarz-konisch","status":"publish","type":"product","link":"https:\/\/shop.mira-fleur.de\/shop\/produkt\/kuebel-sandschwarz-konisch\/","title":{"rendered":"K\u00fcbel &#8211; sandschwarz &#8211; konisch"},"content":{"rendered":"<p><a href=\"https:\/\/shop.mira-fleur.de\/wp-content\/uploads\/2026\/04\/Kuebel_sandschwarz_76853_200_DetailBild_1.jpg\"><img decoding=\"async\" class=\"alignnone size-full wp-image-935\" src=\"https:\/\/shop.mira-fleur.de\/wp-content\/uploads\/2026\/04\/Kuebel_sandschwarz_76853_200_DetailBild_1.jpg\" alt=\"\" width=\"168\" height=\"200\" \/><\/a> <a href=\"https:\/\/shop.mira-fleur.de\/wp-content\/uploads\/2026\/04\/Kuebel_sandschwarz_76853_200_DetailBild_2.jpg\"><img decoding=\"async\" class=\"alignnone size-medium wp-image-936\" src=\"https:\/\/shop.mira-fleur.de\/wp-content\/uploads\/2026\/04\/Kuebel_sandschwarz_76853_200_DetailBild_2.jpg\" alt=\"\" width=\"200\" height=\"200\" srcset=\"https:\/\/shop.mira-fleur.de\/wp-content\/uploads\/2026\/04\/Kuebel_sandschwarz_76853_200_DetailBild_2.jpg 200w, https:\/\/shop.mira-fleur.de\/wp-content\/uploads\/2026\/04\/Kuebel_sandschwarz_76853_200_DetailBild_2-150x150.jpg 150w, https:\/\/shop.mira-fleur.de\/wp-content\/uploads\/2026\/04\/Kuebel_sandschwarz_76853_200_DetailBild_2-100x100.jpg 100w\" sizes=\"(max-width: 200px) 100vw, 200px\" \/><\/a> <a href=\"https:\/\/shop.mira-fleur.de\/wp-content\/uploads\/2026\/04\/Kuebel_sandschwarz_76853_200_DetailBild_3.jpg\"><img fetchpriority=\"high\" decoding=\"async\" class=\"alignnone size-medium wp-image-937\" src=\"https:\/\/shop.mira-fleur.de\/wp-content\/uploads\/2026\/04\/Kuebel_sandschwarz_76853_200_DetailBild_3-240x300.jpg\" alt=\"\" width=\"240\" height=\"300\" srcset=\"https:\/\/shop.mira-fleur.de\/wp-content\/uploads\/2026\/04\/Kuebel_sandschwarz_76853_200_DetailBild_3-240x300.jpg 240w, https:\/\/shop.mira-fleur.de\/wp-content\/uploads\/2026\/04\/Kuebel_sandschwarz_76853_200_DetailBild_3-300x375.jpg 300w, https:\/\/shop.mira-fleur.de\/wp-content\/uploads\/2026\/04\/Kuebel_sandschwarz_76853_200_DetailBild_3.jpg 320w\" sizes=\"(max-width: 240px) 100vw, 240px\" \/><\/a> <a href=\"https:\/\/shop.mira-fleur.de\/wp-content\/uploads\/2026\/04\/Kuebel_sandschwarz_76853_400_VorschauBild_1.jpg\"><img loading=\"lazy\" decoding=\"async\" class=\"alignnone size-medium wp-image-938\" src=\"https:\/\/shop.mira-fleur.de\/wp-content\/uploads\/2026\/04\/Kuebel_sandschwarz_76853_400_VorschauBild_1-300x265.jpg\" alt=\"\" width=\"300\" height=\"265\" srcset=\"https:\/\/shop.mira-fleur.de\/wp-content\/uploads\/2026\/04\/Kuebel_sandschwarz_76853_400_VorschauBild_1-300x265.jpg 300w, https:\/\/shop.mira-fleur.de\/wp-content\/uploads\/2026\/04\/Kuebel_sandschwarz_76853_400_VorschauBild_1.jpg 453w\" sizes=\"(max-width: 300px) 100vw, 300px\" \/><\/a><\/p>\n<h1>K\u00fcbel &#8211; sandschwarz &#8211; konisch<\/h1>\n<p>&nbsp;<\/p>\n<p>Dieser K\u00fcbel ist handgearbeitet, und durch die hochwertigen Materialien in Kombination mit Ablaufloch in der Mitte ist dieser K\u00fcbel frostsicher sowie UV-stabil.<\/p>\n<p>Bepflanzt ein Highlight in Ihrem Zuhause.<\/p>\n<p>F\u00fcr den Innen- und Au\u00dfenbereich.<\/p>\n<p>H\u00f6he: 41cm<\/p>\n<p>Durchmesser : 55cm<\/p>\n<p>Material: 95% Ton, 5% Lasur \/ matt strukturiert \/ konisch<\/p>\n<p>Artikelnummer: KL76853<\/p>\n<p>Bitte kontaktieren Sie uns f\u00fcr den Versand.<\/p>\n<p>Nachhaltig hergestellt und gehandelt.<\/p>\n<p>Der BSCI-Verhaltenskodex basiert auf international anerkannten Standards und steht f\u00fcr soziale Verantwortung entlang der gesamten Lieferkette. Unsere BSCI-zertifizierten Produkte gew\u00e4hrleisten faire Arbeitsbedingungen, den Schutz der Menschenrechte und die Einhaltung sozialer Standards.<\/p>\n","protected":false},"excerpt":{"rendered":"<h1>K\u00fcbel &#8211; sandschwarz &#8211; konisch<\/h1>\n<p>&nbsp;<\/p>\n<p>Dieser K\u00fcbel ist handgearbeitet, und durch die hochwertigen Materialien in Kombination mit Ablaufloch in der Mitte ist dieser K\u00fcbel frostsicher sowie UV-stabil.<\/p>\n<p>Bepflanzt ein Highlight in Ihrem Zuhause.<\/p>\n<p>F\u00fcr den Innen- und Au\u00dfenbereich.<\/p>\n<p>H\u00f6he: 41cm<\/p>\n<p>Durchmesser : 55cm<\/p>\n<p>Material: 95% Ton, 5% Lasur \/ matt strukturiert \/ konisch<\/p>\n<p>Artikelnummer: KL76853<\/p>\n<p>Bitte kontaktieren Sie uns f\u00fcr den Versand.<\/p>\n<p>Nachhaltig hergestellt und gehandelt.<\/p>\n<p>Der BSCI-Verhaltenskodex basiert auf international anerkannten Standards und steht f\u00fcr soziale Verantwortung entlang der gesamten Lieferkette. Unsere BSCI-zertifizierten Produkte gew\u00e4hrleisten faire Arbeitsbedingungen, den Schutz der Menschenrechte und die Einhaltung sozialer Standards.<\/p>\n<p>&nbsp;<\/p>\n<h6><strong>UNSERE KLEINODE SIND HANDWERKLICH HERGESTELLT, UND SOMIT K\u00d6NNEN DIE GELIEFERTEN ARTIKEL MINIMAL IN FARBE UND GR\u00d6SSE VARIIEREN<\/strong><\/h6>\n<h6><strong>MINIMALE ABWEICHUNGEN SIND EIN QUALIT\u00c4TSMERKMAL, UND STELLEN KEINEN MANGEL DA.<\/strong><\/h6>\n<h6><strong>\u00a0<\/strong><\/h6>\n<h6><strong>F\u00dcR R\u00dcCKFRAGEN STEHEN WIR JEDERZEIT ZUR VERF\u00dcGUNG; GERNE PERS\u00d6NLICH, ODER AUCH AM TELEFON.<\/strong><\/h6>\n","protected":false},"featured_media":938,"template":"","meta":[],"product_brand":[],"product_cat":[109,27,108,26,43,29,104,42],"product_tag":[77,37,41,75,39,40,44,45,84,52],"class_list":{"0":"post-934","1":"product","2":"type-product","3":"status-publish","4":"has-post-thumbnail","6":"product_cat-dekoration","7":"product_cat-indoor","8":"product_cat-keramik","9":"product_cat-outdoor","10":"product_cat-pflanzgefaesse","11":"product_cat-sale","12":"product_cat-sommer","13":"product_cat-steingut","14":"product_tag-bohemian","15":"product_tag-dekoration","16":"product_tag-gift","17":"product_tag-handwerkskunst","18":"product_tag-indoor","19":"product_tag-living","20":"product_tag-outdoor","21":"product_tag-pflanzgefaess","22":"product_tag-qualitaet","23":"product_tag-schoener-leben","24":"product_shipping_class-palette-spedition","26":"first","27":"instock","28":"sale","29":"taxable","30":"shipping-taxable","31":"purchasable","32":"product-type-simple"},"_links":{"self":[{"href":"https:\/\/shop.mira-fleur.de\/shop\/wp-json\/wp\/v2\/product\/934","targetHints":{"allow":["GET"]}}],"collection":[{"href":"https:\/\/shop.mira-fleur.de\/shop\/wp-json\/wp\/v2\/product"}],"about":[{"href":"https:\/\/shop.mira-fleur.de\/shop\/wp-json\/wp\/v2\/types\/product"}],"wp:featuredmedia":[{"embeddable":true,"href":"https:\/\/shop.mira-fleur.de\/shop\/wp-json\/wp\/v2\/media\/938"}],"wp:attachment":[{"href":"https:\/\/shop.mira-fleur.de\/shop\/wp-json\/wp\/v2\/media?parent=934"}],"wp:term":[{"taxonomy":"product_brand","embeddable":true,"href":"https:\/\/shop.mira-fleur.de\/shop\/wp-json\/wp\/v2\/product_brand?post=934"},{"taxonomy":"product_cat","embeddable":true,"href":"https:\/\/shop.mira-fleur.de\/shop\/wp-json\/wp\/v2\/product_cat?post=934"},{"taxonomy":"product_tag","embeddable":true,"href":"https:\/\/shop.mira-fleur.de\/shop\/wp-json\/wp\/v2\/product_tag?post=934"}],"curies":[{"name":"wp","href":"https:\/\/api.w.org\/{rel}","templated":true}]}}