{"id":922,"date":"2026-04-14T17:22:06","date_gmt":"2026-04-14T15:22:06","guid":{"rendered":"https:\/\/shop.mira-fleur.de\/shop\/?post_type=product&#038;p=922"},"modified":"2026-04-14T17:22:07","modified_gmt":"2026-04-14T15:22:07","slug":"kaktus-zementgrau-h-60-cm-modell-1","status":"publish","type":"product","link":"https:\/\/shop.mira-fleur.de\/shop\/produkt\/kaktus-zementgrau-h-60-cm-modell-1\/","title":{"rendered":"Kaktus &#8211; zementgrau &#8211; H 60 cm Modell 1"},"content":{"rendered":"<p><a href=\"https:\/\/shop.mira-fleur.de\/wp-content\/uploads\/2026\/04\/Kaktus_Stone_Gruppenbild_Laden_1.jpg\"><img fetchpriority=\"high\" decoding=\"async\" class=\"alignnone size-medium wp-image-917\" src=\"https:\/\/shop.mira-fleur.de\/wp-content\/uploads\/2026\/04\/Kaktus_Stone_Gruppenbild_Laden_1-225x300.jpg\" alt=\"\" width=\"225\" height=\"300\" srcset=\"https:\/\/shop.mira-fleur.de\/wp-content\/uploads\/2026\/04\/Kaktus_Stone_Gruppenbild_Laden_1-225x300.jpg 225w, https:\/\/shop.mira-fleur.de\/wp-content\/uploads\/2026\/04\/Kaktus_Stone_Gruppenbild_Laden_1-300x400.jpg 300w, https:\/\/shop.mira-fleur.de\/wp-content\/uploads\/2026\/04\/Kaktus_Stone_Gruppenbild_Laden_1.jpg 400w\" sizes=\"(max-width: 225px) 100vw, 225px\" \/><\/a><a href=\"https:\/\/shop.mira-fleur.de\/wp-content\/uploads\/2026\/04\/Kaktus_Stone_Gruppenbild.jpg\"><img decoding=\"async\" class=\"alignnone size-medium wp-image-916\" src=\"https:\/\/shop.mira-fleur.de\/wp-content\/uploads\/2026\/04\/Kaktus_Stone_Gruppenbild-253x300.jpg\" alt=\"\" width=\"253\" height=\"300\" srcset=\"https:\/\/shop.mira-fleur.de\/wp-content\/uploads\/2026\/04\/Kaktus_Stone_Gruppenbild-253x300.jpg 253w, https:\/\/shop.mira-fleur.de\/wp-content\/uploads\/2026\/04\/Kaktus_Stone_Gruppenbild-300x356.jpg 300w, https:\/\/shop.mira-fleur.de\/wp-content\/uploads\/2026\/04\/Kaktus_Stone_Gruppenbild.jpg 337w\" sizes=\"(max-width: 253px) 100vw, 253px\" \/><\/a><a href=\"https:\/\/shop.mira-fleur.de\/wp-content\/uploads\/2026\/04\/Kaktus_70977_400_Detailbild_1.jpg\"><img decoding=\"async\" class=\"alignnone size-medium wp-image-924\" src=\"https:\/\/shop.mira-fleur.de\/wp-content\/uploads\/2026\/04\/Kaktus_70977_400_Detailbild_1-199x300.jpg\" alt=\"\" width=\"199\" height=\"300\" srcset=\"https:\/\/shop.mira-fleur.de\/wp-content\/uploads\/2026\/04\/Kaktus_70977_400_Detailbild_1-199x300.jpg 199w, https:\/\/shop.mira-fleur.de\/wp-content\/uploads\/2026\/04\/Kaktus_70977_400_Detailbild_1.jpg 265w\" sizes=\"(max-width: 199px) 100vw, 199px\" \/><\/a> <a href=\"https:\/\/shop.mira-fleur.de\/wp-content\/uploads\/2026\/04\/Kaktus_70977_400_Detailbild_2.jpg\"><img loading=\"lazy\" decoding=\"async\" class=\"alignnone size-medium wp-image-925\" src=\"https:\/\/shop.mira-fleur.de\/wp-content\/uploads\/2026\/04\/Kaktus_70977_400_Detailbild_2-288x300.jpg\" alt=\"\" width=\"288\" height=\"300\" srcset=\"https:\/\/shop.mira-fleur.de\/wp-content\/uploads\/2026\/04\/Kaktus_70977_400_Detailbild_2-288x300.jpg 288w, https:\/\/shop.mira-fleur.de\/wp-content\/uploads\/2026\/04\/Kaktus_70977_400_Detailbild_2-300x313.jpg 300w, https:\/\/shop.mira-fleur.de\/wp-content\/uploads\/2026\/04\/Kaktus_70977_400_Detailbild_2.jpg 384w\" sizes=\"(max-width: 288px) 100vw, 288px\" \/><\/a> <a href=\"https:\/\/shop.mira-fleur.de\/wp-content\/uploads\/2026\/04\/Kaktus_70977_400_Vorschaubild_1.jpg\"><img loading=\"lazy\" decoding=\"async\" class=\"alignnone size-medium wp-image-926\" src=\"https:\/\/shop.mira-fleur.de\/wp-content\/uploads\/2026\/04\/Kaktus_70977_400_Vorschaubild_1-200x300.jpg\" alt=\"\" width=\"200\" height=\"300\" srcset=\"https:\/\/shop.mira-fleur.de\/wp-content\/uploads\/2026\/04\/Kaktus_70977_400_Vorschaubild_1-200x300.jpg 200w, https:\/\/shop.mira-fleur.de\/wp-content\/uploads\/2026\/04\/Kaktus_70977_400_Vorschaubild_1.jpg 267w\" sizes=\"(max-width: 200px) 100vw, 200px\" \/><\/a><\/p>\n<p>Kaktus &#8211; zementgrau &#8211; H 60 cm Modell 1<br \/>\nDiese handwerklichen besonderen Kakteen sind aus einem Guss, und innen hohl.<br \/>\nDamit lassen sie sich zwar leicht im Innen- und Au\u00dfenbereich dekorieren, und sind trotzdem frostsicher; so haben Sie oder die Beschenkten lange Freude mit diesem hochwertigen Artikel.<br \/>\nMaterial: Fiberglas-Steingemisch<br \/>\n(33% Polyresin, 35% Talkpulver, 30% Pulverstein, 2% Glasfaser)<br \/>\nNachhaltig hergestellt und gehandelt.<br \/>\n&#8222;Der BSCI-Verhaltenskodex basiert auf international anerkannten Standards und steht f\u00fcr soziale Verantwortung entlang der gesamten Lieferkette. Unsere BSCI-zertifizierten Produkte gew\u00e4hrleisten faire Arbeitsbedingungen, den Schutz der Menschenrechte und die Einhaltung sozialer Standards.&#8220;<\/p>\n<p>H\u00f6he: 60cm<br \/>\nBreite: 41cm<br \/>\nTiefe: 24cm<br \/>\nArtikelnummer :KL70977<br \/>\nBitte kontaktieren Sie uns f\u00fcr die Einzelheiten zu Versand.<\/p>\n","protected":false},"excerpt":{"rendered":"<p>Kaktus &#8211; zementgrau &#8211; H 60 cm Modell 1<br \/>\nDiese handwerklichen besonderen Kakteen sind aus einem Guss, und innen hohl.<br \/>\nDamit lassen sie sich zwar leicht im Innen- und Au\u00dfenbereich dekorieren, und sind trotzdem frostsicher; so haben Sie oder die Beschenkten lange Freude mit diesem hochwertigen Artikel.<br \/>\nMaterial: Fiberglas-Steingemisch<br \/>\n(33% Polyresin, 35% Talkpulver, 30% Pulverstein, 2% Glasfaser)<br \/>\nNachhaltig hergestellt und gehandelt.<br \/>\n&#8222;Der BSCI-Verhaltenskodex basiert auf international anerkannten Standards und steht f\u00fcr soziale Verantwortung entlang der gesamten Lieferkette. Unsere BSCI-zertifizierten Produkte gew\u00e4hrleisten faire Arbeitsbedingungen, den Schutz der Menschenrechte und die Einhaltung sozialer Standards.&#8220;<\/p>\n<p>H\u00f6he: 60cm<br \/>\nBreite: 41cm<br \/>\nTiefe: 24cm<br \/>\nArtikelnummer :KL70977<br \/>\nBitte kontaktieren Sie uns f\u00fcr die Einzelheiten zu Versand.<\/p>\n<p>&nbsp;<\/p>\n<h6><strong>UNSERE KLEINODE SIND HANDWERKLICH HERGESTELLT, UND SOMIT K\u00d6NNEN DIE GELIEFERTEN ARTIKEL MINIMAL IN FARBE UND GR\u00d6SSE VARIIEREN<\/strong><\/h6>\n<h6><strong>MINIMALE ABWEICHUNGEN SIND EIN QUALIT\u00c4TSMERKMAL, UND STELLEN KEINEN MANGEL DA.<\/strong><\/h6>\n<h6><strong>\u00a0<\/strong><\/h6>\n<h6><strong>F\u00dcR R\u00dcCKFRAGEN STEHEN WIR JEDERZEIT ZUR VERF\u00dcGUNG; GERNE PERS\u00d6NLICH, ODER AUCH AM TELEFON.<\/strong><\/h6>\n","protected":false},"featured_media":929,"template":"","meta":[],"product_brand":[],"product_cat":[86,109,20,110,27,26,104],"product_tag":[38,76,37,41,75,39,40,44,52],"class_list":{"0":"post-922","1":"product","2":"type-product","3":"status-publish","4":"has-post-thumbnail","6":"product_cat-accessoires","7":"product_cat-dekoration","8":"product_cat-fruehjahr","9":"product_cat-geschenke","10":"product_cat-indoor","11":"product_cat-outdoor","12":"product_cat-sommer","13":"product_tag-accessoires","14":"product_tag-boho","15":"product_tag-dekoration","16":"product_tag-gift","17":"product_tag-handwerkskunst","18":"product_tag-indoor","19":"product_tag-living","20":"product_tag-outdoor","21":"product_tag-schoener-leben","22":"product_shipping_class-palette-spedition","24":"first","25":"instock","26":"taxable","27":"shipping-taxable","28":"purchasable","29":"product-type-simple"},"_links":{"self":[{"href":"https:\/\/shop.mira-fleur.de\/shop\/wp-json\/wp\/v2\/product\/922","targetHints":{"allow":["GET"]}}],"collection":[{"href":"https:\/\/shop.mira-fleur.de\/shop\/wp-json\/wp\/v2\/product"}],"about":[{"href":"https:\/\/shop.mira-fleur.de\/shop\/wp-json\/wp\/v2\/types\/product"}],"wp:featuredmedia":[{"embeddable":true,"href":"https:\/\/shop.mira-fleur.de\/shop\/wp-json\/wp\/v2\/media\/929"}],"wp:attachment":[{"href":"https:\/\/shop.mira-fleur.de\/shop\/wp-json\/wp\/v2\/media?parent=922"}],"wp:term":[{"taxonomy":"product_brand","embeddable":true,"href":"https:\/\/shop.mira-fleur.de\/shop\/wp-json\/wp\/v2\/product_brand?post=922"},{"taxonomy":"product_cat","embeddable":true,"href":"https:\/\/shop.mira-fleur.de\/shop\/wp-json\/wp\/v2\/product_cat?post=922"},{"taxonomy":"product_tag","embeddable":true,"href":"https:\/\/shop.mira-fleur.de\/shop\/wp-json\/wp\/v2\/product_tag?post=922"}],"curies":[{"name":"wp","href":"https:\/\/api.w.org\/{rel}","templated":true}]}}