{"id":912,"date":"2026-04-14T16:20:03","date_gmt":"2026-04-14T14:20:03","guid":{"rendered":"https:\/\/shop.mira-fleur.de\/shop\/?post_type=product&#038;p=912"},"modified":"2026-04-14T16:20:03","modified_gmt":"2026-04-14T14:20:03","slug":"kaktus-zementgrau-h-136-cm","status":"publish","type":"product","link":"https:\/\/shop.mira-fleur.de\/shop\/produkt\/kaktus-zementgrau-h-136-cm\/","title":{"rendered":"Kaktus  &#8211; zementgrau &#8211; H 136 cm"},"content":{"rendered":"<p><a href=\"https:\/\/shop.mira-fleur.de\/wp-content\/uploads\/2026\/04\/Kaktus_67670_200_Detailbild_1.jpg\"><img decoding=\"async\" class=\"alignnone size-full wp-image-913\" src=\"https:\/\/shop.mira-fleur.de\/wp-content\/uploads\/2026\/04\/Kaktus_67670_200_Detailbild_1.jpg\" alt=\"\" width=\"177\" height=\"200\" \/><\/a> <a href=\"https:\/\/shop.mira-fleur.de\/wp-content\/uploads\/2026\/04\/Kaktus_67670_200_Detailbild_2.jpg\"><img decoding=\"async\" class=\"alignnone size-medium wp-image-914\" src=\"https:\/\/shop.mira-fleur.de\/wp-content\/uploads\/2026\/04\/Kaktus_67670_200_Detailbild_2.jpg\" alt=\"\" width=\"210\" height=\"200\" \/><\/a> <a href=\"https:\/\/shop.mira-fleur.de\/wp-content\/uploads\/2026\/04\/Kaktus_67670_400_Vorschaubild_1.jpg\"><img fetchpriority=\"high\" decoding=\"async\" class=\"alignnone size-medium wp-image-915\" src=\"https:\/\/shop.mira-fleur.de\/wp-content\/uploads\/2026\/04\/Kaktus_67670_400_Vorschaubild_1-198x300.jpg\" alt=\"\" width=\"198\" height=\"300\" srcset=\"https:\/\/shop.mira-fleur.de\/wp-content\/uploads\/2026\/04\/Kaktus_67670_400_Vorschaubild_1-198x300.jpg 198w, https:\/\/shop.mira-fleur.de\/wp-content\/uploads\/2026\/04\/Kaktus_67670_400_Vorschaubild_1.jpg 264w\" sizes=\"(max-width: 198px) 100vw, 198px\" \/><\/a><a href=\"https:\/\/shop.mira-fleur.de\/wp-content\/uploads\/2026\/04\/Kaktus_Stone_Gruppenbild.jpg\"><img loading=\"lazy\" decoding=\"async\" class=\"alignnone size-medium wp-image-916\" src=\"https:\/\/shop.mira-fleur.de\/wp-content\/uploads\/2026\/04\/Kaktus_Stone_Gruppenbild-253x300.jpg\" alt=\"\" width=\"253\" height=\"300\" srcset=\"https:\/\/shop.mira-fleur.de\/wp-content\/uploads\/2026\/04\/Kaktus_Stone_Gruppenbild-253x300.jpg 253w, https:\/\/shop.mira-fleur.de\/wp-content\/uploads\/2026\/04\/Kaktus_Stone_Gruppenbild-300x356.jpg 300w, https:\/\/shop.mira-fleur.de\/wp-content\/uploads\/2026\/04\/Kaktus_Stone_Gruppenbild.jpg 337w\" sizes=\"(max-width: 253px) 100vw, 253px\" \/><\/a> <a href=\"https:\/\/shop.mira-fleur.de\/wp-content\/uploads\/2026\/04\/Kaktus_Stone_Gruppenbild_Laden_1.jpg\"><img loading=\"lazy\" decoding=\"async\" class=\"alignnone size-medium wp-image-917\" src=\"https:\/\/shop.mira-fleur.de\/wp-content\/uploads\/2026\/04\/Kaktus_Stone_Gruppenbild_Laden_1-225x300.jpg\" alt=\"\" width=\"225\" height=\"300\" srcset=\"https:\/\/shop.mira-fleur.de\/wp-content\/uploads\/2026\/04\/Kaktus_Stone_Gruppenbild_Laden_1-225x300.jpg 225w, https:\/\/shop.mira-fleur.de\/wp-content\/uploads\/2026\/04\/Kaktus_Stone_Gruppenbild_Laden_1-300x400.jpg 300w, https:\/\/shop.mira-fleur.de\/wp-content\/uploads\/2026\/04\/Kaktus_Stone_Gruppenbild_Laden_1.jpg 400w\" sizes=\"(max-width: 225px) 100vw, 225px\" \/><\/a><\/p>\n<p>Kaktus &#8211; zementgrau &#8211; H 136 cm<\/p>\n<p>Diese handwerklichen besonderen Kakteen sind aus einem Guss, und innen hohl.<\/p>\n<p>Damit lassen sie sich zwar leicht im Innen- und Au\u00dfenbereich dekorieren, und sind trotzdem frostsicher; so haben Sie oder die Beschenkten lange Freude mit diesem hochwertigen Artikel.<\/p>\n<p>Material: Fiberglas-Steingemisch<\/p>\n<p>(33% Polyresin, 35% Talkpulver, 30% Pulverstein, 2% Glasfaser)<\/p>\n<p>Nachhaltig hergestellt und gehandelt.<\/p>\n<p>&#8222;Der BSCI-Verhaltenskodex basiert auf international anerkannten Standards und steht f\u00fcr soziale Verantwortung entlang der gesamten Lieferkette. Unsere BSCI-zertifizierten Produkte gew\u00e4hrleisten faire Arbeitsbedingungen, den Schutz der Menschenrechte und die Einhaltung sozialer Standards.&#8220;<\/p>\n<p>&nbsp;<\/p>\n<p>H\u00f6he: 136cm<\/p>\n<p>Breite: 93cm<\/p>\n<p>Tiefe: 50cm<\/p>\n<p>Artikelnummer :KL67670<\/p>\n<p>Bitte kontaktieren Sie uns f\u00fcr die Einzelheiten zu Versand.<\/p>\n<p>&nbsp;<\/p>\n","protected":false},"excerpt":{"rendered":"<p>Kaktus &#8211; zementgrau &#8211; H 136 cm<\/p>\n<p>Diese handwerklichen besonderen Kakteen sind aus einem Guss, und innen hohl.<\/p>\n<p>Damit lassen sie sich zwar leicht im Innen- und Au\u00dfenbereich dekorieren, und sind trotzdem frostsicher; so haben Sie oder die Beschenkten lange Freude mit diesem hochwertigen Artikel.<\/p>\n<p>Material: Fiberglas-Steingemisch<\/p>\n<p>(33% Polyresin, 35% Talkpulver, 30% Pulverstein, 2% Glasfaser)<\/p>\n<p>Nachhaltig hergestellt und gehandelt.<\/p>\n<p>&#8222;Der BSCI-Verhaltenskodex basiert auf international anerkannten Standards und steht f\u00fcr soziale Verantwortung entlang der gesamten Lieferkette. Unsere BSCI-zertifizierten Produkte gew\u00e4hrleisten faire Arbeitsbedingungen, den Schutz der Menschenrechte und die Einhaltung sozialer Standards.&#8220;<\/p>\n<p>&nbsp;<\/p>\n<p>H\u00f6he: 136cm<\/p>\n<p>Breite: 93cm<\/p>\n<p>Tiefe: 50cm<\/p>\n<p>Artikelnummer :KL67670<\/p>\n<p>Bitte kontaktieren Sie uns f\u00fcr die Einzelheiten zu Versand.<\/p>\n<p>&nbsp;<\/p>\n<h6><strong>UNSERE KLEINODE SIND HANDWERKLICH HERGESTELLT, UND SOMIT K\u00d6NNEN DIE GELIEFERTEN ARTIKEL MINIMAL IN FARBE UND GR\u00d6SSE VARIIEREN<\/strong><\/h6>\n<h6><strong>MINIMALE ABWEICHUNGEN SIND EIN QUALIT\u00c4TSMERKMAL, UND STELLEN KEINEN MANGEL DA.<\/strong><\/h6>\n<h6><strong>\u00a0<\/strong><\/h6>\n<h6><strong>F\u00dcR R\u00dcCKFRAGEN STEHEN WIR JEDERZEIT ZUR VERF\u00dcGUNG; GERNE PERS\u00d6NLICH, ODER AUCH AM TELEFON.<\/strong><\/h6>\n","protected":false},"featured_media":915,"template":"","meta":[],"product_brand":[],"product_cat":[86,109,20,27,26,104],"product_tag":[38,76,37,41,75,39,40,44,52],"class_list":{"0":"post-912","1":"product","2":"type-product","3":"status-publish","4":"has-post-thumbnail","6":"product_cat-accessoires","7":"product_cat-dekoration","8":"product_cat-fruehjahr","9":"product_cat-indoor","10":"product_cat-outdoor","11":"product_cat-sommer","12":"product_tag-accessoires","13":"product_tag-boho","14":"product_tag-dekoration","15":"product_tag-gift","16":"product_tag-handwerkskunst","17":"product_tag-indoor","18":"product_tag-living","19":"product_tag-outdoor","20":"product_tag-schoener-leben","21":"product_shipping_class-palette-spedition","23":"first","24":"instock","25":"taxable","26":"shipping-taxable","27":"purchasable","28":"product-type-simple"},"_links":{"self":[{"href":"https:\/\/shop.mira-fleur.de\/shop\/wp-json\/wp\/v2\/product\/912","targetHints":{"allow":["GET"]}}],"collection":[{"href":"https:\/\/shop.mira-fleur.de\/shop\/wp-json\/wp\/v2\/product"}],"about":[{"href":"https:\/\/shop.mira-fleur.de\/shop\/wp-json\/wp\/v2\/types\/product"}],"wp:featuredmedia":[{"embeddable":true,"href":"https:\/\/shop.mira-fleur.de\/shop\/wp-json\/wp\/v2\/media\/915"}],"wp:attachment":[{"href":"https:\/\/shop.mira-fleur.de\/shop\/wp-json\/wp\/v2\/media?parent=912"}],"wp:term":[{"taxonomy":"product_brand","embeddable":true,"href":"https:\/\/shop.mira-fleur.de\/shop\/wp-json\/wp\/v2\/product_brand?post=912"},{"taxonomy":"product_cat","embeddable":true,"href":"https:\/\/shop.mira-fleur.de\/shop\/wp-json\/wp\/v2\/product_cat?post=912"},{"taxonomy":"product_tag","embeddable":true,"href":"https:\/\/shop.mira-fleur.de\/shop\/wp-json\/wp\/v2\/product_tag?post=912"}],"curies":[{"name":"wp","href":"https:\/\/api.w.org\/{rel}","templated":true}]}}