{"id":845,"date":"2025-10-30T21:32:14","date_gmt":"2025-10-30T20:32:14","guid":{"rendered":"https:\/\/shop.mira-fleur.de\/shop\/?post_type=product&#038;p=845"},"modified":"2025-11-10T13:47:03","modified_gmt":"2025-11-10T12:47:03","slug":"teller-lobster-love","status":"publish","type":"product","link":"https:\/\/shop.mira-fleur.de\/shop\/produkt\/teller-lobster-love\/","title":{"rendered":"Teller Lobster Love"},"content":{"rendered":"<p><a href=\"https:\/\/shop.mira-fleur.de\/wp-content\/uploads\/2025\/10\/2740_blau-weiss.jpg\"><img fetchpriority=\"high\" decoding=\"async\" class=\"alignnone size-full wp-image-846\" src=\"https:\/\/shop.mira-fleur.de\/wp-content\/uploads\/2025\/10\/2740_blau-weiss.jpg\" alt=\"\" width=\"255\" height=\"300\" \/><\/a><\/p>\n<p>Erleben Sie maritimen Charme auf Ihrem Tisch mit unserem einzigartigen &#8222;Teller Lobster Love&#8220;. Der rund 27cm gro\u00dfe Teller ist ein Hingucker in jeder Tischdekoration.<\/p>\n<p>Der &#8222;Teller Lobster Love&#8220; besticht durch sein detailreiches, kunstvolles Motiv eines Hummers, das Frische und nordische Eleganz kombiniert. Dieses liebevoll gestaltete Design bringt das maritime Lebensgef\u00fchl direkt in die Esszimmer, und \u00a0das neutrale Design eignet sich f\u00fcr alle Jahreszeiten und verleiht jedem gedeckten Tisch eine besondere Note. Ob bei einem stilvollen Dinner oder einem lockeren Brunch \u2013 dieser Teller ist universell einsetzbar und wertet jede Mahlzeit optisch auf.<\/p>\n<p>Gefertigt aus hochwertiger Keramik \u00fcberzeugt der Teller nicht nur durch seine \u00c4sthetik, sondern auch durch Langlebigkeit und Robustheit.<\/p>\n<p>Die glatte, gl\u00e4nzende Oberfl\u00e4che l\u00e4sst sich einfach reinigen (denn <em>Sp\u00fclmaschinenfest<\/em>) und <em>mikrowellengeeignet<\/em>, was den Teller besonders f\u00fcr den t\u00e4glichen Gebrauch geeignet macht.<\/p>\n<p>Abmessung: \u00f827&#215;2,4cm<\/p>\n<p>Material:\u00a0KERAMIK<\/p>\n<p>Artikelnummer:Hf2716\/2740<\/p>\n","protected":false},"excerpt":{"rendered":"<p>Erleben Sie maritimen Charme auf Ihrem Tisch mit unserem einzigartigen &#8222;Teller Lobster Love&#8220;. Der rund 27cm gro\u00dfe Teller ist ein Hingucker in jeder Tischdekoration.<\/p>\n<p>Der &#8222;Teller Lobster Love&#8220; besticht durch sein detailreiches, kunstvolles Motiv eines Hummers, das Frische und nordische Eleganz kombiniert. Dieses liebevoll gestaltete Design bringt das maritime Lebensgef\u00fchl direkt in die Esszimmer, und \u00a0das neutrale Design eignet sich f\u00fcr alle Jahreszeiten und verleiht jedem gedeckten Tisch eine besondere Note. Ob bei einem stilvollen Dinner oder einem lockeren Brunch \u2013 dieser Teller ist universell einsetzbar und wertet jede Mahlzeit optisch auf.<\/p>\n<p>Gefertigt aus hochwertiger Keramik \u00fcberzeugt der Teller nicht nur durch seine \u00c4sthetik, sondern auch durch Langlebigkeit und Robustheit.<\/p>\n<p>Die glatte, gl\u00e4nzende Oberfl\u00e4che l\u00e4sst sich einfach reinigen (denn <em>Sp\u00fclmaschinenfest<\/em>) und <em>mikrowellengeeignet<\/em>, was den Teller besonders f\u00fcr den t\u00e4glichen Gebrauch geeignet macht.<\/p>\n<p>Abmessung: \u00f827&#215;2,4cm<\/p>\n<p>Material:\u00a0KERAMIK<\/p>\n<p>Artikelnummer:Hf2716\/2740<\/p>\n<p>&nbsp;<\/p>\n<h6><strong>UNSERE KLEINODE SIND HANDWERKLICH HERGESTELLT, UND SOMIT K\u00d6NNEN DIE GELIEFERTEN ARTIKEL MINIMAL IN FARBE UND GR\u00d6SSE VARIIEREN<\/strong><\/h6>\n<h6><strong>MINIMALE ABWEICHUNGEN SIND EIN QUALIT\u00c4TSMERKMAL, UND STELLEN KEINEN MANGEL DA.<\/strong><\/h6>\n<h6><strong>\u00a0<\/strong><\/h6>\n<h6><strong>F\u00dcR R\u00dcCKFRAGEN STEHEN WIR JEDERZEIT ZUR VERF\u00dcGUNG; GERNE PERS\u00d6NLICH, ODER AUCH AM TELEFON.<\/strong><\/h6>\n","protected":false},"featured_media":846,"template":"","meta":[],"product_brand":[],"product_cat":[86,109,48,108,60],"product_tag":[75,40,52,63,50],"class_list":{"0":"post-845","1":"product","2":"type-product","3":"status-publish","4":"has-post-thumbnail","6":"product_cat-accessoires","7":"product_cat-dekoration","8":"product_cat-fine-dining","9":"product_cat-keramik","10":"product_cat-teller","11":"product_tag-handwerkskunst","12":"product_tag-living","13":"product_tag-schoener-leben","14":"product_tag-speiseteller","15":"product_tag-tisckultur","16":"product_shipping_class-kleine-pakete","18":"first","19":"instock","20":"taxable","21":"shipping-taxable","22":"purchasable","23":"product-type-simple"},"_links":{"self":[{"href":"https:\/\/shop.mira-fleur.de\/shop\/wp-json\/wp\/v2\/product\/845","targetHints":{"allow":["GET"]}}],"collection":[{"href":"https:\/\/shop.mira-fleur.de\/shop\/wp-json\/wp\/v2\/product"}],"about":[{"href":"https:\/\/shop.mira-fleur.de\/shop\/wp-json\/wp\/v2\/types\/product"}],"wp:featuredmedia":[{"embeddable":true,"href":"https:\/\/shop.mira-fleur.de\/shop\/wp-json\/wp\/v2\/media\/846"}],"wp:attachment":[{"href":"https:\/\/shop.mira-fleur.de\/shop\/wp-json\/wp\/v2\/media?parent=845"}],"wp:term":[{"taxonomy":"product_brand","embeddable":true,"href":"https:\/\/shop.mira-fleur.de\/shop\/wp-json\/wp\/v2\/product_brand?post=845"},{"taxonomy":"product_cat","embeddable":true,"href":"https:\/\/shop.mira-fleur.de\/shop\/wp-json\/wp\/v2\/product_cat?post=845"},{"taxonomy":"product_tag","embeddable":true,"href":"https:\/\/shop.mira-fleur.de\/shop\/wp-json\/wp\/v2\/product_tag?post=845"}],"curies":[{"name":"wp","href":"https:\/\/api.w.org\/{rel}","templated":true}]}}