{"id":834,"date":"2025-10-15T13:27:12","date_gmt":"2025-10-15T11:27:12","guid":{"rendered":"https:\/\/shop.mira-fleur.de\/shop\/?post_type=product&#038;p=834"},"modified":"2025-10-15T13:27:14","modified_gmt":"2025-10-15T11:27:14","slug":"weihnachtsmann-wichtel-xl-diverse-farben","status":"publish","type":"product","link":"https:\/\/shop.mira-fleur.de\/shop\/produkt\/weihnachtsmann-wichtel-xl-diverse-farben\/","title":{"rendered":"Weihnachtsmann Wichtel XL diverse Farben"},"content":{"rendered":"<p><a href=\"https:\/\/shop.mira-fleur.de\/wp-content\/uploads\/2025\/10\/Weihnachtsmann_dkl-Rot_BH276183000402.jpg\"><img fetchpriority=\"high\" decoding=\"async\" class=\"alignnone size-medium wp-image-835\" src=\"https:\/\/shop.mira-fleur.de\/wp-content\/uploads\/2025\/10\/Weihnachtsmann_dkl-Rot_BH276183000402-200x300.jpg\" alt=\"\" width=\"200\" height=\"300\" srcset=\"https:\/\/shop.mira-fleur.de\/wp-content\/uploads\/2025\/10\/Weihnachtsmann_dkl-Rot_BH276183000402-200x300.jpg 200w, https:\/\/shop.mira-fleur.de\/wp-content\/uploads\/2025\/10\/Weihnachtsmann_dkl-Rot_BH276183000402-300x450.jpg 300w, https:\/\/shop.mira-fleur.de\/wp-content\/uploads\/2025\/10\/Weihnachtsmann_dkl-Rot_BH276183000402.jpg 533w\" sizes=\"(max-width: 200px) 100vw, 200px\" \/><\/a><\/p>\n<p>Der charmante Weihnachtswichtel &#8222;Snorre&#8220; ist die perfekte Erg\u00e4nzung f\u00fcr jede festliche Dekoration und zieht mit seinen leuchtenden Farben alle Blicke auf sich.<\/p>\n<p>Die roten Farben symbolisieren die W\u00e4rme und Freude, die wir mit der Weihnachtszeit verbinden.<\/p>\n<p>Mit einer stattlichen Gr\u00f6\u00dfe von ca. 57 cm ist dieser Wichtel ein beeindruckendes Dekorationsst\u00fcck; hergestellt aus hochwertigem Kunststoff, kombiniert &#8222;Snorre&#8220; langlebige Qualit\u00e4t mit einem festlichen Design.<\/p>\n<p><strong>Dank des robusten Materials ist &#8222;Snorre&#8220; nicht nur f\u00fcr die Innenr\u00e4ume geeignet, sondern kann bei milden Wetterbedingungen ebenso im Freien dekoriert werden.<\/strong><\/p>\n<p>Gr\u00f6\u00dfe: ca. 57cm hoch \/ 29cm breit \/ 18cm tief<\/p>\n<p>Farben: dunkelrot \/ hellrot \/ anthrazit<\/p>\n<p><strong><em>Zu Lieferzeiten und Farben bitte vorher anfragen.<\/em><\/strong><\/p>\n<p>Aufgrund der Gr\u00f6\u00dfe idealerweise Abholung im Gesch\u00e4ft, oder Lieferung durch uns im PLZ.<\/p>\n","protected":false},"excerpt":{"rendered":"<p>Der charmante Weihnachtswichtel &#8222;Snorre&#8220; ist die perfekte Erg\u00e4nzung f\u00fcr jede festliche Dekoration und zieht mit seinen leuchtenden Farben alle Blicke auf sich.<\/p>\n<p>Die roten Farben symbolisieren die W\u00e4rme und Freude, die wir mit der Weihnachtszeit verbinden.<\/p>\n<p>Mit einer stattlichen Gr\u00f6\u00dfe von ca. 57 cm ist dieser Wichtel ein beeindruckendes Dekorationsst\u00fcck; hergestellt aus hochwertigem Kunststoff, kombiniert &#8222;Snorre&#8220; langlebige Qualit\u00e4t mit einem festlichen Design.<\/p>\n<p><strong>Dank des robusten Materials ist &#8222;Snorre&#8220; nicht nur f\u00fcr die Innenr\u00e4ume geeignet, sondern kann bei milden Wetterbedingungen ebenso im Freien dekoriert werden.<\/strong><\/p>\n<p>Gr\u00f6\u00dfe: ca. 57cm hoch \/ 29cm breit \/ 18cm tief<\/p>\n<p>Farben: dunkelrot \/ hellrot \/ anthrazit<\/p>\n<p><strong><em>Zu Lieferzeiten und Farben bitte vorher anfragen.<\/em><\/strong><\/p>\n<p>Aufgrund der Gr\u00f6\u00dfe idealerweise Abholung im Gesch\u00e4ft, oder Lieferung durch uns im PLZ.<\/p>\n<p>&nbsp;<\/p>\n<h6><strong>UNSERE K<\/strong><strong>LEINODE SIND HANDWERKLICH HERGESTELLT,<\/strong><strong>\u00a0<\/strong><strong>\u00a0UND SOMIT K\u00d6NNEN DIE GELIEFERTEN ARTIKEL MINIMAL IN FARBE UND GR\u00d6SSE VARIIEREN<\/strong><\/h6>\n<h6><strong>MINIMALE ABWEICHUNGEN SIND EIN QUALIT\u00c4TSMERKMAL, UND STELLEN KEINEN MANGEL DA.<\/strong><\/h6>\n<h6><strong>\u00a0<\/strong><\/h6>\n<h6><strong>F\u00dcR R\u00dcCKFRAGEN STEHEN WIR JEDERZEIT ZUR VERF\u00dcGUNG; GERNE PERS\u00d6NLICH, ODER AUCH AM TELEFON.<\/strong><\/h6>\n","protected":false},"featured_media":836,"template":"","meta":[],"product_brand":[],"product_cat":[79,109,80],"product_tag":[82,37,52,83],"class_list":{"0":"post-834","1":"product","2":"type-product","3":"status-publish","4":"has-post-thumbnail","6":"product_cat-advent","7":"product_cat-dekoration","8":"product_cat-weihnachten","9":"product_tag-advent","10":"product_tag-dekoration","11":"product_tag-schoener-leben","12":"product_tag-weinacht","13":"product_shipping_class-groessere-pakete","15":"first","16":"onbackorder","17":"taxable","18":"shipping-taxable","19":"purchasable","20":"product-type-simple"},"_links":{"self":[{"href":"https:\/\/shop.mira-fleur.de\/shop\/wp-json\/wp\/v2\/product\/834","targetHints":{"allow":["GET"]}}],"collection":[{"href":"https:\/\/shop.mira-fleur.de\/shop\/wp-json\/wp\/v2\/product"}],"about":[{"href":"https:\/\/shop.mira-fleur.de\/shop\/wp-json\/wp\/v2\/types\/product"}],"wp:featuredmedia":[{"embeddable":true,"href":"https:\/\/shop.mira-fleur.de\/shop\/wp-json\/wp\/v2\/media\/836"}],"wp:attachment":[{"href":"https:\/\/shop.mira-fleur.de\/shop\/wp-json\/wp\/v2\/media?parent=834"}],"wp:term":[{"taxonomy":"product_brand","embeddable":true,"href":"https:\/\/shop.mira-fleur.de\/shop\/wp-json\/wp\/v2\/product_brand?post=834"},{"taxonomy":"product_cat","embeddable":true,"href":"https:\/\/shop.mira-fleur.de\/shop\/wp-json\/wp\/v2\/product_cat?post=834"},{"taxonomy":"product_tag","embeddable":true,"href":"https:\/\/shop.mira-fleur.de\/shop\/wp-json\/wp\/v2\/product_tag?post=834"}],"curies":[{"name":"wp","href":"https:\/\/api.w.org\/{rel}","templated":true}]}}