{"id":829,"date":"2025-10-15T12:54:22","date_gmt":"2025-10-15T10:54:22","guid":{"rendered":"https:\/\/shop.mira-fleur.de\/shop\/?post_type=product&#038;p=829"},"modified":"2025-10-15T12:56:43","modified_gmt":"2025-10-15T10:56:43","slug":"kerze-nikolaus-rot","status":"publish","type":"product","link":"https:\/\/shop.mira-fleur.de\/shop\/produkt\/kerze-nikolaus-rot\/","title":{"rendered":"Kerze Nikolaus Rot"},"content":{"rendered":"<p><a href=\"https:\/\/shop.mira-fleur.de\/wp-content\/uploads\/2025\/10\/Nikolaus-kerze-zinnober-rot_1.jpg\"><img fetchpriority=\"high\" decoding=\"async\" class=\"alignnone size-medium wp-image-830\" src=\"https:\/\/shop.mira-fleur.de\/wp-content\/uploads\/2025\/10\/Nikolaus-kerze-zinnober-rot_1-225x300.jpg\" alt=\"\" width=\"225\" height=\"300\" srcset=\"https:\/\/shop.mira-fleur.de\/wp-content\/uploads\/2025\/10\/Nikolaus-kerze-zinnober-rot_1-225x300.jpg 225w, https:\/\/shop.mira-fleur.de\/wp-content\/uploads\/2025\/10\/Nikolaus-kerze-zinnober-rot_1.jpg 300w\" sizes=\"(max-width: 225px) 100vw, 225px\" \/><\/a><\/p>\n<p>Kerze Nikolaus Glanzlack<br \/>\nDieser Nikolaus bringt Licht in Ihr Zuhause<br \/>\nH\u00f6he: ca. 20cm<br \/>\nFarbe: Zinnober-Rot<br \/>\nArtikel Nr: KL21575<\/p>\n","protected":false},"excerpt":{"rendered":"<p>Kerze Nikolaus Glanzlack<br \/>\nDieser Nikolaus bringt Licht in Ihr Zuhause<br \/>\nH\u00f6he: ca. 20cm<br \/>\nFarbe: Zinnober-Rot<br \/>\nArtikel Nr: KL21575<\/p>\n<p>&nbsp;<\/p>\n<h6><strong>UNSERE KLEINODE SIND HANDWERKLICH HERGESTELLT, UND SOMIT K\u00d6NNEN DIE GELIEFERTEN ARTIKEL MINIMAL IN FARBE UND GR\u00d6SSE VARIIEREN<\/strong><\/h6>\n<h6><strong>MINIMALE ABWEICHUNGEN SIND EIN QUALIT\u00c4TSMERKMAL, UND STELLEN KEINEN MANGEL DA.<\/strong><\/h6>\n<h6><strong>\u00a0<\/strong><\/h6>\n<h6><strong>F\u00dcR R\u00dcCKFRAGEN STEHEN WIR JEDERZEIT ZUR VERF\u00dcGUNG; GERNE PERS\u00d6NLICH, ODER AUCH AM TELEFON.<\/strong><\/h6>\n","protected":false},"featured_media":830,"template":"","meta":[],"product_brand":[],"product_cat":[86,79,27,69,80],"product_tag":[38,37,39,71,40,83],"class_list":{"0":"post-829","1":"product","2":"type-product","3":"status-publish","4":"has-post-thumbnail","6":"product_cat-accessoires","7":"product_cat-advent","8":"product_cat-indoor","9":"product_cat-kerzen","10":"product_cat-weihnachten","11":"product_tag-accessoires","12":"product_tag-dekoration","13":"product_tag-indoor","14":"product_tag-kerzen","15":"product_tag-living","16":"product_tag-weinacht","17":"product_shipping_class-mittlere-pakete","19":"first","20":"instock","21":"taxable","22":"shipping-taxable","23":"purchasable","24":"product-type-simple"},"_links":{"self":[{"href":"https:\/\/shop.mira-fleur.de\/shop\/wp-json\/wp\/v2\/product\/829","targetHints":{"allow":["GET"]}}],"collection":[{"href":"https:\/\/shop.mira-fleur.de\/shop\/wp-json\/wp\/v2\/product"}],"about":[{"href":"https:\/\/shop.mira-fleur.de\/shop\/wp-json\/wp\/v2\/types\/product"}],"wp:featuredmedia":[{"embeddable":true,"href":"https:\/\/shop.mira-fleur.de\/shop\/wp-json\/wp\/v2\/media\/830"}],"wp:attachment":[{"href":"https:\/\/shop.mira-fleur.de\/shop\/wp-json\/wp\/v2\/media?parent=829"}],"wp:term":[{"taxonomy":"product_brand","embeddable":true,"href":"https:\/\/shop.mira-fleur.de\/shop\/wp-json\/wp\/v2\/product_brand?post=829"},{"taxonomy":"product_cat","embeddable":true,"href":"https:\/\/shop.mira-fleur.de\/shop\/wp-json\/wp\/v2\/product_cat?post=829"},{"taxonomy":"product_tag","embeddable":true,"href":"https:\/\/shop.mira-fleur.de\/shop\/wp-json\/wp\/v2\/product_tag?post=829"}],"curies":[{"name":"wp","href":"https:\/\/api.w.org\/{rel}","templated":true}]}}