{"id":824,"date":"2025-10-15T12:39:03","date_gmt":"2025-10-15T10:39:03","guid":{"rendered":"https:\/\/shop.mira-fleur.de\/shop\/?post_type=product&#038;p=824"},"modified":"2025-10-15T12:39:04","modified_gmt":"2025-10-15T10:39:04","slug":"kerze-nikolaus-pink","status":"publish","type":"product","link":"https:\/\/shop.mira-fleur.de\/shop\/produkt\/kerze-nikolaus-pink\/","title":{"rendered":"Kerze Nikolaus Pink"},"content":{"rendered":"<p><a href=\"https:\/\/shop.mira-fleur.de\/wp-content\/uploads\/2025\/10\/Nikolaus-kerze-pink_1.jpg\"><img fetchpriority=\"high\" decoding=\"async\" class=\"alignnone size-medium wp-image-825\" src=\"https:\/\/shop.mira-fleur.de\/wp-content\/uploads\/2025\/10\/Nikolaus-kerze-pink_1-225x300.jpg\" alt=\"\" width=\"225\" height=\"300\" srcset=\"https:\/\/shop.mira-fleur.de\/wp-content\/uploads\/2025\/10\/Nikolaus-kerze-pink_1-225x300.jpg 225w, https:\/\/shop.mira-fleur.de\/wp-content\/uploads\/2025\/10\/Nikolaus-kerze-pink_1-300x400.jpg 300w, https:\/\/shop.mira-fleur.de\/wp-content\/uploads\/2025\/10\/Nikolaus-kerze-pink_1.jpg 600w\" sizes=\"(max-width: 225px) 100vw, 225px\" \/><\/a><\/p>\n<p>Kerze Nikolaus Glanzlack<br \/>\nDieser Nikolaus bringt Licht in Ihr Zuhause<br \/>\nH\u00f6he: ca. 20cm<br \/>\nFarbe: PINK<br \/>\nArtikel Nr: KL93073<\/p>\n<p>&nbsp;<\/p>\n","protected":false},"excerpt":{"rendered":"<p>Kerze Nikolaus Glanzlack<br \/>\nDieser Nikolaus bringt Licht in Ihr Zuhause<br \/>\nH\u00f6he: ca. 20cm<br \/>\nFarbe: PINK<br \/>\nArtikel Nr: KL93073<\/p>\n<p>&nbsp;<\/p>\n<h6><strong>UNSERE KLEINODE SIND HANDWERKLICH HERGESTELLT, UND SOMIT K\u00d6NNEN DIE GELIEFERTEN ARTIKEL MINIMAL IN FARBE UND GR\u00d6SSE VARIIEREN<\/strong><\/h6>\n<h6><strong>MINIMALE ABWEICHUNGEN SIND EIN QUALIT\u00c4TSMERKMAL, UND STELLEN KEINEN MANGEL DA.<\/strong><\/h6>\n<h6><strong>\u00a0<\/strong><\/h6>\n<h6><strong>F\u00dcR R\u00dcCKFRAGEN STEHEN WIR JEDERZEIT ZUR VERF\u00dcGUNG; GERNE PERS\u00d6NLICH, ODER AUCH AM TELEFON.<\/strong><\/h6>\n","protected":false},"featured_media":825,"template":"","meta":[],"product_brand":[],"product_cat":[86,79,27,69,80],"product_tag":[38,81,37,39,71,40,83],"class_list":{"0":"post-824","1":"product","2":"type-product","3":"status-publish","4":"has-post-thumbnail","6":"product_cat-accessoires","7":"product_cat-advent","8":"product_cat-indoor","9":"product_cat-kerzen","10":"product_cat-weihnachten","11":"product_tag-accessoires","12":"product_tag-candle","13":"product_tag-dekoration","14":"product_tag-indoor","15":"product_tag-kerzen","16":"product_tag-living","17":"product_tag-weinacht","18":"product_shipping_class-mittlere-pakete","20":"first","21":"instock","22":"taxable","23":"shipping-taxable","24":"purchasable","25":"product-type-simple"},"_links":{"self":[{"href":"https:\/\/shop.mira-fleur.de\/shop\/wp-json\/wp\/v2\/product\/824","targetHints":{"allow":["GET"]}}],"collection":[{"href":"https:\/\/shop.mira-fleur.de\/shop\/wp-json\/wp\/v2\/product"}],"about":[{"href":"https:\/\/shop.mira-fleur.de\/shop\/wp-json\/wp\/v2\/types\/product"}],"wp:featuredmedia":[{"embeddable":true,"href":"https:\/\/shop.mira-fleur.de\/shop\/wp-json\/wp\/v2\/media\/825"}],"wp:attachment":[{"href":"https:\/\/shop.mira-fleur.de\/shop\/wp-json\/wp\/v2\/media?parent=824"}],"wp:term":[{"taxonomy":"product_brand","embeddable":true,"href":"https:\/\/shop.mira-fleur.de\/shop\/wp-json\/wp\/v2\/product_brand?post=824"},{"taxonomy":"product_cat","embeddable":true,"href":"https:\/\/shop.mira-fleur.de\/shop\/wp-json\/wp\/v2\/product_cat?post=824"},{"taxonomy":"product_tag","embeddable":true,"href":"https:\/\/shop.mira-fleur.de\/shop\/wp-json\/wp\/v2\/product_tag?post=824"}],"curies":[{"name":"wp","href":"https:\/\/api.w.org\/{rel}","templated":true}]}}