{"id":813,"date":"2025-10-01T16:56:27","date_gmt":"2025-10-01T14:56:27","guid":{"rendered":"https:\/\/shop.mira-fleur.de\/shop\/?post_type=product&#038;p=813"},"modified":"2025-10-01T16:56:28","modified_gmt":"2025-10-01T14:56:28","slug":"fisch-vase-blau","status":"publish","type":"product","link":"https:\/\/shop.mira-fleur.de\/shop\/produkt\/fisch-vase-blau\/","title":{"rendered":"Fisch Vase Blau"},"content":{"rendered":"<p><a href=\"https:\/\/shop.mira-fleur.de\/wp-content\/uploads\/2025\/10\/Fisch_Blau_gross_9094_1_1.jpg\"><img fetchpriority=\"high\" decoding=\"async\" class=\"alignnone size-medium wp-image-815\" src=\"https:\/\/shop.mira-fleur.de\/wp-content\/uploads\/2025\/10\/Fisch_Blau_gross_9094_1_1-221x300.jpg\" alt=\"\" width=\"221\" height=\"300\" srcset=\"https:\/\/shop.mira-fleur.de\/wp-content\/uploads\/2025\/10\/Fisch_Blau_gross_9094_1_1-221x300.jpg 221w, https:\/\/shop.mira-fleur.de\/wp-content\/uploads\/2025\/10\/Fisch_Blau_gross_9094_1_1-300x407.jpg 300w, https:\/\/shop.mira-fleur.de\/wp-content\/uploads\/2025\/10\/Fisch_Blau_gross_9094_1_1.jpg 589w\" sizes=\"(max-width: 221px) 100vw, 221px\" \/><\/a><\/p>\n<p>Entdecken Sie die Vase &#8222;Lucky Fish&#8220; \u2013 ein wahrer Blickfang f\u00fcr jede Wohn- und Lifestyle-Einrichtung.<\/p>\n<p>Diese exquisite Keramikvase verbindet kunstvolles Design und Funktionalit\u00e4t in einem harmonischen Ensemble. Mit ihrem charmanten Fischmotiv in einem beruhigenden Blau ist die Vase nicht nur ein dekoratives Highlight, sondern auch ein Symbol f\u00fcr Gl\u00fcck und Positivit\u00e4t \u2013 ideal geeignet f\u00fcr die Fr\u00fchjahr\/Sommer-Saison.<\/p>\n<p>Die Vase &#8222;Lucky Fish&#8220; beeindruckt durch ihre stattliche Gr\u00f6\u00dfe von ca. 44,5 cm, die sie zur perfekten Wahl f\u00fcr eindrucksvolle Blumenarrangements macht. Sie f\u00fcgt sich nahtlos in jeden Raum ein, sei es im Wohnzimmer, im Eingangsbereich oder im Gesch\u00e4ftsr\u00e4umlichkeiten . Ihr einzigartiges Design sorgt daf\u00fcr, dass sie sowohl als Solit\u00e4r als auch in Kombination mit anderen Dekorationselementen immer eine gute Figur macht.<\/p>\n<p>Gefertigt aus hochwertiger Keramik, bietet die Vase nicht nur ein ansprechendes Erscheinungsbild, sondern auch Langlebigkeit und Stabilit\u00e4t. Die sorgf\u00e4ltig gearbeiteten Details des Fischmotivs zeugen von handwerklicher Pr\u00e4zision und Leidenschaft f\u00fcr stilvolle Wohnaccessoires. Das tiefe Blau der Vase harmoniert hervorragend mit einer Vielzahl von Farbpaletten und verleiht jedem Raum eine erfrischende, maritime Note.<\/p>\n<p>Keramik \/ Handarbeit<\/p>\n<p>H\u00f6he: ca. 44,5cm<\/p>\n<p>Breite: ca. 35cm<\/p>\n<p>Tiefe: ca. 30cm<\/p>\n<p>Artikelnummer: Hf9094<\/p>\n","protected":false},"excerpt":{"rendered":"<p>Entdecken Sie die Vase &#8222;Lucky Fish&#8220; \u2013 ein wahrer Blickfang f\u00fcr jede Wohn- und Lifestyle-Einrichtung.<\/p>\n<p>Diese exquisite Keramikvase verbindet kunstvolles Design und Funktionalit\u00e4t in einem harmonischen Ensemble. Mit ihrem charmanten Fischmotiv in einem beruhigenden Blau ist die Vase nicht nur ein dekoratives Highlight, sondern auch ein Symbol f\u00fcr Gl\u00fcck und Positivit\u00e4t \u2013 ideal geeignet f\u00fcr die Fr\u00fchjahr\/Sommer-Saison.<\/p>\n<p>Die Vase &#8222;Lucky Fish&#8220; beeindruckt durch ihre stattliche Gr\u00f6\u00dfe von ca. 44,5 cm, die sie zur perfekten Wahl f\u00fcr eindrucksvolle Blumenarrangements macht. Sie f\u00fcgt sich nahtlos in jeden Raum ein, sei es im Wohnzimmer, im Eingangsbereich oder im Gesch\u00e4ftsr\u00e4umlichkeiten . Ihr einzigartiges Design sorgt daf\u00fcr, dass sie sowohl als Solit\u00e4r als auch in Kombination mit anderen Dekorationselementen immer eine gute Figur macht.<\/p>\n<p>Gefertigt aus hochwertiger Keramik, bietet die Vase nicht nur ein ansprechendes Erscheinungsbild, sondern auch Langlebigkeit und Stabilit\u00e4t. Die sorgf\u00e4ltig gearbeiteten Details des Fischmotivs zeugen von handwerklicher Pr\u00e4zision und Leidenschaft f\u00fcr stilvolle Wohnaccessoires. Das tiefe Blau der Vase harmoniert hervorragend mit einer Vielzahl von Farbpaletten und verleiht jedem Raum eine erfrischende, maritime Note.<\/p>\n<p>Keramik \/ Handarbeit<\/p>\n<p>H\u00f6he: ca. 44,5cm<\/p>\n<p>Breite: ca. 35cm<\/p>\n<p>Tiefe: ca. 30cm<\/p>\n<p>Artikelnummer: Hf9094<\/p>\n<p>&nbsp;<\/p>\n<h6><strong>UNSERE KLEINODE SIND HANDWERKLICH HERGESTELLT, UND SOMIT K\u00d6NNEN DIE GELIEFERTEN ARTIKEL MINIMAL IN FARBE UND GR\u00d6SSE VARIIEREN<\/strong><\/h6>\n<h6><strong>MINIMALE ABWEICHUNGEN SIND EIN QUALIT\u00c4TSMERKMAL, UND STELLEN KEINEN MANGEL DA.<\/strong><\/h6>\n<h6><strong>\u00a0<\/strong><\/h6>\n<h6><strong>F\u00dcR R\u00dcCKFRAGEN STEHEN WIR JEDERZEIT ZUR VERF\u00dcGUNG; GERNE PERS\u00d6NLICH, ODER AUCH AM TELEFON.<\/strong><\/h6>\n","protected":false},"featured_media":814,"template":"","meta":[],"product_brand":[],"product_cat":[86,109,108,70],"product_tag":[38,36,37,78,41,75,40,52,35],"class_list":{"0":"post-813","1":"product","2":"type-product","3":"status-publish","4":"has-post-thumbnail","6":"product_cat-accessoires","7":"product_cat-dekoration","8":"product_cat-keramik","9":"product_cat-vasen","10":"product_tag-accessoires","11":"product_tag-blumen","12":"product_tag-dekoration","13":"product_tag-ethnostyle","14":"product_tag-gift","15":"product_tag-handwerkskunst","16":"product_tag-living","17":"product_tag-schoener-leben","18":"product_tag-vase","19":"product_shipping_class-groessere-pakete","21":"first","22":"instock","23":"taxable","24":"shipping-taxable","25":"purchasable","26":"product-type-simple"},"_links":{"self":[{"href":"https:\/\/shop.mira-fleur.de\/shop\/wp-json\/wp\/v2\/product\/813","targetHints":{"allow":["GET"]}}],"collection":[{"href":"https:\/\/shop.mira-fleur.de\/shop\/wp-json\/wp\/v2\/product"}],"about":[{"href":"https:\/\/shop.mira-fleur.de\/shop\/wp-json\/wp\/v2\/types\/product"}],"wp:featuredmedia":[{"embeddable":true,"href":"https:\/\/shop.mira-fleur.de\/shop\/wp-json\/wp\/v2\/media\/814"}],"wp:attachment":[{"href":"https:\/\/shop.mira-fleur.de\/shop\/wp-json\/wp\/v2\/media?parent=813"}],"wp:term":[{"taxonomy":"product_brand","embeddable":true,"href":"https:\/\/shop.mira-fleur.de\/shop\/wp-json\/wp\/v2\/product_brand?post=813"},{"taxonomy":"product_cat","embeddable":true,"href":"https:\/\/shop.mira-fleur.de\/shop\/wp-json\/wp\/v2\/product_cat?post=813"},{"taxonomy":"product_tag","embeddable":true,"href":"https:\/\/shop.mira-fleur.de\/shop\/wp-json\/wp\/v2\/product_tag?post=813"}],"curies":[{"name":"wp","href":"https:\/\/api.w.org\/{rel}","templated":true}]}}