{"id":794,"date":"2025-08-28T17:15:59","date_gmt":"2025-08-28T15:15:59","guid":{"rendered":"https:\/\/shop.mira-fleur.de\/shop\/?post_type=product&#038;p=794"},"modified":"2025-08-28T17:16:00","modified_gmt":"2025-08-28T15:16:00","slug":"fisch-vase-orange-neon-xs","status":"publish","type":"product","link":"https:\/\/shop.mira-fleur.de\/shop\/produkt\/fisch-vase-orange-neon-xs\/","title":{"rendered":"Fisch Vase ORANGE Neon XS"},"content":{"rendered":"<p><a href=\"https:\/\/shop.mira-fleur.de\/wp-content\/uploads\/2025\/08\/Fisch_Vase_orange_XS.jpg\"><img fetchpriority=\"high\" decoding=\"async\" class=\"alignnone size-medium wp-image-781\" src=\"https:\/\/shop.mira-fleur.de\/wp-content\/uploads\/2025\/08\/Fisch_Vase_orange_XS-300x300.jpg\" alt=\"\" width=\"300\" height=\"300\" srcset=\"https:\/\/shop.mira-fleur.de\/wp-content\/uploads\/2025\/08\/Fisch_Vase_orange_XS-300x300.jpg 300w, https:\/\/shop.mira-fleur.de\/wp-content\/uploads\/2025\/08\/Fisch_Vase_orange_XS-150x150.jpg 150w, https:\/\/shop.mira-fleur.de\/wp-content\/uploads\/2025\/08\/Fisch_Vase_orange_XS-768x768.jpg 768w, https:\/\/shop.mira-fleur.de\/wp-content\/uploads\/2025\/08\/Fisch_Vase_orange_XS-600x600.jpg 600w, https:\/\/shop.mira-fleur.de\/wp-content\/uploads\/2025\/08\/Fisch_Vase_orange_XS-100x100.jpg 100w, https:\/\/shop.mira-fleur.de\/wp-content\/uploads\/2025\/08\/Fisch_Vase_orange_XS.jpg 800w\" sizes=\"(max-width: 300px) 100vw, 300px\" \/><\/a><\/p>\n<p>Fisch als Vase in Neon Orange &#8222;Mamsell Koi&#8220; XS<\/p>\n<p>Steingut, handbemalt<\/p>\n<p>Gr\u00f6\u00dfe: 12,8cm Hoch 15,5cm Breit 7cm Tief<\/p>\n<p>Artikelnummer: GC1214302085<\/p>\n","protected":false},"excerpt":{"rendered":"<p>Fisch als Vase in Neon Orange &#8222;Mamsell Koi&#8220; XS<\/p>\n<p>Steingut, handbemalt<\/p>\n<p>Gr\u00f6\u00dfe: 12,8cm Hoch 15,5cm Breit 7cm Tief<\/p>\n<p>Artikelnummer: GC1214302085<\/p>\n<p>&nbsp;<\/p>\n<h6><strong>UNSERE KLEINODE SIND HANDWERKLICH HERGESTELLT, UND SOMIT K\u00d6NNEN DIE GELIEFERTEN ARTIKEL MINIMAL IN FARBE UND GR\u00d6SSE VARIIEREN<\/strong><\/h6>\n<h6><strong>MINIMALE ABWEICHUNGEN SIND EIN QUALIT\u00c4TSMERKMAL, UND STELLEN KEINEN MANGEL DA.<\/strong><\/h6>\n<h6><strong>\u00a0<\/strong><\/h6>\n<h6><strong>F\u00dcR R\u00dcCKFRAGEN STEHEN WIR JEDERZEIT ZUR VERF\u00dcGUNG; GERNE PERS\u00d6NLICH, ODER AUCH AM TELEFON.<\/strong><\/h6>\n","protected":false},"featured_media":781,"template":"","meta":[],"product_brand":[],"product_cat":[86,109,110,27,104,42,70],"product_tag":[38,36,37,41,75,39,40,44,52,35],"class_list":{"0":"post-794","1":"product","2":"type-product","3":"status-publish","4":"has-post-thumbnail","6":"product_cat-accessoires","7":"product_cat-dekoration","8":"product_cat-geschenke","9":"product_cat-indoor","10":"product_cat-sommer","11":"product_cat-steingut","12":"product_cat-vasen","13":"product_tag-accessoires","14":"product_tag-blumen","15":"product_tag-dekoration","16":"product_tag-gift","17":"product_tag-handwerkskunst","18":"product_tag-indoor","19":"product_tag-living","20":"product_tag-outdoor","21":"product_tag-schoener-leben","22":"product_tag-vase","23":"product_shipping_class-kleine-pakete","25":"first","26":"instock","27":"taxable","28":"shipping-taxable","29":"purchasable","30":"product-type-simple"},"_links":{"self":[{"href":"https:\/\/shop.mira-fleur.de\/shop\/wp-json\/wp\/v2\/product\/794","targetHints":{"allow":["GET"]}}],"collection":[{"href":"https:\/\/shop.mira-fleur.de\/shop\/wp-json\/wp\/v2\/product"}],"about":[{"href":"https:\/\/shop.mira-fleur.de\/shop\/wp-json\/wp\/v2\/types\/product"}],"wp:featuredmedia":[{"embeddable":true,"href":"https:\/\/shop.mira-fleur.de\/shop\/wp-json\/wp\/v2\/media\/781"}],"wp:attachment":[{"href":"https:\/\/shop.mira-fleur.de\/shop\/wp-json\/wp\/v2\/media?parent=794"}],"wp:term":[{"taxonomy":"product_brand","embeddable":true,"href":"https:\/\/shop.mira-fleur.de\/shop\/wp-json\/wp\/v2\/product_brand?post=794"},{"taxonomy":"product_cat","embeddable":true,"href":"https:\/\/shop.mira-fleur.de\/shop\/wp-json\/wp\/v2\/product_cat?post=794"},{"taxonomy":"product_tag","embeddable":true,"href":"https:\/\/shop.mira-fleur.de\/shop\/wp-json\/wp\/v2\/product_tag?post=794"}],"curies":[{"name":"wp","href":"https:\/\/api.w.org\/{rel}","templated":true}]}}