{"id":771,"date":"2025-08-28T15:29:27","date_gmt":"2025-08-28T13:29:27","guid":{"rendered":"https:\/\/shop.mira-fleur.de\/shop\/?post_type=product&#038;p=771"},"modified":"2025-08-28T16:02:34","modified_gmt":"2025-08-28T14:02:34","slug":"fussmatte-rosa-hello-there","status":"publish","type":"product","link":"https:\/\/shop.mira-fleur.de\/shop\/produkt\/fussmatte-rosa-hello-there\/","title":{"rendered":"Fu\u00dfmatte Rosa &#8222;HELLO THERE&#8220;"},"content":{"rendered":"<p><a href=\"https:\/\/shop.mira-fleur.de\/wp-content\/uploads\/2025\/08\/Fussmatte_Hello.jpg\"><img fetchpriority=\"high\" decoding=\"async\" class=\"alignnone size-medium wp-image-772\" src=\"https:\/\/shop.mira-fleur.de\/wp-content\/uploads\/2025\/08\/Fussmatte_Hello-300x200.jpg\" alt=\"\" width=\"300\" height=\"200\" srcset=\"https:\/\/shop.mira-fleur.de\/wp-content\/uploads\/2025\/08\/Fussmatte_Hello-300x200.jpg 300w, https:\/\/shop.mira-fleur.de\/wp-content\/uploads\/2025\/08\/Fussmatte_Hello-768x512.jpg 768w, https:\/\/shop.mira-fleur.de\/wp-content\/uploads\/2025\/08\/Fussmatte_Hello-600x400.jpg 600w, https:\/\/shop.mira-fleur.de\/wp-content\/uploads\/2025\/08\/Fussmatte_Hello.jpg 800w\" sizes=\"(max-width: 300px) 100vw, 300px\" \/><\/a><\/p>\n<p>Fu\u00dfmatte in Rosa mit Goldglitzer Schrift<\/p>\n<p>Diese au\u00dfergew\u00f6hnliche Fu\u00dfmatte ist das Highlight vor jeder Haust\u00fcr<\/p>\n<p>Gr\u00f6\u00dfe: 75cm Breit, 45cm Lang, 1,5cm Hoch<\/p>\n<p>60% Kokos, 40% PVC (Vinyl-R\u00fccken gegen verrutschen auf glattem Untergrund)<\/p>\n<p>Artikelnummer: GC1235301012<\/p>\n","protected":false},"excerpt":{"rendered":"<p>Fu\u00dfmatte in Rosa mit Goldglitzer Schrift<\/p>\n<p>Diese au\u00dfergew\u00f6hnliche Fu\u00dfmatte ist das Highlight vor jeder Haust\u00fcr<\/p>\n<p>Gr\u00f6\u00dfe: 75cm Breit, 45cm Lang, 1,5cm Hoch<\/p>\n<p>60% Kokos, 40% PVC (Vinyl-R\u00fccken gegen verrutschen auf glattem Untergrund)<\/p>\n<p>Artikelnummer: GC1235301012<\/p>\n<p>&nbsp;<\/p>\n<h6><strong>UNSERE KLEINODE SIND HANDWERKLICH HERGESTELLT, UND SOMIT K\u00d6NNEN DIE GELIEFERTEN ARTIKEL MINIMAL IN FARBE UND GR\u00d6SSE VARIIEREN<\/strong><\/h6>\n<h6><strong>MINIMALE ABWEICHUNGEN SIND EIN QUALIT\u00c4TSMERKMAL, UND STELLEN KEINEN MANGEL DA.<\/strong><\/h6>\n<h6><strong>\u00a0<\/strong><\/h6>\n<h6><strong>F\u00dcR R\u00dcCKFRAGEN STEHEN WIR JEDERZEIT ZUR VERF\u00dcGUNG; GERNE PERS\u00d6NLICH, ODER AUCH AM TELEFON.<\/strong><\/h6>\n","protected":false},"featured_media":772,"template":"","meta":[],"product_brand":[],"product_cat":[109,110,27,26,104],"product_tag":[38,37,41,75,40,44,52],"class_list":{"0":"post-771","1":"product","2":"type-product","3":"status-publish","4":"has-post-thumbnail","6":"product_cat-dekoration","7":"product_cat-geschenke","8":"product_cat-indoor","9":"product_cat-outdoor","10":"product_cat-sommer","11":"product_tag-accessoires","12":"product_tag-dekoration","13":"product_tag-gift","14":"product_tag-handwerkskunst","15":"product_tag-living","16":"product_tag-outdoor","17":"product_tag-schoener-leben","18":"product_shipping_class-mittlere-pakete","20":"first","21":"instock","22":"taxable","23":"shipping-taxable","24":"purchasable","25":"product-type-simple"},"_links":{"self":[{"href":"https:\/\/shop.mira-fleur.de\/shop\/wp-json\/wp\/v2\/product\/771","targetHints":{"allow":["GET"]}}],"collection":[{"href":"https:\/\/shop.mira-fleur.de\/shop\/wp-json\/wp\/v2\/product"}],"about":[{"href":"https:\/\/shop.mira-fleur.de\/shop\/wp-json\/wp\/v2\/types\/product"}],"wp:featuredmedia":[{"embeddable":true,"href":"https:\/\/shop.mira-fleur.de\/shop\/wp-json\/wp\/v2\/media\/772"}],"wp:attachment":[{"href":"https:\/\/shop.mira-fleur.de\/shop\/wp-json\/wp\/v2\/media?parent=771"}],"wp:term":[{"taxonomy":"product_brand","embeddable":true,"href":"https:\/\/shop.mira-fleur.de\/shop\/wp-json\/wp\/v2\/product_brand?post=771"},{"taxonomy":"product_cat","embeddable":true,"href":"https:\/\/shop.mira-fleur.de\/shop\/wp-json\/wp\/v2\/product_cat?post=771"},{"taxonomy":"product_tag","embeddable":true,"href":"https:\/\/shop.mira-fleur.de\/shop\/wp-json\/wp\/v2\/product_tag?post=771"}],"curies":[{"name":"wp","href":"https:\/\/api.w.org\/{rel}","templated":true}]}}