{"id":750,"date":"2025-03-13T14:40:57","date_gmt":"2025-03-13T13:40:57","guid":{"rendered":"https:\/\/shop.mira-fleur.de\/shop\/?post_type=product&#038;p=750"},"modified":"2025-03-13T14:58:24","modified_gmt":"2025-03-13T13:58:24","slug":"hasen-maedchen-mit-kind","status":"publish","type":"product","link":"https:\/\/shop.mira-fleur.de\/shop\/produkt\/hasen-maedchen-mit-kind\/","title":{"rendered":"Hasen M\u00e4dchen mit Kind"},"content":{"rendered":"<p><a href=\"https:\/\/shop.mira-fleur.de\/wp-content\/uploads\/2025\/03\/hase-mit-kind_1.jpg\"><img decoding=\"async\" class=\"alignnone size-medium wp-image-751\" src=\"https:\/\/shop.mira-fleur.de\/wp-content\/uploads\/2025\/03\/hase-mit-kind_1-143x300.jpg\" alt=\"\" width=\"143\" height=\"300\" srcset=\"https:\/\/shop.mira-fleur.de\/wp-content\/uploads\/2025\/03\/hase-mit-kind_1-143x300.jpg 143w, https:\/\/shop.mira-fleur.de\/wp-content\/uploads\/2025\/03\/hase-mit-kind_1-300x632.jpg 300w, https:\/\/shop.mira-fleur.de\/wp-content\/uploads\/2025\/03\/hase-mit-kind_1.jpg 380w\" sizes=\"(max-width: 143px) 100vw, 143px\" \/><\/a> <a href=\"https:\/\/shop.mira-fleur.de\/wp-content\/uploads\/2025\/03\/hase-mit-kind_1_1.jpg\"><img decoding=\"async\" class=\"alignnone size-medium wp-image-752\" src=\"https:\/\/shop.mira-fleur.de\/wp-content\/uploads\/2025\/03\/hase-mit-kind_1_1-111x300.jpg\" alt=\"\" width=\"111\" height=\"300\" srcset=\"https:\/\/shop.mira-fleur.de\/wp-content\/uploads\/2025\/03\/hase-mit-kind_1_1-111x300.jpg 111w, https:\/\/shop.mira-fleur.de\/wp-content\/uploads\/2025\/03\/hase-mit-kind_1_1.jpg 295w\" sizes=\"(max-width: 111px) 100vw, 111px\" \/><\/a> <a href=\"https:\/\/shop.mira-fleur.de\/wp-content\/uploads\/2025\/03\/hase-mit-kind_2.jpg\"><img decoding=\"async\" class=\"alignnone size-medium wp-image-753\" src=\"https:\/\/shop.mira-fleur.de\/wp-content\/uploads\/2025\/03\/hase-mit-kind_2-158x300.jpg\" alt=\"\" width=\"158\" height=\"300\" srcset=\"https:\/\/shop.mira-fleur.de\/wp-content\/uploads\/2025\/03\/hase-mit-kind_2-158x300.jpg 158w, https:\/\/shop.mira-fleur.de\/wp-content\/uploads\/2025\/03\/hase-mit-kind_2-300x569.jpg 300w, https:\/\/shop.mira-fleur.de\/wp-content\/uploads\/2025\/03\/hase-mit-kind_2.jpg 422w\" sizes=\"(max-width: 158px) 100vw, 158px\" \/><\/a> <a href=\"https:\/\/shop.mira-fleur.de\/wp-content\/uploads\/2025\/03\/hase-mit-kind_2_2.jpg\"><img loading=\"lazy\" decoding=\"async\" class=\"alignnone size-medium wp-image-754\" src=\"https:\/\/shop.mira-fleur.de\/wp-content\/uploads\/2025\/03\/hase-mit-kind_2_2-119x300.jpg\" alt=\"\" width=\"119\" height=\"300\" srcset=\"https:\/\/shop.mira-fleur.de\/wp-content\/uploads\/2025\/03\/hase-mit-kind_2_2-119x300.jpg 119w, https:\/\/shop.mira-fleur.de\/wp-content\/uploads\/2025\/03\/hase-mit-kind_2_2-300x759.jpg 300w, https:\/\/shop.mira-fleur.de\/wp-content\/uploads\/2025\/03\/hase-mit-kind_2_2.jpg 316w\" sizes=\"(max-width: 119px) 100vw, 119px\" \/><\/a> <a href=\"https:\/\/shop.mira-fleur.de\/wp-content\/uploads\/2025\/03\/hase-mit-kind_profil.jpg\"><img loading=\"lazy\" decoding=\"async\" class=\"alignnone size-medium wp-image-755\" src=\"https:\/\/shop.mira-fleur.de\/wp-content\/uploads\/2025\/03\/hase-mit-kind_profil-136x300.jpg\" alt=\"\" width=\"136\" height=\"300\" srcset=\"https:\/\/shop.mira-fleur.de\/wp-content\/uploads\/2025\/03\/hase-mit-kind_profil-136x300.jpg 136w, https:\/\/shop.mira-fleur.de\/wp-content\/uploads\/2025\/03\/hase-mit-kind_profil-300x663.jpg 300w, https:\/\/shop.mira-fleur.de\/wp-content\/uploads\/2025\/03\/hase-mit-kind_profil.jpg 362w\" sizes=\"(max-width: 136px) 100vw, 136px\" \/><\/a><\/p>\n<p>Hasen M\u00e4dchen mit Kind<\/p>\n<p>Einzelst\u00fcck aus hochwertigem Polyresin handbemalt<\/p>\n<p>H\u00f6he: ca. 55cm<\/p>\n<p>Breite \/ Durchmesser: ca. 16 cm (mit Kind etwas mehr&#8230;)<\/p>\n<p>Artikel-Nr: KL000998<\/p>\n","protected":false},"excerpt":{"rendered":"<p>Hasen M\u00e4dchen mit Kind<\/p>\n<p>Einzelst\u00fcck aus hochwertigem Polyresin handbemalt<\/p>\n<p>H\u00f6he: ca. 55cm<\/p>\n<p>Breite \/ Durchmesser: ca. 16 cm (mit Kind etwas mehr&#8230;)<\/p>\n<p>Artikel-Nr: KL000998<\/p>\n<p>&nbsp;<\/p>\n<h6><strong>UNSERE KLEINODE SIND HANDWERKLICH HERGESTELLT, UND SOMIT K\u00d6NNEN DIE GELIEFERTEN ARTIKEL MINIMAL IN FARBE UND GR\u00d6SSE VARIIEREN<\/strong><\/h6>\n<h6><strong>MINIMALE ABWEICHUNGEN SIND EIN QUALIT\u00c4TSMERKMAL, UND STELLEN KEINEN MANGEL DA.<\/strong><\/h6>\n<h6><strong>\u00a0<\/strong><\/h6>\n<h6><strong>F\u00dcR R\u00dcCKFRAGEN STEHEN WIR JEDERZEIT ZUR VERF\u00dcGUNG; GERNE PERS\u00d6NLICH, ODER AUCH AM TELEFON.<\/strong><\/h6>\n","protected":false},"featured_media":755,"template":"","meta":[],"product_brand":[],"product_cat":[109,21,29],"product_tag":[37,75,112,84,52],"class_list":{"0":"post-750","1":"product","2":"type-product","3":"status-publish","4":"has-post-thumbnail","6":"product_cat-dekoration","7":"product_cat-ostern","8":"product_cat-sale","9":"product_tag-dekoration","10":"product_tag-handwerkskunst","11":"product_tag-ostern","12":"product_tag-qualitaet","13":"product_tag-schoener-leben","14":"product_shipping_class-mittlere-pakete","16":"first","17":"instock","18":"sale","19":"taxable","20":"shipping-taxable","21":"purchasable","22":"product-type-simple"},"_links":{"self":[{"href":"https:\/\/shop.mira-fleur.de\/shop\/wp-json\/wp\/v2\/product\/750","targetHints":{"allow":["GET"]}}],"collection":[{"href":"https:\/\/shop.mira-fleur.de\/shop\/wp-json\/wp\/v2\/product"}],"about":[{"href":"https:\/\/shop.mira-fleur.de\/shop\/wp-json\/wp\/v2\/types\/product"}],"wp:featuredmedia":[{"embeddable":true,"href":"https:\/\/shop.mira-fleur.de\/shop\/wp-json\/wp\/v2\/media\/755"}],"wp:attachment":[{"href":"https:\/\/shop.mira-fleur.de\/shop\/wp-json\/wp\/v2\/media?parent=750"}],"wp:term":[{"taxonomy":"product_brand","embeddable":true,"href":"https:\/\/shop.mira-fleur.de\/shop\/wp-json\/wp\/v2\/product_brand?post=750"},{"taxonomy":"product_cat","embeddable":true,"href":"https:\/\/shop.mira-fleur.de\/shop\/wp-json\/wp\/v2\/product_cat?post=750"},{"taxonomy":"product_tag","embeddable":true,"href":"https:\/\/shop.mira-fleur.de\/shop\/wp-json\/wp\/v2\/product_tag?post=750"}],"curies":[{"name":"wp","href":"https:\/\/api.w.org\/{rel}","templated":true}]}}