{"id":736,"date":"2025-03-04T16:40:55","date_gmt":"2025-03-04T15:40:55","guid":{"rendered":"https:\/\/shop.mira-fleur.de\/shop\/?post_type=product&#038;p=736"},"modified":"2025-03-04T16:40:55","modified_gmt":"2025-03-04T15:40:55","slug":"straussenei-suedafrika-15cm-gold","status":"publish","type":"product","link":"https:\/\/shop.mira-fleur.de\/shop\/produkt\/straussenei-suedafrika-15cm-gold\/","title":{"rendered":"Strau\u00dfenei S\u00fcdafrika 15cm gold"},"content":{"rendered":"<p><a href=\"https:\/\/shop.mira-fleur.de\/wp-content\/uploads\/2025\/03\/StraussenEi_98264_gold_400x400.jpg\"><img fetchpriority=\"high\" decoding=\"async\" class=\"alignnone size-medium wp-image-737\" src=\"https:\/\/shop.mira-fleur.de\/wp-content\/uploads\/2025\/03\/StraussenEi_98264_gold_400x400-263x300.jpg\" alt=\"\" width=\"263\" height=\"300\" srcset=\"https:\/\/shop.mira-fleur.de\/wp-content\/uploads\/2025\/03\/StraussenEi_98264_gold_400x400-263x300.jpg 263w, https:\/\/shop.mira-fleur.de\/wp-content\/uploads\/2025\/03\/StraussenEi_98264_gold_400x400-300x343.jpg 300w, https:\/\/shop.mira-fleur.de\/wp-content\/uploads\/2025\/03\/StraussenEi_98264_gold_400x400.jpg 350w\" sizes=\"(max-width: 263px) 100vw, 263px\" \/><\/a> <a href=\"https:\/\/shop.mira-fleur.de\/wp-content\/uploads\/2025\/03\/StraussenEi_98264_gold_400x400_2.jpg\"><img decoding=\"async\" class=\"alignnone size-medium wp-image-738\" src=\"https:\/\/shop.mira-fleur.de\/wp-content\/uploads\/2025\/03\/StraussenEi_98264_gold_400x400_2-300x300.jpg\" alt=\"\" width=\"300\" height=\"300\" srcset=\"https:\/\/shop.mira-fleur.de\/wp-content\/uploads\/2025\/03\/StraussenEi_98264_gold_400x400_2-300x300.jpg 300w, https:\/\/shop.mira-fleur.de\/wp-content\/uploads\/2025\/03\/StraussenEi_98264_gold_400x400_2-150x150.jpg 150w, https:\/\/shop.mira-fleur.de\/wp-content\/uploads\/2025\/03\/StraussenEi_98264_gold_400x400_2-100x100.jpg 100w, https:\/\/shop.mira-fleur.de\/wp-content\/uploads\/2025\/03\/StraussenEi_98264_gold_400x400_2.jpg 400w\" sizes=\"(max-width: 300px) 100vw, 300px\" \/><\/a><\/p>\n<p>Strau\u00dfenei (Lieferung ohne Fu\u00df)<\/p>\n<p>S\u00fcdafrika<\/p>\n<p>H\u00f6he: etwa 15cm<\/p>\n<p>Farbe : gold<\/p>\n<p>Artikelnummer: KL98264<\/p>\n","protected":false},"excerpt":{"rendered":"<p>Strau\u00dfenei (Lieferung ohne Fu\u00df)<\/p>\n<p>S\u00fcdafrika<\/p>\n<p>H\u00f6he: etwa 15cm<\/p>\n<p>Farbe : gold<\/p>\n<p>Artikelnummer: KL98264<\/p>\n<p>&nbsp;<\/p>\n<h6><strong>UNSERE KLEINODE SIND HANDWERKLICH HERGESTELLT, UND SOMIT K\u00d6NNEN DIE GELIEFERTEN ARTIKEL MINIMAL IN FARBE UND GR\u00d6SSE VARIIEREN<\/strong><\/h6>\n<h6><strong>MINIMALE ABWEICHUNGEN SIND EIN QUALIT\u00c4TSMERKMAL, UND STELLEN KEINEN MANGEL DA.<\/strong><\/h6>\n<h6><strong>\u00a0<\/strong><\/h6>\n<h6><strong>F\u00dcR R\u00dcCKFRAGEN STEHEN WIR JEDERZEIT ZUR VERF\u00dcGUNG; GERNE PERS\u00d6NLICH, ODER AUCH AM TELEFON<\/strong><\/h6>\n","protected":false},"featured_media":738,"template":"","meta":[],"product_brand":[],"product_cat":[109,21],"product_tag":[38,37,78,41,55,40,112,52],"class_list":{"0":"post-736","1":"product","2":"type-product","3":"status-publish","4":"has-post-thumbnail","6":"product_cat-dekoration","7":"product_cat-ostern","8":"product_tag-accessoires","9":"product_tag-dekoration","10":"product_tag-ethnostyle","11":"product_tag-gift","12":"product_tag-gold","13":"product_tag-living","14":"product_tag-ostern","15":"product_tag-schoener-leben","16":"product_shipping_class-kleine-pakete","18":"first","19":"instock","20":"taxable","21":"shipping-taxable","22":"purchasable","23":"product-type-simple"},"_links":{"self":[{"href":"https:\/\/shop.mira-fleur.de\/shop\/wp-json\/wp\/v2\/product\/736","targetHints":{"allow":["GET"]}}],"collection":[{"href":"https:\/\/shop.mira-fleur.de\/shop\/wp-json\/wp\/v2\/product"}],"about":[{"href":"https:\/\/shop.mira-fleur.de\/shop\/wp-json\/wp\/v2\/types\/product"}],"wp:featuredmedia":[{"embeddable":true,"href":"https:\/\/shop.mira-fleur.de\/shop\/wp-json\/wp\/v2\/media\/738"}],"wp:attachment":[{"href":"https:\/\/shop.mira-fleur.de\/shop\/wp-json\/wp\/v2\/media?parent=736"}],"wp:term":[{"taxonomy":"product_brand","embeddable":true,"href":"https:\/\/shop.mira-fleur.de\/shop\/wp-json\/wp\/v2\/product_brand?post=736"},{"taxonomy":"product_cat","embeddable":true,"href":"https:\/\/shop.mira-fleur.de\/shop\/wp-json\/wp\/v2\/product_cat?post=736"},{"taxonomy":"product_tag","embeddable":true,"href":"https:\/\/shop.mira-fleur.de\/shop\/wp-json\/wp\/v2\/product_tag?post=736"}],"curies":[{"name":"wp","href":"https:\/\/api.w.org\/{rel}","templated":true}]}}