{"id":715,"date":"2025-03-04T15:54:02","date_gmt":"2025-03-04T14:54:02","guid":{"rendered":"https:\/\/shop.mira-fleur.de\/shop\/?post_type=product&#038;p=715"},"modified":"2025-03-04T15:54:02","modified_gmt":"2025-03-04T14:54:02","slug":"straussenei-suedafrika-15cm-schwarz-matt","status":"publish","type":"product","link":"https:\/\/shop.mira-fleur.de\/shop\/produkt\/straussenei-suedafrika-15cm-schwarz-matt\/","title":{"rendered":"Strau\u00dfenei S\u00fcdafrika 15cm schwarz matt"},"content":{"rendered":"<p><a href=\"https:\/\/shop.mira-fleur.de\/wp-content\/uploads\/2025\/03\/StraussenEi_31254-_schwarz_400x400.jpg\"><img fetchpriority=\"high\" decoding=\"async\" class=\"alignnone size-medium wp-image-716\" src=\"https:\/\/shop.mira-fleur.de\/wp-content\/uploads\/2025\/03\/StraussenEi_31254-_schwarz_400x400-296x300.jpg\" alt=\"\" width=\"296\" height=\"300\" srcset=\"https:\/\/shop.mira-fleur.de\/wp-content\/uploads\/2025\/03\/StraussenEi_31254-_schwarz_400x400-296x300.jpg 296w, https:\/\/shop.mira-fleur.de\/wp-content\/uploads\/2025\/03\/StraussenEi_31254-_schwarz_400x400-300x304.jpg 300w, https:\/\/shop.mira-fleur.de\/wp-content\/uploads\/2025\/03\/StraussenEi_31254-_schwarz_400x400-100x100.jpg 100w, https:\/\/shop.mira-fleur.de\/wp-content\/uploads\/2025\/03\/StraussenEi_31254-_schwarz_400x400.jpg 395w\" sizes=\"(max-width: 296px) 100vw, 296px\" \/><\/a> <a href=\"https:\/\/shop.mira-fleur.de\/wp-content\/uploads\/2025\/03\/StraussenEi_31254-_schwarz_400x400_2.jpg\"><img decoding=\"async\" class=\"alignnone size-medium wp-image-717\" src=\"https:\/\/shop.mira-fleur.de\/wp-content\/uploads\/2025\/03\/StraussenEi_31254-_schwarz_400x400_2-284x300.jpg\" alt=\"\" width=\"284\" height=\"300\" srcset=\"https:\/\/shop.mira-fleur.de\/wp-content\/uploads\/2025\/03\/StraussenEi_31254-_schwarz_400x400_2-284x300.jpg 284w, https:\/\/shop.mira-fleur.de\/wp-content\/uploads\/2025\/03\/StraussenEi_31254-_schwarz_400x400_2-300x317.jpg 300w, https:\/\/shop.mira-fleur.de\/wp-content\/uploads\/2025\/03\/StraussenEi_31254-_schwarz_400x400_2.jpg 378w\" sizes=\"(max-width: 284px) 100vw, 284px\" \/><\/a><\/p>\n<p>Strau\u00dfenei (Lieferung ohne Fu\u00df)<\/p>\n<p>S\u00fcdafrika<\/p>\n<p>H\u00f6he: etwa 15cm<\/p>\n<p>Farbe : schwarz matt<\/p>\n<p>Artikelnummer: KL31254<\/p>\n<p>&nbsp;<\/p>\n","protected":false},"excerpt":{"rendered":"<p>Strau\u00dfenei (Lieferung ohne Fu\u00df)<\/p>\n<p>S\u00fcdafrika<\/p>\n<p>H\u00f6he: etwa 15cm<\/p>\n<p>Farbe : schwarz matt<\/p>\n<p>Artikelnummer: KL31254<\/p>\n<p>&nbsp;<\/p>\n<h6><strong>UNSERE KLEINODE SIND HANDWERKLICH HERGESTELLT, UND SOMIT K\u00d6NNEN DIE GELIEFERTEN ARTIKEL MINIMAL IN FARBE UND GR\u00d6SSE VARIIEREN<\/strong><\/h6>\n<h6><strong>MINIMALE ABWEICHUNGEN SIND EIN QUALIT\u00c4TSMERKMAL, UND STELLEN KEINEN MANGEL DA.<\/strong><\/h6>\n<h6><strong>\u00a0<\/strong><\/h6>\n<h6><strong>F\u00dcR R\u00dcCKFRAGEN STEHEN WIR JEDERZEIT ZUR VERF\u00dcGUNG; GERNE PERS\u00d6NLICH, ODER AUCH AM TELEFON<\/strong><\/h6>\n","protected":false},"featured_media":716,"template":"","meta":[],"product_brand":[],"product_cat":[109,21],"product_tag":[38,37,78,41,40,112,52],"class_list":{"0":"post-715","1":"product","2":"type-product","3":"status-publish","4":"has-post-thumbnail","6":"product_cat-dekoration","7":"product_cat-ostern","8":"product_tag-accessoires","9":"product_tag-dekoration","10":"product_tag-ethnostyle","11":"product_tag-gift","12":"product_tag-living","13":"product_tag-ostern","14":"product_tag-schoener-leben","15":"product_shipping_class-kleine-pakete","17":"first","18":"instock","19":"taxable","20":"shipping-taxable","21":"purchasable","22":"product-type-simple"},"_links":{"self":[{"href":"https:\/\/shop.mira-fleur.de\/shop\/wp-json\/wp\/v2\/product\/715","targetHints":{"allow":["GET"]}}],"collection":[{"href":"https:\/\/shop.mira-fleur.de\/shop\/wp-json\/wp\/v2\/product"}],"about":[{"href":"https:\/\/shop.mira-fleur.de\/shop\/wp-json\/wp\/v2\/types\/product"}],"wp:featuredmedia":[{"embeddable":true,"href":"https:\/\/shop.mira-fleur.de\/shop\/wp-json\/wp\/v2\/media\/716"}],"wp:attachment":[{"href":"https:\/\/shop.mira-fleur.de\/shop\/wp-json\/wp\/v2\/media?parent=715"}],"wp:term":[{"taxonomy":"product_brand","embeddable":true,"href":"https:\/\/shop.mira-fleur.de\/shop\/wp-json\/wp\/v2\/product_brand?post=715"},{"taxonomy":"product_cat","embeddable":true,"href":"https:\/\/shop.mira-fleur.de\/shop\/wp-json\/wp\/v2\/product_cat?post=715"},{"taxonomy":"product_tag","embeddable":true,"href":"https:\/\/shop.mira-fleur.de\/shop\/wp-json\/wp\/v2\/product_tag?post=715"}],"curies":[{"name":"wp","href":"https:\/\/api.w.org\/{rel}","templated":true}]}}