{"id":698,"date":"2025-02-26T14:08:02","date_gmt":"2025-02-26T13:08:02","guid":{"rendered":"https:\/\/shop.mira-fleur.de\/shop\/?post_type=product&#038;p=698"},"modified":"2025-02-26T14:08:03","modified_gmt":"2025-02-26T13:08:03","slug":"anthurie-grosse-bluete-kunstvoll","status":"publish","type":"product","link":"https:\/\/shop.mira-fleur.de\/shop\/produkt\/anthurie-grosse-bluete-kunstvoll\/","title":{"rendered":"Anthurie  gro\u00dfe Bl\u00fcte &#8222;kunstvoll&#8220;"},"content":{"rendered":"<p><a href=\"https:\/\/shop.mira-fleur.de\/wp-content\/uploads\/2025\/02\/Anthurie_Ptmd721355_300x300.jpg\"><img fetchpriority=\"high\" decoding=\"async\" class=\"alignnone size-medium wp-image-700\" src=\"https:\/\/shop.mira-fleur.de\/wp-content\/uploads\/2025\/02\/Anthurie_Ptmd721355_300x300-300x300.jpg\" alt=\"\" width=\"300\" height=\"300\" srcset=\"https:\/\/shop.mira-fleur.de\/wp-content\/uploads\/2025\/02\/Anthurie_Ptmd721355_300x300-300x300.jpg 300w, https:\/\/shop.mira-fleur.de\/wp-content\/uploads\/2025\/02\/Anthurie_Ptmd721355_300x300-150x150.jpg 150w, https:\/\/shop.mira-fleur.de\/wp-content\/uploads\/2025\/02\/Anthurie_Ptmd721355_300x300-100x100.jpg 100w, https:\/\/shop.mira-fleur.de\/wp-content\/uploads\/2025\/02\/Anthurie_Ptmd721355_300x300.jpg 400w\" sizes=\"(max-width: 300px) 100vw, 300px\" \/><\/a> <a href=\"https:\/\/shop.mira-fleur.de\/wp-content\/uploads\/2025\/02\/Anthurie_Ptmd721355_400x400.jpg\"><img decoding=\"async\" class=\"alignnone size-medium wp-image-701\" src=\"https:\/\/shop.mira-fleur.de\/wp-content\/uploads\/2025\/02\/Anthurie_Ptmd721355_400x400-300x300.jpg\" alt=\"\" width=\"300\" height=\"300\" srcset=\"https:\/\/shop.mira-fleur.de\/wp-content\/uploads\/2025\/02\/Anthurie_Ptmd721355_400x400-300x300.jpg 300w, https:\/\/shop.mira-fleur.de\/wp-content\/uploads\/2025\/02\/Anthurie_Ptmd721355_400x400-150x150.jpg 150w, https:\/\/shop.mira-fleur.de\/wp-content\/uploads\/2025\/02\/Anthurie_Ptmd721355_400x400-100x100.jpg 100w, https:\/\/shop.mira-fleur.de\/wp-content\/uploads\/2025\/02\/Anthurie_Ptmd721355_400x400.jpg 400w\" sizes=\"(max-width: 300px) 100vw, 300px\" \/><\/a> <a href=\"https:\/\/shop.mira-fleur.de\/wp-content\/uploads\/2025\/02\/Anthurie_Ptmd721355_400x400_Profilbild.jpg\"><img decoding=\"async\" class=\"alignnone size-medium wp-image-702\" src=\"https:\/\/shop.mira-fleur.de\/wp-content\/uploads\/2025\/02\/Anthurie_Ptmd721355_400x400_Profilbild-300x300.jpg\" alt=\"\" width=\"300\" height=\"300\" srcset=\"https:\/\/shop.mira-fleur.de\/wp-content\/uploads\/2025\/02\/Anthurie_Ptmd721355_400x400_Profilbild-300x300.jpg 300w, https:\/\/shop.mira-fleur.de\/wp-content\/uploads\/2025\/02\/Anthurie_Ptmd721355_400x400_Profilbild-150x150.jpg 150w, https:\/\/shop.mira-fleur.de\/wp-content\/uploads\/2025\/02\/Anthurie_Ptmd721355_400x400_Profilbild-100x100.jpg 100w, https:\/\/shop.mira-fleur.de\/wp-content\/uploads\/2025\/02\/Anthurie_Ptmd721355_400x400_Profilbild.jpg 400w\" sizes=\"(max-width: 300px) 100vw, 300px\" \/><\/a> <a href=\"https:\/\/shop.mira-fleur.de\/wp-content\/uploads\/2025\/02\/Anthurie_Ptmd721355_800x800_Laden.jpg\"><img loading=\"lazy\" decoding=\"async\" class=\"alignnone size-medium wp-image-703\" src=\"https:\/\/shop.mira-fleur.de\/wp-content\/uploads\/2025\/02\/Anthurie_Ptmd721355_800x800_Laden-300x300.jpg\" alt=\"\" width=\"300\" height=\"300\" srcset=\"https:\/\/shop.mira-fleur.de\/wp-content\/uploads\/2025\/02\/Anthurie_Ptmd721355_800x800_Laden-300x300.jpg 300w, https:\/\/shop.mira-fleur.de\/wp-content\/uploads\/2025\/02\/Anthurie_Ptmd721355_800x800_Laden-150x150.jpg 150w, https:\/\/shop.mira-fleur.de\/wp-content\/uploads\/2025\/02\/Anthurie_Ptmd721355_800x800_Laden-768x768.jpg 768w, https:\/\/shop.mira-fleur.de\/wp-content\/uploads\/2025\/02\/Anthurie_Ptmd721355_800x800_Laden-600x600.jpg 600w, https:\/\/shop.mira-fleur.de\/wp-content\/uploads\/2025\/02\/Anthurie_Ptmd721355_800x800_Laden-100x100.jpg 100w, https:\/\/shop.mira-fleur.de\/wp-content\/uploads\/2025\/02\/Anthurie_Ptmd721355_800x800_Laden.jpg 800w\" sizes=\"(max-width: 300px) 100vw, 300px\" \/><\/a> <a href=\"https:\/\/shop.mira-fleur.de\/wp-content\/uploads\/2025\/02\/Anthurie_Ptmd721355_800x800_Laden_1.jpg\"><img loading=\"lazy\" decoding=\"async\" class=\"alignnone size-medium wp-image-704\" src=\"https:\/\/shop.mira-fleur.de\/wp-content\/uploads\/2025\/02\/Anthurie_Ptmd721355_800x800_Laden_1-300x300.jpg\" alt=\"\" width=\"300\" height=\"300\" srcset=\"https:\/\/shop.mira-fleur.de\/wp-content\/uploads\/2025\/02\/Anthurie_Ptmd721355_800x800_Laden_1-300x300.jpg 300w, https:\/\/shop.mira-fleur.de\/wp-content\/uploads\/2025\/02\/Anthurie_Ptmd721355_800x800_Laden_1-150x150.jpg 150w, https:\/\/shop.mira-fleur.de\/wp-content\/uploads\/2025\/02\/Anthurie_Ptmd721355_800x800_Laden_1-768x768.jpg 768w, https:\/\/shop.mira-fleur.de\/wp-content\/uploads\/2025\/02\/Anthurie_Ptmd721355_800x800_Laden_1-600x600.jpg 600w, https:\/\/shop.mira-fleur.de\/wp-content\/uploads\/2025\/02\/Anthurie_Ptmd721355_800x800_Laden_1-100x100.jpg 100w, https:\/\/shop.mira-fleur.de\/wp-content\/uploads\/2025\/02\/Anthurie_Ptmd721355_800x800_Laden_1.jpg 800w\" sizes=\"(max-width: 300px) 100vw, 300px\" \/><\/a><\/p>\n<p>Anthurie mit gro\u00dfer Bl\u00fcte &#8222;kunstvoll&#8220;<\/p>\n<p>Diese Anthurie sieht aus und f\u00fchlt sich an wie die Natur.<\/p>\n<p>L\u00e4nge mit Stiel: etwa 90cm<\/p>\n<p>Bl\u00fcte: etwa 30&#215;25 cm<\/p>\n<p>Arikel-Nr:\u00a0 Ptmd 721355<\/p>\n","protected":false},"excerpt":{"rendered":"<p>Anthurie mit gro\u00dfer Bl\u00fcte &#8222;kunstvoll&#8220;<\/p>\n<p>Diese Anthurie sieht aus und f\u00fchlt sich an wie die Natur.<\/p>\n<p>L\u00e4nge mit Stiel: etwa 90cm<\/p>\n<p>Bl\u00fcte: etwa 30&#215;25 cm<\/p>\n<p>Arikel-Nr:\u00a0 Ptmd 721355<\/p>\n<p>&nbsp;<\/p>\n<h6><strong>UNSERE KLEINODE SIND HANDWERKLICH HERGESTELLT, UND SOMIT K\u00d6NNEN DIE GELIEFERTEN ARTIKEL MINIMAL IN FARBE UND GR\u00d6SSE VARIIEREN<\/strong><\/h6>\n<h6><strong>MINIMALE ABWEICHUNGEN SIND EIN QUALIT\u00c4TSMERKMAL, UND STELLEN KEINEN MANGEL DA.<\/strong><\/h6>\n<h6><strong>\u00a0<\/strong><\/h6>\n<h6><strong>F\u00dcR R\u00dcCKFRAGEN STEHEN WIR JEDERZEIT ZUR VERF\u00dcGUNG; GERNE PERS\u00d6NLICH, ODER AUCH AM TELEFON.<\/strong><\/h6>\n","protected":false},"featured_media":702,"template":"","meta":[],"product_brand":[],"product_cat":[109,27,26,22],"product_tag":[36,37,41,75,39,40,44,84,52],"class_list":{"0":"post-698","1":"product","2":"type-product","3":"status-publish","4":"has-post-thumbnail","6":"product_cat-dekoration","7":"product_cat-indoor","8":"product_cat-outdoor","9":"product_cat-seidenblumen","10":"product_tag-blumen","11":"product_tag-dekoration","12":"product_tag-gift","13":"product_tag-handwerkskunst","14":"product_tag-indoor","15":"product_tag-living","16":"product_tag-outdoor","17":"product_tag-qualitaet","18":"product_tag-schoener-leben","19":"product_shipping_class-kleine-pakete","21":"first","22":"instock","23":"taxable","24":"shipping-taxable","25":"purchasable","26":"product-type-simple"},"_links":{"self":[{"href":"https:\/\/shop.mira-fleur.de\/shop\/wp-json\/wp\/v2\/product\/698","targetHints":{"allow":["GET"]}}],"collection":[{"href":"https:\/\/shop.mira-fleur.de\/shop\/wp-json\/wp\/v2\/product"}],"about":[{"href":"https:\/\/shop.mira-fleur.de\/shop\/wp-json\/wp\/v2\/types\/product"}],"wp:featuredmedia":[{"embeddable":true,"href":"https:\/\/shop.mira-fleur.de\/shop\/wp-json\/wp\/v2\/media\/702"}],"wp:attachment":[{"href":"https:\/\/shop.mira-fleur.de\/shop\/wp-json\/wp\/v2\/media?parent=698"}],"wp:term":[{"taxonomy":"product_brand","embeddable":true,"href":"https:\/\/shop.mira-fleur.de\/shop\/wp-json\/wp\/v2\/product_brand?post=698"},{"taxonomy":"product_cat","embeddable":true,"href":"https:\/\/shop.mira-fleur.de\/shop\/wp-json\/wp\/v2\/product_cat?post=698"},{"taxonomy":"product_tag","embeddable":true,"href":"https:\/\/shop.mira-fleur.de\/shop\/wp-json\/wp\/v2\/product_tag?post=698"}],"curies":[{"name":"wp","href":"https:\/\/api.w.org\/{rel}","templated":true}]}}