{"id":693,"date":"2025-02-26T13:50:50","date_gmt":"2025-02-26T12:50:50","guid":{"rendered":"https:\/\/shop.mira-fleur.de\/shop\/?post_type=product&#038;p=693"},"modified":"2025-02-26T13:50:51","modified_gmt":"2025-02-26T12:50:51","slug":"hasen-maedchen-auf-roller","status":"publish","type":"product","link":"https:\/\/shop.mira-fleur.de\/shop\/produkt\/hasen-maedchen-auf-roller\/","title":{"rendered":"Hasen M\u00e4dchen auf Roller"},"content":{"rendered":"<p><a href=\"https:\/\/shop.mira-fleur.de\/wp-content\/uploads\/2025\/02\/hasenroller.jpg\"><img fetchpriority=\"high\" decoding=\"async\" class=\"alignnone size-medium wp-image-694\" src=\"https:\/\/shop.mira-fleur.de\/wp-content\/uploads\/2025\/02\/hasenroller-300x300.jpg\" alt=\"\" width=\"300\" height=\"300\" srcset=\"https:\/\/shop.mira-fleur.de\/wp-content\/uploads\/2025\/02\/hasenroller-300x300.jpg 300w, https:\/\/shop.mira-fleur.de\/wp-content\/uploads\/2025\/02\/hasenroller-150x150.jpg 150w, https:\/\/shop.mira-fleur.de\/wp-content\/uploads\/2025\/02\/hasenroller-768x768.jpg 768w, https:\/\/shop.mira-fleur.de\/wp-content\/uploads\/2025\/02\/hasenroller-600x600.jpg 600w, https:\/\/shop.mira-fleur.de\/wp-content\/uploads\/2025\/02\/hasenroller-100x100.jpg 100w, https:\/\/shop.mira-fleur.de\/wp-content\/uploads\/2025\/02\/hasenroller.jpg 800w\" sizes=\"(max-width: 300px) 100vw, 300px\" \/><\/a> <a href=\"https:\/\/shop.mira-fleur.de\/wp-content\/uploads\/2025\/02\/hasenroller1.jpg\"><img decoding=\"async\" class=\"alignnone size-medium wp-image-695\" src=\"https:\/\/shop.mira-fleur.de\/wp-content\/uploads\/2025\/02\/hasenroller1-300x300.jpg\" alt=\"\" width=\"300\" height=\"300\" srcset=\"https:\/\/shop.mira-fleur.de\/wp-content\/uploads\/2025\/02\/hasenroller1-300x300.jpg 300w, https:\/\/shop.mira-fleur.de\/wp-content\/uploads\/2025\/02\/hasenroller1-150x150.jpg 150w, https:\/\/shop.mira-fleur.de\/wp-content\/uploads\/2025\/02\/hasenroller1-768x768.jpg 768w, https:\/\/shop.mira-fleur.de\/wp-content\/uploads\/2025\/02\/hasenroller1-600x600.jpg 600w, https:\/\/shop.mira-fleur.de\/wp-content\/uploads\/2025\/02\/hasenroller1-100x100.jpg 100w, https:\/\/shop.mira-fleur.de\/wp-content\/uploads\/2025\/02\/hasenroller1.jpg 800w\" sizes=\"(max-width: 300px) 100vw, 300px\" \/><\/a> <a href=\"https:\/\/shop.mira-fleur.de\/wp-content\/uploads\/2025\/02\/hasenrollerKL00001_ProfilBild.jpg\"><img decoding=\"async\" class=\"alignnone size-medium wp-image-696\" src=\"https:\/\/shop.mira-fleur.de\/wp-content\/uploads\/2025\/02\/hasenrollerKL00001_ProfilBild-300x300.jpg\" alt=\"\" width=\"300\" height=\"300\" srcset=\"https:\/\/shop.mira-fleur.de\/wp-content\/uploads\/2025\/02\/hasenrollerKL00001_ProfilBild-300x300.jpg 300w, https:\/\/shop.mira-fleur.de\/wp-content\/uploads\/2025\/02\/hasenrollerKL00001_ProfilBild-150x150.jpg 150w, https:\/\/shop.mira-fleur.de\/wp-content\/uploads\/2025\/02\/hasenrollerKL00001_ProfilBild-100x100.jpg 100w, https:\/\/shop.mira-fleur.de\/wp-content\/uploads\/2025\/02\/hasenrollerKL00001_ProfilBild.jpg 400w\" sizes=\"(max-width: 300px) 100vw, 300px\" \/><\/a> <a href=\"https:\/\/shop.mira-fleur.de\/wp-content\/uploads\/2025\/02\/hasenrollerKL00001_ProfilBild_2.jpg\"><img loading=\"lazy\" decoding=\"async\" class=\"alignnone size-medium wp-image-697\" src=\"https:\/\/shop.mira-fleur.de\/wp-content\/uploads\/2025\/02\/hasenrollerKL00001_ProfilBild_2-300x300.jpg\" alt=\"\" width=\"300\" height=\"300\" srcset=\"https:\/\/shop.mira-fleur.de\/wp-content\/uploads\/2025\/02\/hasenrollerKL00001_ProfilBild_2-300x300.jpg 300w, https:\/\/shop.mira-fleur.de\/wp-content\/uploads\/2025\/02\/hasenrollerKL00001_ProfilBild_2-150x150.jpg 150w, https:\/\/shop.mira-fleur.de\/wp-content\/uploads\/2025\/02\/hasenrollerKL00001_ProfilBild_2-100x100.jpg 100w, https:\/\/shop.mira-fleur.de\/wp-content\/uploads\/2025\/02\/hasenrollerKL00001_ProfilBild_2.jpg 600w\" sizes=\"(max-width: 300px) 100vw, 300px\" \/><\/a><\/p>\n<p>Hasen M\u00e4dchen auf Roller<\/p>\n<p>Aus hochwertigem Polyresin<\/p>\n<p>L\u00e4nge: etwa 40cm<\/p>\n<p>Breite: etwa 16cm<\/p>\n<p>H\u00f6he: etwa 55cm<\/p>\n<p>Artikel-Nr: KL0001<\/p>\n<p>Aufgrund des au\u00dfergew\u00f6hnlichen Design bieten wir pers\u00f6nliche Lieferung im Nahbereich an, oder auch Abholung bei uns im Gesch\u00e4ft (evtl. au\u00dferhalb der Gesch\u00e4ftszeiten) .<\/p>\n","protected":false},"excerpt":{"rendered":"<p>Hasen M\u00e4dchen auf Roller<\/p>\n<p>Aus hochwertigem Polyresin<\/p>\n<p>L\u00e4nge: etwa 40cm<\/p>\n<p>Breite: etwa 16cm<\/p>\n<p>H\u00f6he: etwa 55cm<\/p>\n<p>Artikel-Nr: KL0001<\/p>\n<p>Aufgrund des au\u00dfergew\u00f6hnlichen Design bieten wir pers\u00f6nliche Lieferung im Nahbereich an, oder auch Abholung bei uns im Gesch\u00e4ft (evtl. au\u00dferhalb der Gesch\u00e4ftszeiten) .<\/p>\n<p>&nbsp;<\/p>\n<h6><strong>UNSERE KLEINODE SIND HANDWERKLICH HERGESTELLT, UND SOMIT K\u00d6NNEN DIE GELIEFERTEN ARTIKEL MINIMAL IN FARBE UND GR\u00d6SSE VARIIEREN<\/strong><\/h6>\n<h6><strong>MINIMALE ABWEICHUNGEN SIND EIN QUALIT\u00c4TSMERKMAL, UND STELLEN KEINEN MANGEL DA.<\/strong><\/h6>\n<h6><strong>\u00a0<\/strong><\/h6>\n<h6><strong>F\u00dcR R\u00dcCKFRAGEN STEHEN WIR JEDERZEIT ZUR VERF\u00dcGUNG; GERNE PERS\u00d6NLICH, ODER AUCH AM TELEFON.<\/strong><\/h6>\n","protected":false},"featured_media":696,"template":"","meta":[],"product_brand":[],"product_cat":[27,21,26],"product_tag":[38,37,41,75,39,40,44,84,52],"class_list":{"0":"post-693","1":"product","2":"type-product","3":"status-publish","4":"has-post-thumbnail","6":"product_cat-indoor","7":"product_cat-ostern","8":"product_cat-outdoor","9":"product_tag-accessoires","10":"product_tag-dekoration","11":"product_tag-gift","12":"product_tag-handwerkskunst","13":"product_tag-indoor","14":"product_tag-living","15":"product_tag-outdoor","16":"product_tag-qualitaet","17":"product_tag-schoener-leben","18":"product_shipping_class-grosse-pakete","20":"first","21":"instock","22":"taxable","23":"shipping-taxable","24":"purchasable","25":"product-type-simple"},"_links":{"self":[{"href":"https:\/\/shop.mira-fleur.de\/shop\/wp-json\/wp\/v2\/product\/693","targetHints":{"allow":["GET"]}}],"collection":[{"href":"https:\/\/shop.mira-fleur.de\/shop\/wp-json\/wp\/v2\/product"}],"about":[{"href":"https:\/\/shop.mira-fleur.de\/shop\/wp-json\/wp\/v2\/types\/product"}],"wp:featuredmedia":[{"embeddable":true,"href":"https:\/\/shop.mira-fleur.de\/shop\/wp-json\/wp\/v2\/media\/696"}],"wp:attachment":[{"href":"https:\/\/shop.mira-fleur.de\/shop\/wp-json\/wp\/v2\/media?parent=693"}],"wp:term":[{"taxonomy":"product_brand","embeddable":true,"href":"https:\/\/shop.mira-fleur.de\/shop\/wp-json\/wp\/v2\/product_brand?post=693"},{"taxonomy":"product_cat","embeddable":true,"href":"https:\/\/shop.mira-fleur.de\/shop\/wp-json\/wp\/v2\/product_cat?post=693"},{"taxonomy":"product_tag","embeddable":true,"href":"https:\/\/shop.mira-fleur.de\/shop\/wp-json\/wp\/v2\/product_tag?post=693"}],"curies":[{"name":"wp","href":"https:\/\/api.w.org\/{rel}","templated":true}]}}