{"id":688,"date":"2025-02-26T13:28:50","date_gmt":"2025-02-26T12:28:50","guid":{"rendered":"https:\/\/shop.mira-fleur.de\/shop\/?post_type=product&#038;p=688"},"modified":"2026-04-24T12:34:26","modified_gmt":"2026-04-24T10:34:26","slug":"hase-vase-silber-keramik","status":"publish","type":"product","link":"https:\/\/shop.mira-fleur.de\/shop\/produkt\/hase-vase-silber-keramik\/","title":{"rendered":"Hase Vase Silber Keramik"},"content":{"rendered":"<p><a href=\"https:\/\/shop.mira-fleur.de\/wp-content\/uploads\/2025\/02\/HasenVase_HF9096_400x400.jpg\"><img fetchpriority=\"high\" decoding=\"async\" class=\"alignnone size-medium wp-image-689\" src=\"https:\/\/shop.mira-fleur.de\/wp-content\/uploads\/2025\/02\/HasenVase_HF9096_400x400-300x300.jpg\" alt=\"\" width=\"300\" height=\"300\" srcset=\"https:\/\/shop.mira-fleur.de\/wp-content\/uploads\/2025\/02\/HasenVase_HF9096_400x400-300x300.jpg 300w, https:\/\/shop.mira-fleur.de\/wp-content\/uploads\/2025\/02\/HasenVase_HF9096_400x400-150x150.jpg 150w, https:\/\/shop.mira-fleur.de\/wp-content\/uploads\/2025\/02\/HasenVase_HF9096_400x400-100x100.jpg 100w, https:\/\/shop.mira-fleur.de\/wp-content\/uploads\/2025\/02\/HasenVase_HF9096_400x400.jpg 400w\" sizes=\"(max-width: 300px) 100vw, 300px\" \/><\/a> <a href=\"https:\/\/shop.mira-fleur.de\/wp-content\/uploads\/2025\/02\/HasenVase_HF9096_400x400_Detail.jpg\"><img decoding=\"async\" class=\"alignnone size-medium wp-image-690\" src=\"https:\/\/shop.mira-fleur.de\/wp-content\/uploads\/2025\/02\/HasenVase_HF9096_400x400_Detail-300x300.jpg\" alt=\"\" width=\"300\" height=\"300\" srcset=\"https:\/\/shop.mira-fleur.de\/wp-content\/uploads\/2025\/02\/HasenVase_HF9096_400x400_Detail-300x300.jpg 300w, https:\/\/shop.mira-fleur.de\/wp-content\/uploads\/2025\/02\/HasenVase_HF9096_400x400_Detail-150x150.jpg 150w, https:\/\/shop.mira-fleur.de\/wp-content\/uploads\/2025\/02\/HasenVase_HF9096_400x400_Detail-100x100.jpg 100w, https:\/\/shop.mira-fleur.de\/wp-content\/uploads\/2025\/02\/HasenVase_HF9096_400x400_Detail.jpg 400w\" sizes=\"(max-width: 300px) 100vw, 300px\" \/><\/a> <a href=\"https:\/\/shop.mira-fleur.de\/wp-content\/uploads\/2025\/02\/HasenVase_HF9096_500x500.jpg\"><img decoding=\"async\" class=\"alignnone size-medium wp-image-691\" src=\"https:\/\/shop.mira-fleur.de\/wp-content\/uploads\/2025\/02\/HasenVase_HF9096_500x500-300x300.jpg\" alt=\"\" width=\"300\" height=\"300\" srcset=\"https:\/\/shop.mira-fleur.de\/wp-content\/uploads\/2025\/02\/HasenVase_HF9096_500x500-300x300.jpg 300w, https:\/\/shop.mira-fleur.de\/wp-content\/uploads\/2025\/02\/HasenVase_HF9096_500x500-150x150.jpg 150w, https:\/\/shop.mira-fleur.de\/wp-content\/uploads\/2025\/02\/HasenVase_HF9096_500x500-100x100.jpg 100w, https:\/\/shop.mira-fleur.de\/wp-content\/uploads\/2025\/02\/HasenVase_HF9096_500x500.jpg 500w\" sizes=\"(max-width: 300px) 100vw, 300px\" \/><\/a><\/p>\n<p>Vase &#8222;Rabbit&#8220; aus Keramik in Silber<\/p>\n<p>Au\u00dfergew\u00f6hnliche Hasen-Vase<\/p>\n<p>Abmessung:\u00a017x10x23cm<\/p>\n<p>Artikel-Nr: HF9096<\/p>\n","protected":false},"excerpt":{"rendered":"<p>Vase &#8222;Rabbit&#8220; aus Keramik in Silber<\/p>\n<p>Au\u00dfergew\u00f6hnliche Hasen-Vase<\/p>\n<p>Abmessung:\u00a017x10x23cm<\/p>\n<p>Artikel-Nr: HF9096<\/p>\n<p>&nbsp;<\/p>\n<h6><strong>UNSERE KLEINODE SIND HANDWERKLICH HERGESTELLT, UND SOMIT K\u00d6NNEN DIE GELIEFERTEN ARTIKEL MINIMAL IN FARBE UND GR\u00d6SSE VARIIEREN<\/strong><\/h6>\n<h6><strong>MINIMALE ABWEICHUNGEN SIND EIN QUALIT\u00c4TSMERKMAL, UND STELLEN KEINEN MANGEL DA.<\/strong><\/h6>\n<h6><strong>\u00a0<\/strong><\/h6>\n<h6><strong>F\u00dcR R\u00dcCKFRAGEN STEHEN WIR JEDERZEIT ZUR VERF\u00dcGUNG; GERNE PERS\u00d6NLICH, ODER AUCH AM TELEFON.<\/strong><\/h6>\n","protected":false},"featured_media":689,"template":"","meta":[],"product_brand":[],"product_cat":[109,20,108,21],"product_tag":[38,37,75,39,40,44,84,52,58],"class_list":{"0":"post-688","1":"product","2":"type-product","3":"status-publish","4":"has-post-thumbnail","6":"product_cat-dekoration","7":"product_cat-fruehjahr","8":"product_cat-keramik","9":"product_cat-ostern","10":"product_tag-accessoires","11":"product_tag-dekoration","12":"product_tag-handwerkskunst","13":"product_tag-indoor","14":"product_tag-living","15":"product_tag-outdoor","16":"product_tag-qualitaet","17":"product_tag-schoener-leben","18":"product_tag-silber","19":"product_shipping_class-kleine-pakete","21":"first","22":"outofstock","23":"taxable","24":"shipping-taxable","25":"purchasable","26":"product-type-simple"},"_links":{"self":[{"href":"https:\/\/shop.mira-fleur.de\/shop\/wp-json\/wp\/v2\/product\/688","targetHints":{"allow":["GET"]}}],"collection":[{"href":"https:\/\/shop.mira-fleur.de\/shop\/wp-json\/wp\/v2\/product"}],"about":[{"href":"https:\/\/shop.mira-fleur.de\/shop\/wp-json\/wp\/v2\/types\/product"}],"wp:featuredmedia":[{"embeddable":true,"href":"https:\/\/shop.mira-fleur.de\/shop\/wp-json\/wp\/v2\/media\/689"}],"wp:attachment":[{"href":"https:\/\/shop.mira-fleur.de\/shop\/wp-json\/wp\/v2\/media?parent=688"}],"wp:term":[{"taxonomy":"product_brand","embeddable":true,"href":"https:\/\/shop.mira-fleur.de\/shop\/wp-json\/wp\/v2\/product_brand?post=688"},{"taxonomy":"product_cat","embeddable":true,"href":"https:\/\/shop.mira-fleur.de\/shop\/wp-json\/wp\/v2\/product_cat?post=688"},{"taxonomy":"product_tag","embeddable":true,"href":"https:\/\/shop.mira-fleur.de\/shop\/wp-json\/wp\/v2\/product_tag?post=688"}],"curies":[{"name":"wp","href":"https:\/\/api.w.org\/{rel}","templated":true}]}}