{"id":683,"date":"2025-02-26T13:10:41","date_gmt":"2025-02-26T12:10:41","guid":{"rendered":"https:\/\/shop.mira-fleur.de\/shop\/?post_type=product&#038;p=683"},"modified":"2025-02-26T13:10:42","modified_gmt":"2025-02-26T12:10:42","slug":"ei-samt-orange","status":"publish","type":"product","link":"https:\/\/shop.mira-fleur.de\/shop\/produkt\/ei-samt-orange\/","title":{"rendered":"Ei Samt orange"},"content":{"rendered":"<p><a href=\"https:\/\/shop.mira-fleur.de\/wp-content\/uploads\/2025\/02\/samtflockei_orange_MT00100_400x400.jpg\"><img fetchpriority=\"high\" decoding=\"async\" class=\"alignnone size-medium wp-image-684\" src=\"https:\/\/shop.mira-fleur.de\/wp-content\/uploads\/2025\/02\/samtflockei_orange_MT00100_400x400-300x300.jpg\" alt=\"\" width=\"300\" height=\"300\" srcset=\"https:\/\/shop.mira-fleur.de\/wp-content\/uploads\/2025\/02\/samtflockei_orange_MT00100_400x400-300x300.jpg 300w, https:\/\/shop.mira-fleur.de\/wp-content\/uploads\/2025\/02\/samtflockei_orange_MT00100_400x400-150x150.jpg 150w, https:\/\/shop.mira-fleur.de\/wp-content\/uploads\/2025\/02\/samtflockei_orange_MT00100_400x400-100x100.jpg 100w, https:\/\/shop.mira-fleur.de\/wp-content\/uploads\/2025\/02\/samtflockei_orange_MT00100_400x400.jpg 400w\" sizes=\"(max-width: 300px) 100vw, 300px\" \/><\/a> <a href=\"https:\/\/shop.mira-fleur.de\/wp-content\/uploads\/2025\/02\/samtflockei_orange_MT00100_600x600.jpg\"><img decoding=\"async\" class=\"alignnone size-medium wp-image-685\" src=\"https:\/\/shop.mira-fleur.de\/wp-content\/uploads\/2025\/02\/samtflockei_orange_MT00100_600x600-300x300.jpg\" alt=\"\" width=\"300\" height=\"300\" srcset=\"https:\/\/shop.mira-fleur.de\/wp-content\/uploads\/2025\/02\/samtflockei_orange_MT00100_600x600-300x300.jpg 300w, https:\/\/shop.mira-fleur.de\/wp-content\/uploads\/2025\/02\/samtflockei_orange_MT00100_600x600-150x150.jpg 150w, https:\/\/shop.mira-fleur.de\/wp-content\/uploads\/2025\/02\/samtflockei_orange_MT00100_600x600-100x100.jpg 100w, https:\/\/shop.mira-fleur.de\/wp-content\/uploads\/2025\/02\/samtflockei_orange_MT00100_600x600.jpg 600w\" sizes=\"(max-width: 300px) 100vw, 300px\" \/><\/a> <a href=\"https:\/\/shop.mira-fleur.de\/wp-content\/uploads\/2025\/02\/samtflockei_orange_MT00100_800x600_Profilbild.jpg\"><img decoding=\"async\" class=\"alignnone size-medium wp-image-686\" src=\"https:\/\/shop.mira-fleur.de\/wp-content\/uploads\/2025\/02\/samtflockei_orange_MT00100_800x600_Profilbild-230x300.jpg\" alt=\"\" width=\"230\" height=\"300\" srcset=\"https:\/\/shop.mira-fleur.de\/wp-content\/uploads\/2025\/02\/samtflockei_orange_MT00100_800x600_Profilbild-230x300.jpg 230w, https:\/\/shop.mira-fleur.de\/wp-content\/uploads\/2025\/02\/samtflockei_orange_MT00100_800x600_Profilbild-300x392.jpg 300w, https:\/\/shop.mira-fleur.de\/wp-content\/uploads\/2025\/02\/samtflockei_orange_MT00100_800x600_Profilbild-600x783.jpg 600w, https:\/\/shop.mira-fleur.de\/wp-content\/uploads\/2025\/02\/samtflockei_orange_MT00100_800x600_Profilbild.jpg 613w\" sizes=\"(max-width: 230px) 100vw, 230px\" \/><\/a><\/p>\n<p>Ei aus Keramik samtig beflockt.<\/p>\n<p>Sowohl f\u00fcr den Innenbereich, als auch zur Deko im Au\u00dfenbereich.<\/p>\n<p>Farbe: Orange<\/p>\n<p>H\u00f6he: etwa 33cm<\/p>\n<p>Durchmesser: etwa 22cm<\/p>\n<p>Artikelnummer: MT000100<\/p>\n<p>Weitere Farben auf Anfrage&#8230;<\/p>\n","protected":false},"excerpt":{"rendered":"<p>Ei aus Keramik samtig beflockt.<\/p>\n<p>Sowohl f\u00fcr den Innenbereich, als auch zur Deko im Au\u00dfenbereich.<\/p>\n<p>Farbe: Orange<\/p>\n<p>H\u00f6he: etwa 33cm<\/p>\n<p>Durchmesser: etwa 22cm<\/p>\n<p>Artikelnummer: MT000100<\/p>\n<p>Weitere Farben auf Anfrage &#8230;<\/p>\n<p>&nbsp;<\/p>\n<h6><strong>UNSERE KLEINODE SIND HANDWERKLICH HERGESTELLT, UND SOMIT K\u00d6NNEN DIE GELIEFERTEN ARTIKEL MINIMAL IN FARBE UND GR\u00d6SSE VARIIEREN<\/strong><\/h6>\n<h6><strong>MINIMALE ABWEICHUNGEN SIND EIN QUALIT\u00c4TSMERKMAL, UND STELLEN KEINEN MANGEL DA.<\/strong><\/h6>\n<h6><strong>\u00a0<\/strong><\/h6>\n<h6><strong>F\u00dcR R\u00dcCKFRAGEN STEHEN WIR JEDERZEIT ZUR VERF\u00dcGUNG; GERNE PERS\u00d6NLICH, ODER AUCH AM TELEFON.<\/strong><\/h6>\n","protected":false},"featured_media":686,"template":"","meta":[],"product_brand":[],"product_cat":[20,27,108,21,26],"product_tag":[38,37,75,39,40,44,84,52],"class_list":{"0":"post-683","1":"product","2":"type-product","3":"status-publish","4":"has-post-thumbnail","6":"product_cat-fruehjahr","7":"product_cat-indoor","8":"product_cat-keramik","9":"product_cat-ostern","10":"product_cat-outdoor","11":"product_tag-accessoires","12":"product_tag-dekoration","13":"product_tag-handwerkskunst","14":"product_tag-indoor","15":"product_tag-living","16":"product_tag-outdoor","17":"product_tag-qualitaet","18":"product_tag-schoener-leben","19":"product_shipping_class-mittlere-pakete","21":"first","22":"instock","23":"taxable","24":"shipping-taxable","25":"purchasable","26":"product-type-simple"},"_links":{"self":[{"href":"https:\/\/shop.mira-fleur.de\/shop\/wp-json\/wp\/v2\/product\/683","targetHints":{"allow":["GET"]}}],"collection":[{"href":"https:\/\/shop.mira-fleur.de\/shop\/wp-json\/wp\/v2\/product"}],"about":[{"href":"https:\/\/shop.mira-fleur.de\/shop\/wp-json\/wp\/v2\/types\/product"}],"wp:featuredmedia":[{"embeddable":true,"href":"https:\/\/shop.mira-fleur.de\/shop\/wp-json\/wp\/v2\/media\/686"}],"wp:attachment":[{"href":"https:\/\/shop.mira-fleur.de\/shop\/wp-json\/wp\/v2\/media?parent=683"}],"wp:term":[{"taxonomy":"product_brand","embeddable":true,"href":"https:\/\/shop.mira-fleur.de\/shop\/wp-json\/wp\/v2\/product_brand?post=683"},{"taxonomy":"product_cat","embeddable":true,"href":"https:\/\/shop.mira-fleur.de\/shop\/wp-json\/wp\/v2\/product_cat?post=683"},{"taxonomy":"product_tag","embeddable":true,"href":"https:\/\/shop.mira-fleur.de\/shop\/wp-json\/wp\/v2\/product_tag?post=683"}],"curies":[{"name":"wp","href":"https:\/\/api.w.org\/{rel}","templated":true}]}}