{"id":679,"date":"2025-02-22T13:20:55","date_gmt":"2025-02-22T12:20:55","guid":{"rendered":"https:\/\/shop.mira-fleur.de\/shop\/?post_type=product&#038;p=679"},"modified":"2026-04-24T12:35:20","modified_gmt":"2026-04-24T10:35:20","slug":"vase-pokal-glas-irisierend","status":"publish","type":"product","link":"https:\/\/shop.mira-fleur.de\/shop\/produkt\/vase-pokal-glas-irisierend\/","title":{"rendered":"Vase &#8222;Pokal&#8220; Glas irisierend"},"content":{"rendered":"<p><a href=\"https:\/\/shop.mira-fleur.de\/wp-content\/uploads\/2025\/02\/Vase_Pokal_Glas_KL21931_400x400.jpg\"><img fetchpriority=\"high\" decoding=\"async\" class=\"alignnone size-medium wp-image-680\" src=\"https:\/\/shop.mira-fleur.de\/wp-content\/uploads\/2025\/02\/Vase_Pokal_Glas_KL21931_400x400-300x300.jpg\" alt=\"\" width=\"300\" height=\"300\" srcset=\"https:\/\/shop.mira-fleur.de\/wp-content\/uploads\/2025\/02\/Vase_Pokal_Glas_KL21931_400x400-300x300.jpg 300w, https:\/\/shop.mira-fleur.de\/wp-content\/uploads\/2025\/02\/Vase_Pokal_Glas_KL21931_400x400-150x150.jpg 150w, https:\/\/shop.mira-fleur.de\/wp-content\/uploads\/2025\/02\/Vase_Pokal_Glas_KL21931_400x400-100x100.jpg 100w, https:\/\/shop.mira-fleur.de\/wp-content\/uploads\/2025\/02\/Vase_Pokal_Glas_KL21931_400x400.jpg 400w\" sizes=\"(max-width: 300px) 100vw, 300px\" \/><\/a> <a href=\"https:\/\/shop.mira-fleur.de\/wp-content\/uploads\/2025\/02\/Vase_Pokal_Glas_KL21931_400x400_2.jpg\"><img decoding=\"async\" class=\"alignnone size-medium wp-image-681\" src=\"https:\/\/shop.mira-fleur.de\/wp-content\/uploads\/2025\/02\/Vase_Pokal_Glas_KL21931_400x400_2-300x300.jpg\" alt=\"\" width=\"300\" height=\"300\" srcset=\"https:\/\/shop.mira-fleur.de\/wp-content\/uploads\/2025\/02\/Vase_Pokal_Glas_KL21931_400x400_2-300x300.jpg 300w, https:\/\/shop.mira-fleur.de\/wp-content\/uploads\/2025\/02\/Vase_Pokal_Glas_KL21931_400x400_2-150x150.jpg 150w, https:\/\/shop.mira-fleur.de\/wp-content\/uploads\/2025\/02\/Vase_Pokal_Glas_KL21931_400x400_2-100x100.jpg 100w, https:\/\/shop.mira-fleur.de\/wp-content\/uploads\/2025\/02\/Vase_Pokal_Glas_KL21931_400x400_2.jpg 400w\" sizes=\"(max-width: 300px) 100vw, 300px\" \/><\/a><\/p>\n<p>Vase &#8222;Pokal&#8220; klares Glas irisierend<\/p>\n<p>Durchmesser: 11cm<\/p>\n<p>H\u00f6he: 18cm<\/p>\n<p>Artikelnummer:21931<\/p>\n<p>&nbsp;<\/p>\n","protected":false},"excerpt":{"rendered":"<p>Vase &#8222;Pokal&#8220; klares Glas irisierend<\/p>\n<p>Durchmesser: 11cm<\/p>\n<p>H\u00f6he: 18cm<\/p>\n<p>Artikelnummer:21931<\/p>\n<p>&nbsp;<\/p>\n<h6><strong>UNSERE KLEINODE SIND HANDWERKLICH HERGESTELLT, UND SOMIT K\u00d6NNEN DIE GELIEFERTEN ARTIKEL MINIMAL IN FARBE UND GR\u00d6SSE VARIIEREN<\/strong><\/h6>\n<h6><strong>MINIMALE ABWEICHUNGEN SIND EIN QUALIT\u00c4TSMERKMAL, UND STELLEN KEINEN MANGEL DA.<\/strong><\/h6>\n<h6><strong>\u00a0<\/strong><\/h6>\n<h6><strong>F\u00dcR R\u00dcCKFRAGEN STEHEN WIR JEDERZEIT ZUR VERF\u00dcGUNG; GERNE PERS\u00d6NLICH, ODER AUCH AM TELEFON.<\/strong><\/h6>\n<h6><\/h6>\n","protected":false},"featured_media":681,"template":"","meta":[],"product_brand":[],"product_cat":[86,25,47,70],"product_tag":[38,36,37,75,40,52],"class_list":{"0":"post-679","1":"product","2":"type-product","3":"status-publish","4":"has-post-thumbnail","6":"product_cat-accessoires","7":"product_cat-glas","8":"product_cat-tischkultur","9":"product_cat-vasen","10":"product_tag-accessoires","11":"product_tag-blumen","12":"product_tag-dekoration","13":"product_tag-handwerkskunst","14":"product_tag-living","15":"product_tag-schoener-leben","16":"product_shipping_class-kleine-pakete","18":"first","19":"outofstock","20":"taxable","21":"shipping-taxable","22":"purchasable","23":"product-type-simple"},"_links":{"self":[{"href":"https:\/\/shop.mira-fleur.de\/shop\/wp-json\/wp\/v2\/product\/679","targetHints":{"allow":["GET"]}}],"collection":[{"href":"https:\/\/shop.mira-fleur.de\/shop\/wp-json\/wp\/v2\/product"}],"about":[{"href":"https:\/\/shop.mira-fleur.de\/shop\/wp-json\/wp\/v2\/types\/product"}],"wp:featuredmedia":[{"embeddable":true,"href":"https:\/\/shop.mira-fleur.de\/shop\/wp-json\/wp\/v2\/media\/681"}],"wp:attachment":[{"href":"https:\/\/shop.mira-fleur.de\/shop\/wp-json\/wp\/v2\/media?parent=679"}],"wp:term":[{"taxonomy":"product_brand","embeddable":true,"href":"https:\/\/shop.mira-fleur.de\/shop\/wp-json\/wp\/v2\/product_brand?post=679"},{"taxonomy":"product_cat","embeddable":true,"href":"https:\/\/shop.mira-fleur.de\/shop\/wp-json\/wp\/v2\/product_cat?post=679"},{"taxonomy":"product_tag","embeddable":true,"href":"https:\/\/shop.mira-fleur.de\/shop\/wp-json\/wp\/v2\/product_tag?post=679"}],"curies":[{"name":"wp","href":"https:\/\/api.w.org\/{rel}","templated":true}]}}