{"id":676,"date":"2025-02-22T13:08:03","date_gmt":"2025-02-22T12:08:03","guid":{"rendered":"https:\/\/shop.mira-fleur.de\/shop\/?post_type=product&#038;p=676"},"modified":"2025-02-22T13:08:04","modified_gmt":"2025-02-22T12:08:04","slug":"tulpen-bund-30cm-salmon-kunstvoll","status":"publish","type":"product","link":"https:\/\/shop.mira-fleur.de\/shop\/produkt\/tulpen-bund-30cm-salmon-kunstvoll\/","title":{"rendered":"Tulpen Bund 30cm Salmon &#8222;kunstvoll&#8220;"},"content":{"rendered":"<p><a href=\"https:\/\/shop.mira-fleur.de\/wp-content\/uploads\/2025\/02\/Tulpen_Salmon_KL97053_350x600.jpg\"><img fetchpriority=\"high\" decoding=\"async\" class=\"alignnone size-medium wp-image-677\" src=\"https:\/\/shop.mira-fleur.de\/wp-content\/uploads\/2025\/02\/Tulpen_Salmon_KL97053_350x600-225x300.jpg\" alt=\"\" width=\"225\" height=\"300\" srcset=\"https:\/\/shop.mira-fleur.de\/wp-content\/uploads\/2025\/02\/Tulpen_Salmon_KL97053_350x600-225x300.jpg 225w, https:\/\/shop.mira-fleur.de\/wp-content\/uploads\/2025\/02\/Tulpen_Salmon_KL97053_350x600-300x400.jpg 300w, https:\/\/shop.mira-fleur.de\/wp-content\/uploads\/2025\/02\/Tulpen_Salmon_KL97053_350x600.jpg 450w\" sizes=\"(max-width: 225px) 100vw, 225px\" \/><\/a> <a href=\"https:\/\/shop.mira-fleur.de\/wp-content\/uploads\/2025\/02\/Tulpen_Salmon_KL97053_400x400.jpg\"><img decoding=\"async\" class=\"alignnone size-medium wp-image-678\" src=\"https:\/\/shop.mira-fleur.de\/wp-content\/uploads\/2025\/02\/Tulpen_Salmon_KL97053_400x400-300x300.jpg\" alt=\"\" width=\"300\" height=\"300\" srcset=\"https:\/\/shop.mira-fleur.de\/wp-content\/uploads\/2025\/02\/Tulpen_Salmon_KL97053_400x400-300x300.jpg 300w, https:\/\/shop.mira-fleur.de\/wp-content\/uploads\/2025\/02\/Tulpen_Salmon_KL97053_400x400-150x150.jpg 150w, https:\/\/shop.mira-fleur.de\/wp-content\/uploads\/2025\/02\/Tulpen_Salmon_KL97053_400x400-100x100.jpg 100w, https:\/\/shop.mira-fleur.de\/wp-content\/uploads\/2025\/02\/Tulpen_Salmon_KL97053_400x400.jpg 400w\" sizes=\"(max-width: 300px) 100vw, 300px\" \/><\/a><\/p>\n<p>Tulpen Bund etwa 30cm\u00a0 lang<\/p>\n<p>In Salmon mit 4Bl\u00fcten und 3Knospen<\/p>\n<p>Die Farbe Salmon k\u00f6nnte wie orange beschrieben werden.<\/p>\n<p>Sehr nat\u00fcrlich gearbeitet, und f\u00fchlt sich wie frische Tulpen an.<\/p>\n<p>Mit frischem Gr\u00fcn in der Vase ist fast kein Unterschied erkennbar, nur das diese Tulpen nicht verbl\u00fchen \ud83d\ude42<\/p>\n<p>Artikelnummer: Kl97053<\/p>\n","protected":false},"excerpt":{"rendered":"<p>Tulpen Bund etwa 30cm\u00a0 lang<\/p>\n<p>In Salmon mit 4Bl\u00fcten und 3Knospen<\/p>\n<p>Die Farbe Salmon k\u00f6nnte wie orange beschrieben werden.<\/p>\n<p>Sehr nat\u00fcrlich gearbeitet, und f\u00fchlt sich wie frische Tulpen an.<\/p>\n<p>Mit frischem Gr\u00fcn in der Vase ist fast kein Unterschied erkennbar, nur das diese Tulpen nicht verbl\u00fchen \ud83d\ude42<\/p>\n<p>Artikelnummer: Kl97053<\/p>\n<p>&nbsp;<\/p>\n<h6><strong>UNSERE KLEINODE SIND HANDWERKLICH HERGESTELLT, UND SOMIT K\u00d6NNEN DIE GELIEFERTEN ARTIKEL MINIMAL IN FARBE UND GR\u00d6SSE VARIIEREN<\/strong><\/h6>\n<h6><strong>MINIMALE ABWEICHUNGEN SIND EIN QUALIT\u00c4TSMERKMAL, UND STELLEN KEINEN MANGEL DA.<\/strong><\/h6>\n<h6><strong>\u00a0<\/strong><\/h6>\n<h6><strong>F\u00dcR R\u00dcCKFRAGEN STEHEN WIR JEDERZEIT ZUR VERF\u00dcGUNG; GERNE PERS\u00d6NLICH, ODER AUCH AM TELEFON.<\/strong><\/h6>\n<h6><\/h6>\n","protected":false},"featured_media":677,"template":"","meta":[],"product_brand":[],"product_cat":[20,22],"product_tag":[38,36,37,75,40,52],"class_list":{"0":"post-676","1":"product","2":"type-product","3":"status-publish","4":"has-post-thumbnail","6":"product_cat-fruehjahr","7":"product_cat-seidenblumen","8":"product_tag-accessoires","9":"product_tag-blumen","10":"product_tag-dekoration","11":"product_tag-handwerkskunst","12":"product_tag-living","13":"product_tag-schoener-leben","14":"product_shipping_class-kleine-pakete","16":"first","17":"instock","18":"taxable","19":"shipping-taxable","20":"purchasable","21":"product-type-simple"},"_links":{"self":[{"href":"https:\/\/shop.mira-fleur.de\/shop\/wp-json\/wp\/v2\/product\/676","targetHints":{"allow":["GET"]}}],"collection":[{"href":"https:\/\/shop.mira-fleur.de\/shop\/wp-json\/wp\/v2\/product"}],"about":[{"href":"https:\/\/shop.mira-fleur.de\/shop\/wp-json\/wp\/v2\/types\/product"}],"wp:featuredmedia":[{"embeddable":true,"href":"https:\/\/shop.mira-fleur.de\/shop\/wp-json\/wp\/v2\/media\/677"}],"wp:attachment":[{"href":"https:\/\/shop.mira-fleur.de\/shop\/wp-json\/wp\/v2\/media?parent=676"}],"wp:term":[{"taxonomy":"product_brand","embeddable":true,"href":"https:\/\/shop.mira-fleur.de\/shop\/wp-json\/wp\/v2\/product_brand?post=676"},{"taxonomy":"product_cat","embeddable":true,"href":"https:\/\/shop.mira-fleur.de\/shop\/wp-json\/wp\/v2\/product_cat?post=676"},{"taxonomy":"product_tag","embeddable":true,"href":"https:\/\/shop.mira-fleur.de\/shop\/wp-json\/wp\/v2\/product_tag?post=676"}],"curies":[{"name":"wp","href":"https:\/\/api.w.org\/{rel}","templated":true}]}}