{"id":672,"date":"2025-02-22T12:57:24","date_gmt":"2025-02-22T11:57:24","guid":{"rendered":"https:\/\/shop.mira-fleur.de\/shop\/?post_type=product&#038;p=672"},"modified":"2025-02-22T12:57:24","modified_gmt":"2025-02-22T11:57:24","slug":"tulpen-bund-30cm-bunt-kunstvoll","status":"publish","type":"product","link":"https:\/\/shop.mira-fleur.de\/shop\/produkt\/tulpen-bund-30cm-bunt-kunstvoll\/","title":{"rendered":"Tulpen Bund 30cm Bunt &#8222;kunstvoll&#8220;"},"content":{"rendered":"<p><a href=\"https:\/\/shop.mira-fleur.de\/wp-content\/uploads\/2025\/02\/Tulpen_Bunt_KL80090_300x400.jpg\"><img fetchpriority=\"high\" decoding=\"async\" class=\"alignnone size-medium wp-image-673\" src=\"https:\/\/shop.mira-fleur.de\/wp-content\/uploads\/2025\/02\/Tulpen_Bunt_KL80090_300x400-225x300.jpg\" alt=\"\" width=\"225\" height=\"300\" srcset=\"https:\/\/shop.mira-fleur.de\/wp-content\/uploads\/2025\/02\/Tulpen_Bunt_KL80090_300x400-225x300.jpg 225w, https:\/\/shop.mira-fleur.de\/wp-content\/uploads\/2025\/02\/Tulpen_Bunt_KL80090_300x400.jpg 300w\" sizes=\"(max-width: 225px) 100vw, 225px\" \/><\/a> <a href=\"https:\/\/shop.mira-fleur.de\/wp-content\/uploads\/2025\/02\/Tulpen_Bunt_KL80090_600x600.jpg\"><img decoding=\"async\" class=\"alignnone size-medium wp-image-674\" src=\"https:\/\/shop.mira-fleur.de\/wp-content\/uploads\/2025\/02\/Tulpen_Bunt_KL80090_600x600-300x300.jpg\" alt=\"\" width=\"300\" height=\"300\" srcset=\"https:\/\/shop.mira-fleur.de\/wp-content\/uploads\/2025\/02\/Tulpen_Bunt_KL80090_600x600-300x300.jpg 300w, https:\/\/shop.mira-fleur.de\/wp-content\/uploads\/2025\/02\/Tulpen_Bunt_KL80090_600x600-150x150.jpg 150w, https:\/\/shop.mira-fleur.de\/wp-content\/uploads\/2025\/02\/Tulpen_Bunt_KL80090_600x600-100x100.jpg 100w, https:\/\/shop.mira-fleur.de\/wp-content\/uploads\/2025\/02\/Tulpen_Bunt_KL80090_600x600.jpg 600w\" sizes=\"(max-width: 300px) 100vw, 300px\" \/><\/a><\/p>\n<p>Tulpen Bund etwa 30cm\u00a0 lang<\/p>\n<p>In Bunt mit 4Bl\u00fcten und 3Knospen<\/p>\n<p>Verschiedene Tulpensorten und Farben in einem Bund<\/p>\n<p>Sehr nat\u00fcrlich gearbeitet, und f\u00fchlt sich wie frische Tulpen an.<\/p>\n<p>Mit frischem Gr\u00fcn in der Vase ist fast kein Unterschied erkennbar, nur das diese Tulpen nicht verbl\u00fchen \ud83d\ude42<\/p>\n<p>Artikelnummer: KL80900<\/p>\n","protected":false},"excerpt":{"rendered":"<p>Tulpen Bund etwa 30cm\u00a0 lang<\/p>\n<p>In Bunt mit 4Bl\u00fcten und 3Knospen<\/p>\n<p>Verschiedene Tulpensorten und Farben in einem Bund<\/p>\n<p>Sehr nat\u00fcrlich gearbeitet, und f\u00fchlt sich wie frische Tulpen an.<\/p>\n<p>Mit frischem Gr\u00fcn in der Vase ist fast kein Unterschied erkennbar, nur das diese Tulpen nicht verbl\u00fchen \ud83d\ude42<\/p>\n<p>Artikelnummer: KL80900<\/p>\n<p>&nbsp;<\/p>\n<h6><strong>UNSERE KLEINODE SIND HANDWERKLICH HERGESTELLT, UND SOMIT K\u00d6NNEN DIE GELIEFERTEN ARTIKEL MINIMAL IN FARBE UND GR\u00d6SSE VARIIEREN<\/strong><\/h6>\n<h6><strong>MINIMALE ABWEICHUNGEN SIND EIN QUALIT\u00c4TSMERKMAL, UND STELLEN KEINEN MANGEL DA.<\/strong><\/h6>\n<h6><strong>\u00a0<\/strong><\/h6>\n<h6><strong>F\u00dcR R\u00dcCKFRAGEN STEHEN WIR JEDERZEIT ZUR VERF\u00dcGUNG; GERNE PERS\u00d6NLICH, ODER AUCH AM TELEFON.<\/strong><\/h6>\n<p>&nbsp;<\/p>\n","protected":false},"featured_media":674,"template":"","meta":[],"product_brand":[],"product_cat":[20,22],"product_tag":[38,36,37,75,40],"class_list":{"0":"post-672","1":"product","2":"type-product","3":"status-publish","4":"has-post-thumbnail","6":"product_cat-fruehjahr","7":"product_cat-seidenblumen","8":"product_tag-accessoires","9":"product_tag-blumen","10":"product_tag-dekoration","11":"product_tag-handwerkskunst","12":"product_tag-living","13":"product_shipping_class-kleine-pakete","15":"first","16":"instock","17":"taxable","18":"shipping-taxable","19":"purchasable","20":"product-type-simple"},"_links":{"self":[{"href":"https:\/\/shop.mira-fleur.de\/shop\/wp-json\/wp\/v2\/product\/672","targetHints":{"allow":["GET"]}}],"collection":[{"href":"https:\/\/shop.mira-fleur.de\/shop\/wp-json\/wp\/v2\/product"}],"about":[{"href":"https:\/\/shop.mira-fleur.de\/shop\/wp-json\/wp\/v2\/types\/product"}],"wp:featuredmedia":[{"embeddable":true,"href":"https:\/\/shop.mira-fleur.de\/shop\/wp-json\/wp\/v2\/media\/674"}],"wp:attachment":[{"href":"https:\/\/shop.mira-fleur.de\/shop\/wp-json\/wp\/v2\/media?parent=672"}],"wp:term":[{"taxonomy":"product_brand","embeddable":true,"href":"https:\/\/shop.mira-fleur.de\/shop\/wp-json\/wp\/v2\/product_brand?post=672"},{"taxonomy":"product_cat","embeddable":true,"href":"https:\/\/shop.mira-fleur.de\/shop\/wp-json\/wp\/v2\/product_cat?post=672"},{"taxonomy":"product_tag","embeddable":true,"href":"https:\/\/shop.mira-fleur.de\/shop\/wp-json\/wp\/v2\/product_tag?post=672"}],"curies":[{"name":"wp","href":"https:\/\/api.w.org\/{rel}","templated":true}]}}