{"id":665,"date":"2025-02-22T12:11:02","date_gmt":"2025-02-22T11:11:02","guid":{"rendered":"https:\/\/shop.mira-fleur.de\/shop\/?post_type=product&#038;p=665"},"modified":"2025-02-22T13:09:44","modified_gmt":"2025-02-22T12:09:44","slug":"tulpen-bund-48cm-kunstvoll","status":"publish","type":"product","link":"https:\/\/shop.mira-fleur.de\/shop\/produkt\/tulpen-bund-48cm-kunstvoll\/","title":{"rendered":"Tulpen Bund 48cm 5-farbig &#8222;kunstvoll&#8220;"},"content":{"rendered":"<p><a href=\"https:\/\/shop.mira-fleur.de\/wp-content\/uploads\/2025\/02\/Tulpen_5Farben_KL59832_800x800.jpg\"><img fetchpriority=\"high\" decoding=\"async\" class=\"alignnone size-medium wp-image-666\" src=\"https:\/\/shop.mira-fleur.de\/wp-content\/uploads\/2025\/02\/Tulpen_5Farben_KL59832_800x800-300x300.jpg\" alt=\"\" width=\"300\" height=\"300\" srcset=\"https:\/\/shop.mira-fleur.de\/wp-content\/uploads\/2025\/02\/Tulpen_5Farben_KL59832_800x800-300x300.jpg 300w, https:\/\/shop.mira-fleur.de\/wp-content\/uploads\/2025\/02\/Tulpen_5Farben_KL59832_800x800-150x150.jpg 150w, https:\/\/shop.mira-fleur.de\/wp-content\/uploads\/2025\/02\/Tulpen_5Farben_KL59832_800x800-768x768.jpg 768w, https:\/\/shop.mira-fleur.de\/wp-content\/uploads\/2025\/02\/Tulpen_5Farben_KL59832_800x800-600x600.jpg 600w, https:\/\/shop.mira-fleur.de\/wp-content\/uploads\/2025\/02\/Tulpen_5Farben_KL59832_800x800-100x100.jpg 100w, https:\/\/shop.mira-fleur.de\/wp-content\/uploads\/2025\/02\/Tulpen_5Farben_KL59832_800x800.jpg 800w\" sizes=\"(max-width: 300px) 100vw, 300px\" \/><\/a><a href=\"https:\/\/shop.mira-fleur.de\/wp-content\/uploads\/2025\/02\/Tulpen_5Farben_KL59832.jpg\"><img decoding=\"async\" class=\"alignnone size-medium wp-image-667\" src=\"https:\/\/shop.mira-fleur.de\/wp-content\/uploads\/2025\/02\/Tulpen_5Farben_KL59832-300x300.jpg\" alt=\"\" width=\"300\" height=\"300\" srcset=\"https:\/\/shop.mira-fleur.de\/wp-content\/uploads\/2025\/02\/Tulpen_5Farben_KL59832-300x300.jpg 300w, https:\/\/shop.mira-fleur.de\/wp-content\/uploads\/2025\/02\/Tulpen_5Farben_KL59832-150x150.jpg 150w, https:\/\/shop.mira-fleur.de\/wp-content\/uploads\/2025\/02\/Tulpen_5Farben_KL59832-100x100.jpg 100w, https:\/\/shop.mira-fleur.de\/wp-content\/uploads\/2025\/02\/Tulpen_5Farben_KL59832.jpg 600w\" sizes=\"(max-width: 300px) 100vw, 300px\" \/><\/a><\/p>\n<p>Tulpen Bund ca. 48cm lang<\/p>\n<p>5 Stiele verschiedene Farben pro Bund<\/p>\n<p>Sehr nat\u00fcrlich gearbeitet, und f\u00fchlt sich wie frische Tulpen an.<\/p>\n<p>Mit frischem Gr\u00fcn in der Vase ist fast kein Unterschied erkennbar, nur das diese Tulpen nicht verbl\u00fchen \ud83d\ude42<\/p>\n<p>&nbsp;<\/p>\n<p>Artikelnummer: KL59832<\/p>\n<p>&nbsp;<\/p>\n","protected":false},"excerpt":{"rendered":"<p>Tulpen Bund ca. 48cm lang<\/p>\n<p>5 Stiele verschiedene Farben pro Bund<\/p>\n<p>Sehr nat\u00fcrlich gearbeitet, und f\u00fchlt sich wie frische Tulpen an.<\/p>\n<p>Mit frischem Gr\u00fcn in der Vase ist fast kein Unterschied erkennbar, nur das diese Tulpen nicht verbl\u00fchen \ud83d\ude42<\/p>\n<p>&nbsp;<\/p>\n<p>Artikelnummer: KL59832<\/p>\n<p>&nbsp;<\/p>\n<h6><strong>UNSERE KLEINODE SIND HANDWERKLICH HERGESTELLT, UND SOMIT K\u00d6NNEN DIE GELIEFERTEN ARTIKEL MINIMAL IN FARBE UND GR\u00d6SSE VARIIEREN<\/strong><\/h6>\n<h6><strong>MINIMALE ABWEICHUNGEN SIND EIN QUALIT\u00c4TSMERKMAL, UND STELLEN KEINEN MANGEL DA.<\/strong><\/h6>\n<h6><strong>F\u00dcR R\u00dcCKFRAGEN STEHEN WIR JEDERZEIT ZUR VERF\u00dcGUNG; GERNE PERS\u00d6NLICH, ODER AUCH AM TELEFON.<\/strong><\/h6>\n","protected":false},"featured_media":667,"template":"","meta":[],"product_brand":[],"product_cat":[20,22],"product_tag":[38,36,37,75,40,84,52],"class_list":{"0":"post-665","1":"product","2":"type-product","3":"status-publish","4":"has-post-thumbnail","6":"product_cat-fruehjahr","7":"product_cat-seidenblumen","8":"product_tag-accessoires","9":"product_tag-blumen","10":"product_tag-dekoration","11":"product_tag-handwerkskunst","12":"product_tag-living","13":"product_tag-qualitaet","14":"product_tag-schoener-leben","15":"product_shipping_class-kleine-pakete","17":"first","18":"instock","19":"taxable","20":"shipping-taxable","21":"purchasable","22":"product-type-simple"},"_links":{"self":[{"href":"https:\/\/shop.mira-fleur.de\/shop\/wp-json\/wp\/v2\/product\/665","targetHints":{"allow":["GET"]}}],"collection":[{"href":"https:\/\/shop.mira-fleur.de\/shop\/wp-json\/wp\/v2\/product"}],"about":[{"href":"https:\/\/shop.mira-fleur.de\/shop\/wp-json\/wp\/v2\/types\/product"}],"wp:featuredmedia":[{"embeddable":true,"href":"https:\/\/shop.mira-fleur.de\/shop\/wp-json\/wp\/v2\/media\/667"}],"wp:attachment":[{"href":"https:\/\/shop.mira-fleur.de\/shop\/wp-json\/wp\/v2\/media?parent=665"}],"wp:term":[{"taxonomy":"product_brand","embeddable":true,"href":"https:\/\/shop.mira-fleur.de\/shop\/wp-json\/wp\/v2\/product_brand?post=665"},{"taxonomy":"product_cat","embeddable":true,"href":"https:\/\/shop.mira-fleur.de\/shop\/wp-json\/wp\/v2\/product_cat?post=665"},{"taxonomy":"product_tag","embeddable":true,"href":"https:\/\/shop.mira-fleur.de\/shop\/wp-json\/wp\/v2\/product_tag?post=665"}],"curies":[{"name":"wp","href":"https:\/\/api.w.org\/{rel}","templated":true}]}}