{"id":650,"date":"2024-06-13T17:18:45","date_gmt":"2024-06-13T15:18:45","guid":{"rendered":"https:\/\/shop.mira-fleur.de\/shop\/?post_type=product&#038;p=650"},"modified":"2026-04-24T12:36:10","modified_gmt":"2026-04-24T10:36:10","slug":"duftkerze-rosa-hochwertig-2-dochte","status":"publish","type":"product","link":"https:\/\/shop.mira-fleur.de\/shop\/produkt\/duftkerze-rosa-hochwertig-2-dochte\/","title":{"rendered":"Duftkerze rosa hochwertig 2 Dochte"},"content":{"rendered":"<p><a href=\"https:\/\/shop.mira-fleur.de\/wp-content\/uploads\/2024\/06\/Duftkerze_rosa_Dm10_125h_1.jpg\"><img fetchpriority=\"high\" decoding=\"async\" class=\"alignnone size-medium wp-image-651\" src=\"https:\/\/shop.mira-fleur.de\/wp-content\/uploads\/2024\/06\/Duftkerze_rosa_Dm10_125h_1-272x300.jpg\" alt=\"\" width=\"272\" height=\"300\" srcset=\"https:\/\/shop.mira-fleur.de\/wp-content\/uploads\/2024\/06\/Duftkerze_rosa_Dm10_125h_1-272x300.jpg 272w, https:\/\/shop.mira-fleur.de\/wp-content\/uploads\/2024\/06\/Duftkerze_rosa_Dm10_125h_1-300x331.jpg 300w, https:\/\/shop.mira-fleur.de\/wp-content\/uploads\/2024\/06\/Duftkerze_rosa_Dm10_125h_1.jpg 362w\" sizes=\"(max-width: 272px) 100vw, 272px\" \/><\/a> <a href=\"https:\/\/shop.mira-fleur.de\/wp-content\/uploads\/2024\/06\/Duftkerze_rosa_Dm10_125h_2.jpg\"><img decoding=\"async\" class=\"alignnone size-medium wp-image-652\" src=\"https:\/\/shop.mira-fleur.de\/wp-content\/uploads\/2024\/06\/Duftkerze_rosa_Dm10_125h_2-168x300.jpg\" alt=\"\" width=\"168\" height=\"300\" srcset=\"https:\/\/shop.mira-fleur.de\/wp-content\/uploads\/2024\/06\/Duftkerze_rosa_Dm10_125h_2-168x300.jpg 168w, https:\/\/shop.mira-fleur.de\/wp-content\/uploads\/2024\/06\/Duftkerze_rosa_Dm10_125h_2-300x535.jpg 300w, https:\/\/shop.mira-fleur.de\/wp-content\/uploads\/2024\/06\/Duftkerze_rosa_Dm10_125h_2.jpg 449w\" sizes=\"(max-width: 168px) 100vw, 168px\" \/><\/a> <a href=\"https:\/\/shop.mira-fleur.de\/wp-content\/uploads\/2024\/06\/Duftkerze_rosa_Dm10_125h_3.jpg\"><img decoding=\"async\" class=\"alignnone size-medium wp-image-653\" src=\"https:\/\/shop.mira-fleur.de\/wp-content\/uploads\/2024\/06\/Duftkerze_rosa_Dm10_125h_3-172x300.jpg\" alt=\"\" width=\"172\" height=\"300\" srcset=\"https:\/\/shop.mira-fleur.de\/wp-content\/uploads\/2024\/06\/Duftkerze_rosa_Dm10_125h_3-172x300.jpg 172w, https:\/\/shop.mira-fleur.de\/wp-content\/uploads\/2024\/06\/Duftkerze_rosa_Dm10_125h_3-300x524.jpg 300w, https:\/\/shop.mira-fleur.de\/wp-content\/uploads\/2024\/06\/Duftkerze_rosa_Dm10_125h_3.jpg 458w\" sizes=\"(max-width: 172px) 100vw, 172px\" \/><\/a> <a href=\"https:\/\/shop.mira-fleur.de\/wp-content\/uploads\/2024\/06\/Duftkerze_rosa_Dm10_125h_4.jpg\"><img loading=\"lazy\" decoding=\"async\" class=\"alignnone size-medium wp-image-654\" src=\"https:\/\/shop.mira-fleur.de\/wp-content\/uploads\/2024\/06\/Duftkerze_rosa_Dm10_125h_4-225x300.jpg\" alt=\"\" width=\"225\" height=\"300\" srcset=\"https:\/\/shop.mira-fleur.de\/wp-content\/uploads\/2024\/06\/Duftkerze_rosa_Dm10_125h_4-225x300.jpg 225w, https:\/\/shop.mira-fleur.de\/wp-content\/uploads\/2024\/06\/Duftkerze_rosa_Dm10_125h_4-300x400.jpg 300w, https:\/\/shop.mira-fleur.de\/wp-content\/uploads\/2024\/06\/Duftkerze_rosa_Dm10_125h_4.jpg 600w\" sizes=\"(max-width: 225px) 100vw, 225px\" \/><\/a> <a href=\"https:\/\/shop.mira-fleur.de\/wp-content\/uploads\/2024\/06\/Duftkerze_rosa_Dm10_125h_5_beide.jpg\"><img loading=\"lazy\" decoding=\"async\" class=\"alignnone size-medium wp-image-655\" src=\"https:\/\/shop.mira-fleur.de\/wp-content\/uploads\/2024\/06\/Duftkerze_rosa_Dm10_125h_5_beide-300x247.jpg\" alt=\"\" width=\"300\" height=\"247\" srcset=\"https:\/\/shop.mira-fleur.de\/wp-content\/uploads\/2024\/06\/Duftkerze_rosa_Dm10_125h_5_beide-300x247.jpg 300w, https:\/\/shop.mira-fleur.de\/wp-content\/uploads\/2024\/06\/Duftkerze_rosa_Dm10_125h_5_beide-768x633.jpg 768w, https:\/\/shop.mira-fleur.de\/wp-content\/uploads\/2024\/06\/Duftkerze_rosa_Dm10_125h_5_beide-600x495.jpg 600w, https:\/\/shop.mira-fleur.de\/wp-content\/uploads\/2024\/06\/Duftkerze_rosa_Dm10_125h_5_beide.jpg 970w\" sizes=\"(max-width: 300px) 100vw, 300px\" \/><\/a><\/p>\n<p>Duftkerze &#8222;Pure Luxury&#8220;<\/p>\n<p>Diese hochwertige Duftkerze ist aus Paraffin im Duft <em>Rose \/ Geranium<\/em> und in einem doppelwandigem Glas in\u00a0 Spiegeloptik gegossen.<\/p>\n<p>Diese Duftkerze ist ein Blickfang und verzaubert mit ihrer Optik und Ihrem Duft jedes Heim.<\/p>\n<p>Durchmesser : 10cm<\/p>\n<p>H\u00f6he : 12,5cm<\/p>\n<p>Artikelnummer : Kh1243000144<\/p>\n","protected":false},"excerpt":{"rendered":"<p>Duftkerze &#8222;Pure Luxury&#8220;<\/p>\n<p>Diese hochwertige Duftkerze ist aus Paraffin im Duft <em>Rose \/ Geranium<\/em> und in einem doppelwandigem Glas in\u00a0 Spiegeloptik gegossen.<\/p>\n<p>Diese Duftkerze ist ein Blickfang und verzaubert mit ihrer Optik und Ihrem Duft jedes Heim.<\/p>\n<p>Durchmesser : 10cm<\/p>\n<p>H\u00f6he : 12,5cm<\/p>\n<p>Artikelnummer : Kh1243000144<\/p>\n<p>&nbsp;<\/p>\n<h6><strong>UNSERE KLEINODE SIND HANDWERKLICH HERGESTELLT, UND SOMIT K\u00d6NNEN DIE GELIEFERTEN ARTIKEL MINIMAL IN FARBE UND GR\u00d6SSE VARIIEREN<\/strong><\/h6>\n<h6><strong>MINIMALE ABWEICHUNGEN SIND EIN QUALIT\u00c4TSMERKMAL, UND STELLEN KEINEN MANGEL DA.<\/strong><\/h6>\n<h6><strong>\u00a0<\/strong><\/h6>\n<h6><strong>F\u00dcR R\u00dcCKFRAGEN STEHEN WIR JEDERZEIT ZUR VERF\u00dcGUNG; GERNE PERS\u00d6NLICH, ODER AUCH AM TELEFON.<\/strong><\/h6>\n","protected":false},"featured_media":651,"template":"","meta":[],"product_brand":[],"product_cat":[110,69],"product_tag":[38,37,41,75,71,40,84,52],"class_list":{"0":"post-650","1":"product","2":"type-product","3":"status-publish","4":"has-post-thumbnail","6":"product_cat-geschenke","7":"product_cat-kerzen","8":"product_tag-accessoires","9":"product_tag-dekoration","10":"product_tag-gift","11":"product_tag-handwerkskunst","12":"product_tag-kerzen","13":"product_tag-living","14":"product_tag-qualitaet","15":"product_tag-schoener-leben","16":"product_shipping_class-kleine-pakete","18":"first","19":"outofstock","20":"purchasable","21":"product-type-simple"},"_links":{"self":[{"href":"https:\/\/shop.mira-fleur.de\/shop\/wp-json\/wp\/v2\/product\/650","targetHints":{"allow":["GET"]}}],"collection":[{"href":"https:\/\/shop.mira-fleur.de\/shop\/wp-json\/wp\/v2\/product"}],"about":[{"href":"https:\/\/shop.mira-fleur.de\/shop\/wp-json\/wp\/v2\/types\/product"}],"wp:featuredmedia":[{"embeddable":true,"href":"https:\/\/shop.mira-fleur.de\/shop\/wp-json\/wp\/v2\/media\/651"}],"wp:attachment":[{"href":"https:\/\/shop.mira-fleur.de\/shop\/wp-json\/wp\/v2\/media?parent=650"}],"wp:term":[{"taxonomy":"product_brand","embeddable":true,"href":"https:\/\/shop.mira-fleur.de\/shop\/wp-json\/wp\/v2\/product_brand?post=650"},{"taxonomy":"product_cat","embeddable":true,"href":"https:\/\/shop.mira-fleur.de\/shop\/wp-json\/wp\/v2\/product_cat?post=650"},{"taxonomy":"product_tag","embeddable":true,"href":"https:\/\/shop.mira-fleur.de\/shop\/wp-json\/wp\/v2\/product_tag?post=650"}],"curies":[{"name":"wp","href":"https:\/\/api.w.org\/{rel}","templated":true}]}}