{"id":624,"date":"2024-06-11T15:53:34","date_gmt":"2024-06-11T13:53:34","guid":{"rendered":"https:\/\/shop.mira-fleur.de\/shop\/?post_type=product&#038;p=624"},"modified":"2024-06-11T15:53:34","modified_gmt":"2024-06-11T13:53:34","slug":"futternapf-tchin-tchin-groesse-m-fuchsia","status":"publish","type":"product","link":"https:\/\/shop.mira-fleur.de\/shop\/produkt\/futternapf-tchin-tchin-groesse-m-fuchsia\/","title":{"rendered":"Futternapf &#8222;Tchin Tchin&#8220;  Gr\u00f6\u00dfe M \/ Fuchsia"},"content":{"rendered":"<p><a href=\"https:\/\/shop.mira-fleur.de\/wp-content\/uploads\/2024\/06\/Futternapf_TschinTschin_1158704088_800x800.jpg\"><img fetchpriority=\"high\" decoding=\"async\" class=\"alignnone size-medium wp-image-625\" src=\"https:\/\/shop.mira-fleur.de\/wp-content\/uploads\/2024\/06\/Futternapf_TschinTschin_1158704088_800x800-300x300.jpg\" alt=\"\" width=\"300\" height=\"300\" srcset=\"https:\/\/shop.mira-fleur.de\/wp-content\/uploads\/2024\/06\/Futternapf_TschinTschin_1158704088_800x800-300x300.jpg 300w, https:\/\/shop.mira-fleur.de\/wp-content\/uploads\/2024\/06\/Futternapf_TschinTschin_1158704088_800x800-150x150.jpg 150w, https:\/\/shop.mira-fleur.de\/wp-content\/uploads\/2024\/06\/Futternapf_TschinTschin_1158704088_800x800-768x768.jpg 768w, https:\/\/shop.mira-fleur.de\/wp-content\/uploads\/2024\/06\/Futternapf_TschinTschin_1158704088_800x800-600x600.jpg 600w, https:\/\/shop.mira-fleur.de\/wp-content\/uploads\/2024\/06\/Futternapf_TschinTschin_1158704088_800x800-100x100.jpg 100w, https:\/\/shop.mira-fleur.de\/wp-content\/uploads\/2024\/06\/Futternapf_TschinTschin_1158704088_800x800.jpg 800w\" sizes=\"(max-width: 300px) 100vw, 300px\" \/><\/a><\/p>\n<p>Futternapf\u00a0 Motiv &#8222;Tchin Tchin&#8220; Gr\u00f6\u00dfe M in Fuchsia.<\/p>\n<p>Als Geschenk oder f\u00fcr Ihr eigenes Haustier&#8230;<\/p>\n<p>Hochwertiger Futternapf aus Eisen mit herausnehmbarem Edelstahl Einsatz (zur Reinigung im Geschirrsp\u00fcler m\u00f6glich) .<\/p>\n<p>Gummierter Fu\u00df, damit der Futternapf nicht wegrutschen kann.<\/p>\n<p>H\u00f6he : 9cm<\/p>\n<p>Durchmesser : 20cm<\/p>\n<p>Artikelnummer : GC1158704088<\/p>\n","protected":false},"excerpt":{"rendered":"<p>Futternapf\u00a0 Motiv &#8222;Tchin Tchin&#8220; Gr\u00f6\u00dfe M in Fuchsia.<\/p>\n<p>Als Geschenk oder f\u00fcr Ihr eigenes Haustier&#8230;<\/p>\n<p>Hochwertiger Futternapf aus Eisen mit herausnehmbarem Edelstahl Einsatz (zur Reinigung im Geschirrsp\u00fcler m\u00f6glich) .<\/p>\n<p>Gummierter Fu\u00df, damit der Futternapf nicht wegrutschen kann.<\/p>\n<p>H\u00f6he : 9cm<\/p>\n<p>Durchmesser : 20cm<\/p>\n<p>Artikelnummer : GC1158704088<\/p>\n<p>&nbsp;<\/p>\n<h6><strong>UNSERE KLEINODE SIND HANDWERKLICH HERGESTELLT, UND SOMIT K\u00d6NNEN DIE GELIEFERTEN ARTIKEL MINIMAL IN FARBE UND GR\u00d6SSE VARIIEREN<\/strong><\/h6>\n<h6><strong>MINIMALE ABWEICHUNGEN SIND EIN QUALIT\u00c4TSMERKMAL, UND STELLEN KEINEN MANGEL DA.<\/strong><\/h6>\n<h6><strong>\u00a0<\/strong><\/h6>\n<h6><strong>F\u00dcR R\u00dcCKFRAGEN STEHEN WIR JEDERZEIT ZUR VERF\u00dcGUNG; GERNE PERS\u00d6NLICH, ODER AUCH AM TELEFON.<\/strong><\/h6>\n","protected":false},"featured_media":625,"template":"","meta":[],"product_brand":[],"product_cat":[48,110],"product_tag":[38,75,39,40,44],"class_list":{"0":"post-624","1":"product","2":"type-product","3":"status-publish","4":"has-post-thumbnail","6":"product_cat-fine-dining","7":"product_cat-geschenke","8":"product_tag-accessoires","9":"product_tag-handwerkskunst","10":"product_tag-indoor","11":"product_tag-living","12":"product_tag-outdoor","13":"product_shipping_class-kleine-pakete","15":"first","16":"instock","17":"purchasable","18":"product-type-simple"},"_links":{"self":[{"href":"https:\/\/shop.mira-fleur.de\/shop\/wp-json\/wp\/v2\/product\/624","targetHints":{"allow":["GET"]}}],"collection":[{"href":"https:\/\/shop.mira-fleur.de\/shop\/wp-json\/wp\/v2\/product"}],"about":[{"href":"https:\/\/shop.mira-fleur.de\/shop\/wp-json\/wp\/v2\/types\/product"}],"wp:featuredmedia":[{"embeddable":true,"href":"https:\/\/shop.mira-fleur.de\/shop\/wp-json\/wp\/v2\/media\/625"}],"wp:attachment":[{"href":"https:\/\/shop.mira-fleur.de\/shop\/wp-json\/wp\/v2\/media?parent=624"}],"wp:term":[{"taxonomy":"product_brand","embeddable":true,"href":"https:\/\/shop.mira-fleur.de\/shop\/wp-json\/wp\/v2\/product_brand?post=624"},{"taxonomy":"product_cat","embeddable":true,"href":"https:\/\/shop.mira-fleur.de\/shop\/wp-json\/wp\/v2\/product_cat?post=624"},{"taxonomy":"product_tag","embeddable":true,"href":"https:\/\/shop.mira-fleur.de\/shop\/wp-json\/wp\/v2\/product_tag?post=624"}],"curies":[{"name":"wp","href":"https:\/\/api.w.org\/{rel}","templated":true}]}}