{"id":593,"date":"2024-05-25T12:28:48","date_gmt":"2024-05-25T10:28:48","guid":{"rendered":"https:\/\/shop.mira-fleur.de\/shop\/?post_type=product&#038;p=593"},"modified":"2024-05-25T12:47:06","modified_gmt":"2024-05-25T10:47:06","slug":"blechschild-nostalgie","status":"publish","type":"product","link":"https:\/\/shop.mira-fleur.de\/shop\/produkt\/blechschild-nostalgie\/","title":{"rendered":"Blechschild Nostalgie &#8222;Ice Cream&#8220;"},"content":{"rendered":"<p><a href=\"https:\/\/shop.mira-fleur.de\/wp-content\/uploads\/2024\/05\/Blechschild_Nostalgie_IceCream_rosa.jpg\"><img fetchpriority=\"high\" decoding=\"async\" class=\"alignnone size-medium wp-image-594\" src=\"https:\/\/shop.mira-fleur.de\/wp-content\/uploads\/2024\/05\/Blechschild_Nostalgie_IceCream_rosa-245x300.jpg\" alt=\"\" width=\"245\" height=\"300\" srcset=\"https:\/\/shop.mira-fleur.de\/wp-content\/uploads\/2024\/05\/Blechschild_Nostalgie_IceCream_rosa-245x300.jpg 245w, https:\/\/shop.mira-fleur.de\/wp-content\/uploads\/2024\/05\/Blechschild_Nostalgie_IceCream_rosa-300x368.jpg 300w, https:\/\/shop.mira-fleur.de\/wp-content\/uploads\/2024\/05\/Blechschild_Nostalgie_IceCream_rosa-600x736.jpg 600w, https:\/\/shop.mira-fleur.de\/wp-content\/uploads\/2024\/05\/Blechschild_Nostalgie_IceCream_rosa.jpg 652w\" sizes=\"(max-width: 245px) 100vw, 245px\" \/><\/a><\/p>\n<p>Blechschild Nostalgie &#8222;Ice Cream&#8220; aus Eisen<\/p>\n<p>Zum H\u00e4ngen (inkl. Draht) , oder einfach hinstellen&#8230;<\/p>\n<p>L\u00e4nge : 25cm<\/p>\n<p>Breite : 20cm<\/p>\n<p>Artikelnummer : C&amp;Ee6Y5105en .<\/p>\n","protected":false},"excerpt":{"rendered":"<p>Blechschild Nostalgie &#8222;Ice Cream&#8220;<\/p>\n<p>Zum H\u00e4ngen (inkl. Draht) , oder einfach hinstellen&#8230;<\/p>\n<p>L\u00e4nge : 25cm<\/p>\n<p>Breite : 20cm<\/p>\n<p>Artikelnummer : C&amp;Ee6Y5105en .<\/p>\n<p>&nbsp;<\/p>\n<h6><strong>UNSERE KLEINODE SIND HANDWERKLICH HERGESTELLT, UND SOMIT K\u00d6NNEN DIE GELIEFERTEN ARTIKEL MINIMAL IN FARBE UND GR\u00d6SSE VARIIEREN<\/strong><\/h6>\n<h6><strong>MINIMALE ABWEICHUNGEN SIND EIN QUALIT\u00c4TSMERKMAL, UND STELLEN KEINEN MANGEL DA.<\/strong><\/h6>\n<h6><strong>\u00a0<\/strong><\/h6>\n<h6><strong>F\u00dcR R\u00dcCKFRAGEN STEHEN WIR JEDERZEIT ZUR VERF\u00dcGUNG; GERNE PERS\u00d6NLICH, ODER AUCH AM TELEFON.<\/strong><\/h6>\n","protected":false},"featured_media":594,"template":"","meta":[],"product_brand":[],"product_cat":[109,87,104],"product_tag":[38,77,76,37,78,41,75,40,84,52],"class_list":{"0":"post-593","1":"product","2":"type-product","3":"status-publish","4":"has-post-thumbnail","6":"product_cat-dekoration","7":"product_cat-metall","8":"product_cat-sommer","9":"product_tag-accessoires","10":"product_tag-bohemian","11":"product_tag-boho","12":"product_tag-dekoration","13":"product_tag-ethnostyle","14":"product_tag-gift","15":"product_tag-handwerkskunst","16":"product_tag-living","17":"product_tag-qualitaet","18":"product_tag-schoener-leben","19":"product_shipping_class-kleine-pakete","21":"first","22":"instock","23":"purchasable","24":"product-type-simple"},"_links":{"self":[{"href":"https:\/\/shop.mira-fleur.de\/shop\/wp-json\/wp\/v2\/product\/593","targetHints":{"allow":["GET"]}}],"collection":[{"href":"https:\/\/shop.mira-fleur.de\/shop\/wp-json\/wp\/v2\/product"}],"about":[{"href":"https:\/\/shop.mira-fleur.de\/shop\/wp-json\/wp\/v2\/types\/product"}],"wp:featuredmedia":[{"embeddable":true,"href":"https:\/\/shop.mira-fleur.de\/shop\/wp-json\/wp\/v2\/media\/594"}],"wp:attachment":[{"href":"https:\/\/shop.mira-fleur.de\/shop\/wp-json\/wp\/v2\/media?parent=593"}],"wp:term":[{"taxonomy":"product_brand","embeddable":true,"href":"https:\/\/shop.mira-fleur.de\/shop\/wp-json\/wp\/v2\/product_brand?post=593"},{"taxonomy":"product_cat","embeddable":true,"href":"https:\/\/shop.mira-fleur.de\/shop\/wp-json\/wp\/v2\/product_cat?post=593"},{"taxonomy":"product_tag","embeddable":true,"href":"https:\/\/shop.mira-fleur.de\/shop\/wp-json\/wp\/v2\/product_tag?post=593"}],"curies":[{"name":"wp","href":"https:\/\/api.w.org\/{rel}","templated":true}]}}