{"id":588,"date":"2024-05-25T10:28:45","date_gmt":"2024-05-25T08:28:45","guid":{"rendered":"https:\/\/shop.mira-fleur.de\/shop\/?post_type=product&#038;p=588"},"modified":"2024-05-25T10:44:46","modified_gmt":"2024-05-25T08:44:46","slug":"trinkglas-geschliffen","status":"publish","type":"product","link":"https:\/\/shop.mira-fleur.de\/shop\/produkt\/trinkglas-geschliffen\/","title":{"rendered":"Trinkglas geschliffen"},"content":{"rendered":"<p><a href=\"https:\/\/shop.mira-fleur.de\/wp-content\/uploads\/2024\/05\/Tinkglas_1.jpg\"><img fetchpriority=\"high\" decoding=\"async\" class=\"alignnone size-medium wp-image-589\" src=\"https:\/\/shop.mira-fleur.de\/wp-content\/uploads\/2024\/05\/Tinkglas_1-254x300.jpg\" alt=\"\" width=\"254\" height=\"300\" srcset=\"https:\/\/shop.mira-fleur.de\/wp-content\/uploads\/2024\/05\/Tinkglas_1-254x300.jpg 254w, https:\/\/shop.mira-fleur.de\/wp-content\/uploads\/2024\/05\/Tinkglas_1-300x354.jpg 300w, https:\/\/shop.mira-fleur.de\/wp-content\/uploads\/2024\/05\/Tinkglas_1-600x708.jpg 600w, https:\/\/shop.mira-fleur.de\/wp-content\/uploads\/2024\/05\/Tinkglas_1.jpg 678w\" sizes=\"(max-width: 254px) 100vw, 254px\" \/><\/a> <a href=\"https:\/\/shop.mira-fleur.de\/wp-content\/uploads\/2024\/05\/Tinkglas_2.jpg\"><img decoding=\"async\" class=\"alignnone size-medium wp-image-590\" src=\"https:\/\/shop.mira-fleur.de\/wp-content\/uploads\/2024\/05\/Tinkglas_2-300x142.jpg\" alt=\"\" width=\"300\" height=\"142\" srcset=\"https:\/\/shop.mira-fleur.de\/wp-content\/uploads\/2024\/05\/Tinkglas_2-300x142.jpg 300w, https:\/\/shop.mira-fleur.de\/wp-content\/uploads\/2024\/05\/Tinkglas_2-1024x484.jpg 1024w, https:\/\/shop.mira-fleur.de\/wp-content\/uploads\/2024\/05\/Tinkglas_2-768x363.jpg 768w, https:\/\/shop.mira-fleur.de\/wp-content\/uploads\/2024\/05\/Tinkglas_2-1536x725.jpg 1536w, https:\/\/shop.mira-fleur.de\/wp-content\/uploads\/2024\/05\/Tinkglas_2-600x283.jpg 600w, https:\/\/shop.mira-fleur.de\/wp-content\/uploads\/2024\/05\/Tinkglas_2.jpg 1694w\" sizes=\"(max-width: 300px) 100vw, 300px\" \/><\/a> <a href=\"https:\/\/shop.mira-fleur.de\/wp-content\/uploads\/2024\/05\/Tinkglas_3.jpg\"><img decoding=\"async\" class=\"alignnone size-medium wp-image-591\" src=\"https:\/\/shop.mira-fleur.de\/wp-content\/uploads\/2024\/05\/Tinkglas_3-256x300.jpg\" alt=\"\" width=\"256\" height=\"300\" srcset=\"https:\/\/shop.mira-fleur.de\/wp-content\/uploads\/2024\/05\/Tinkglas_3-256x300.jpg 256w, https:\/\/shop.mira-fleur.de\/wp-content\/uploads\/2024\/05\/Tinkglas_3-300x351.jpg 300w, https:\/\/shop.mira-fleur.de\/wp-content\/uploads\/2024\/05\/Tinkglas_3-600x703.jpg 600w, https:\/\/shop.mira-fleur.de\/wp-content\/uploads\/2024\/05\/Tinkglas_3.jpg 683w\" sizes=\"(max-width: 256px) 100vw, 256px\" \/><\/a><\/p>\n<p>Trinkglas geschliffen f\u00fcr Wasser oder jedes andere Getr\u00e4nk.<\/p>\n<p>Ein Schmuck auf Ihrem Esstisch.<\/p>\n<p>H\u00f6he : 9cm<\/p>\n<p>Durchmesser : 8cm<\/p>\n<p>Artikelnummer : Hf0001<\/p>\n<p>Gr\u00f6\u00dfere Anzahl Preis gern auf Anfrage \ud83d\ude42<\/p>\n","protected":false},"excerpt":{"rendered":"<p>Trinkglas geschliffen f\u00fcr Wasser oder jedes andere Getr\u00e4nk.<\/p>\n<p>Ein Schmuck auf Ihrem Esstisch.<\/p>\n<p>H\u00f6he : 9cm<\/p>\n<p>Durchmesser : 8cm<\/p>\n<p>Artikelnummer : Hf0001<\/p>\n<p>Gr\u00f6\u00dfere Anzahl Preis gern auf Anfrage \ud83d\ude42<\/p>\n<p>&nbsp;<\/p>\n<h6><strong>UNSERE KLEINODE SIND HANDWERKLICH HERGESTELLT, UND SOMIT K\u00d6NNEN DIE GELIEFERTEN ARTIKEL MINIMAL IN FARBE UND GR\u00d6SSE VARIIEREN<\/strong><\/h6>\n<h6><strong>MINIMALE ABWEICHUNGEN SIND EIN QUALIT\u00c4TSMERKMAL, UND STELLEN KEINEN MANGEL DA.<\/strong><\/h6>\n<h6><strong>\u00a0<\/strong><\/h6>\n<h6><strong>F\u00dcR R\u00dcCKFRAGEN STEHEN WIR JEDERZEIT ZUR VERF\u00dcGUNG; GERNE PERS\u00d6NLICH, ODER AUCH AM TELEFON<\/strong><\/h6>\n","protected":false},"featured_media":589,"template":"","meta":[],"product_brand":[],"product_cat":[48,25,47],"product_tag":[38,37,51,78,41,34,75,39,40,84,52,50,59],"class_list":{"0":"post-588","1":"product","2":"type-product","3":"status-publish","4":"has-post-thumbnail","6":"product_cat-fine-dining","7":"product_cat-glas","8":"product_cat-tischkultur","9":"product_tag-accessoires","10":"product_tag-dekoration","11":"product_tag-edle-trinkgefaesse","12":"product_tag-ethnostyle","13":"product_tag-gift","14":"product_tag-glas","15":"product_tag-handwerkskunst","16":"product_tag-indoor","17":"product_tag-living","18":"product_tag-qualitaet","19":"product_tag-schoener-leben","20":"product_tag-tisckultur","21":"product_tag-wasser","22":"product_shipping_class-kleine-pakete","24":"first","25":"instock","26":"purchasable","27":"product-type-simple"},"_links":{"self":[{"href":"https:\/\/shop.mira-fleur.de\/shop\/wp-json\/wp\/v2\/product\/588","targetHints":{"allow":["GET"]}}],"collection":[{"href":"https:\/\/shop.mira-fleur.de\/shop\/wp-json\/wp\/v2\/product"}],"about":[{"href":"https:\/\/shop.mira-fleur.de\/shop\/wp-json\/wp\/v2\/types\/product"}],"wp:featuredmedia":[{"embeddable":true,"href":"https:\/\/shop.mira-fleur.de\/shop\/wp-json\/wp\/v2\/media\/589"}],"wp:attachment":[{"href":"https:\/\/shop.mira-fleur.de\/shop\/wp-json\/wp\/v2\/media?parent=588"}],"wp:term":[{"taxonomy":"product_brand","embeddable":true,"href":"https:\/\/shop.mira-fleur.de\/shop\/wp-json\/wp\/v2\/product_brand?post=588"},{"taxonomy":"product_cat","embeddable":true,"href":"https:\/\/shop.mira-fleur.de\/shop\/wp-json\/wp\/v2\/product_cat?post=588"},{"taxonomy":"product_tag","embeddable":true,"href":"https:\/\/shop.mira-fleur.de\/shop\/wp-json\/wp\/v2\/product_tag?post=588"}],"curies":[{"name":"wp","href":"https:\/\/api.w.org\/{rel}","templated":true}]}}