{"id":580,"date":"2024-05-24T14:36:48","date_gmt":"2024-05-24T12:36:48","guid":{"rendered":"https:\/\/shop.mira-fleur.de\/shop\/?post_type=product&#038;p=580"},"modified":"2024-05-24T14:38:42","modified_gmt":"2024-05-24T12:38:42","slug":"schrank-metall-industrie-look","status":"publish","type":"product","link":"https:\/\/shop.mira-fleur.de\/shop\/produkt\/schrank-metall-industrie-look\/","title":{"rendered":"Schrank Metall Industrie Look"},"content":{"rendered":"<p><a href=\"https:\/\/shop.mira-fleur.de\/wp-content\/uploads\/2024\/05\/MetallSchrank_mit_Deko_2.jpg\"><img decoding=\"async\" class=\"alignnone size-medium wp-image-582\" src=\"https:\/\/shop.mira-fleur.de\/wp-content\/uploads\/2024\/05\/MetallSchrank_mit_Deko_2-135x300.jpg\" alt=\"\" width=\"135\" height=\"300\" srcset=\"https:\/\/shop.mira-fleur.de\/wp-content\/uploads\/2024\/05\/MetallSchrank_mit_Deko_2-135x300.jpg 135w, https:\/\/shop.mira-fleur.de\/wp-content\/uploads\/2024\/05\/MetallSchrank_mit_Deko_2-300x665.jpg 300w, https:\/\/shop.mira-fleur.de\/wp-content\/uploads\/2024\/05\/MetallSchrank_mit_Deko_2.jpg 361w\" sizes=\"(max-width: 135px) 100vw, 135px\" \/><\/a><a href=\"https:\/\/shop.mira-fleur.de\/wp-content\/uploads\/2024\/05\/MetallSchrank_mit_Massen.jpg\"><img decoding=\"async\" class=\"alignnone size-medium wp-image-583\" src=\"https:\/\/shop.mira-fleur.de\/wp-content\/uploads\/2024\/05\/MetallSchrank_mit_Massen-144x300.jpg\" alt=\"\" width=\"144\" height=\"300\" srcset=\"https:\/\/shop.mira-fleur.de\/wp-content\/uploads\/2024\/05\/MetallSchrank_mit_Massen-144x300.jpg 144w, https:\/\/shop.mira-fleur.de\/wp-content\/uploads\/2024\/05\/MetallSchrank_mit_Massen-300x625.jpg 300w, https:\/\/shop.mira-fleur.de\/wp-content\/uploads\/2024\/05\/MetallSchrank_mit_Massen.jpg 384w\" sizes=\"(max-width: 144px) 100vw, 144px\" \/><\/a><a href=\"https:\/\/shop.mira-fleur.de\/wp-content\/uploads\/2024\/05\/MetallSchrank_mit_Deko.jpg\"><img decoding=\"async\" class=\"alignnone size-medium wp-image-581\" src=\"https:\/\/shop.mira-fleur.de\/wp-content\/uploads\/2024\/05\/MetallSchrank_mit_Deko-138x300.jpg\" alt=\"\" width=\"138\" height=\"300\" srcset=\"https:\/\/shop.mira-fleur.de\/wp-content\/uploads\/2024\/05\/MetallSchrank_mit_Deko-138x300.jpg 138w, https:\/\/shop.mira-fleur.de\/wp-content\/uploads\/2024\/05\/MetallSchrank_mit_Deko-300x654.jpg 300w, https:\/\/shop.mira-fleur.de\/wp-content\/uploads\/2024\/05\/MetallSchrank_mit_Deko.jpg 367w\" sizes=\"(max-width: 138px) 100vw, 138px\" \/><\/a><\/p>\n<p>Schrank aus Metall im angesagten Industrielook.<\/p>\n<p>Handarbeit, mit Glasscheiben, die T\u00fcren schlie\u00dfen mit Magneten.<\/p>\n<p>H\u00f6he : 183cm<\/p>\n<p>Breite : 63cm<\/p>\n<p>Tiefe : 41cm<\/p>\n<p>(Aufgrund der Ma\u00dfe Abholung bei uns im Gesch\u00e4ft, oder wir liefern pers\u00f6nlich im Nahbereich 50km. Ansonsten Lieferung per Spedition als Sperrgut.)<\/p>\n<p>Artikelnummer: P&amp;M674353<\/p>\n","protected":false},"excerpt":{"rendered":"<p>Schrank aus Metall im angesagten Industrielook.<\/p>\n<p>Handarbeit, mit Glasscheiben, die T\u00fcren schlie\u00dfen mit Magneten.<\/p>\n<p>H\u00f6he : 183cm<\/p>\n<p>Breite : 63cm<\/p>\n<p>Tiefe : 41cm<\/p>\n<p>(Aufgrund der Ma\u00dfe Abholung bei uns im Gesch\u00e4ft, oder wir liefern pers\u00f6nlich im Nahbereich 50km. Ansonsten Lieferung per Spedition als Sperrgut.)<\/p>\n<p>Artikelnummer: P&amp;M674353<\/p>\n<p>&nbsp;<\/p>\n<h6><strong>UNSERE KLEINODE SIND HANDWERKLICH HERGESTELLT, UND SOMIT K\u00d6NNEN DIE GELIEFERTEN ARTIKEL MINIMAL IN FARBE UND GR\u00d6SSE VARIIEREN<\/strong><\/h6>\n<h6><strong>MINIMALE ABWEICHUNGEN SIND EIN QUALIT\u00c4TSMERKMAL, UND STELLEN KEINEN MANGEL DA.<\/strong><\/h6>\n<h6><strong>\u00a0<\/strong><\/h6>\n<h6><strong>F\u00dcR R\u00dcCKFRAGEN STEHEN WIR JEDERZEIT ZUR VERF\u00dcGUNG; GERNE PERS\u00d6NLICH, ODER AUCH AM TELEFON.<\/strong><\/h6>\n","protected":false},"featured_media":583,"template":"","meta":[],"product_brand":[],"product_cat":[28],"product_tag":[37,78,41,34,75,39,40,44,84,52],"class_list":{"0":"post-580","1":"product","2":"type-product","3":"status-publish","4":"has-post-thumbnail","6":"product_cat-kleinmoebel","7":"product_tag-dekoration","8":"product_tag-ethnostyle","9":"product_tag-gift","10":"product_tag-glas","11":"product_tag-handwerkskunst","12":"product_tag-indoor","13":"product_tag-living","14":"product_tag-outdoor","15":"product_tag-qualitaet","16":"product_tag-schoener-leben","17":"product_shipping_class-abholung-im-geschaeft-kostenlos","19":"first","20":"instock","21":"sale","22":"purchasable","23":"product-type-simple"},"_links":{"self":[{"href":"https:\/\/shop.mira-fleur.de\/shop\/wp-json\/wp\/v2\/product\/580","targetHints":{"allow":["GET"]}}],"collection":[{"href":"https:\/\/shop.mira-fleur.de\/shop\/wp-json\/wp\/v2\/product"}],"about":[{"href":"https:\/\/shop.mira-fleur.de\/shop\/wp-json\/wp\/v2\/types\/product"}],"wp:featuredmedia":[{"embeddable":true,"href":"https:\/\/shop.mira-fleur.de\/shop\/wp-json\/wp\/v2\/media\/583"}],"wp:attachment":[{"href":"https:\/\/shop.mira-fleur.de\/shop\/wp-json\/wp\/v2\/media?parent=580"}],"wp:term":[{"taxonomy":"product_brand","embeddable":true,"href":"https:\/\/shop.mira-fleur.de\/shop\/wp-json\/wp\/v2\/product_brand?post=580"},{"taxonomy":"product_cat","embeddable":true,"href":"https:\/\/shop.mira-fleur.de\/shop\/wp-json\/wp\/v2\/product_cat?post=580"},{"taxonomy":"product_tag","embeddable":true,"href":"https:\/\/shop.mira-fleur.de\/shop\/wp-json\/wp\/v2\/product_tag?post=580"}],"curies":[{"name":"wp","href":"https:\/\/api.w.org\/{rel}","templated":true}]}}