{"id":577,"date":"2024-05-24T13:23:18","date_gmt":"2024-05-24T11:23:18","guid":{"rendered":"https:\/\/shop.mira-fleur.de\/shop\/?post_type=product&#038;p=577"},"modified":"2024-05-24T13:23:19","modified_gmt":"2024-05-24T11:23:19","slug":"bank-boho","status":"publish","type":"product","link":"https:\/\/shop.mira-fleur.de\/shop\/produkt\/bank-boho\/","title":{"rendered":"Bank Boho"},"content":{"rendered":"<p>&nbsp;<\/p>\n<p><a href=\"https:\/\/shop.mira-fleur.de\/wp-content\/uploads\/2024\/05\/bohobank_3.jpg\"><img fetchpriority=\"high\" decoding=\"async\" class=\"alignnone size-medium wp-image-579\" src=\"https:\/\/shop.mira-fleur.de\/wp-content\/uploads\/2024\/05\/bohobank_3-300x219.jpg\" alt=\"\" width=\"300\" height=\"219\" srcset=\"https:\/\/shop.mira-fleur.de\/wp-content\/uploads\/2024\/05\/bohobank_3-300x219.jpg 300w, https:\/\/shop.mira-fleur.de\/wp-content\/uploads\/2024\/05\/bohobank_3-1024x747.jpg 1024w, https:\/\/shop.mira-fleur.de\/wp-content\/uploads\/2024\/05\/bohobank_3-768x561.jpg 768w, https:\/\/shop.mira-fleur.de\/wp-content\/uploads\/2024\/05\/bohobank_3-600x438.jpg 600w, https:\/\/shop.mira-fleur.de\/wp-content\/uploads\/2024\/05\/bohobank_3.jpg 1096w\" sizes=\"(max-width: 300px) 100vw, 300px\" \/><\/a><a href=\"https:\/\/shop.mira-fleur.de\/wp-content\/uploads\/2024\/05\/bohobank.jpg\"><img decoding=\"async\" class=\"alignnone size-medium wp-image-578\" src=\"https:\/\/shop.mira-fleur.de\/wp-content\/uploads\/2024\/05\/bohobank-225x300.jpg\" alt=\"\" width=\"225\" height=\"300\" srcset=\"https:\/\/shop.mira-fleur.de\/wp-content\/uploads\/2024\/05\/bohobank-225x300.jpg 225w, https:\/\/shop.mira-fleur.de\/wp-content\/uploads\/2024\/05\/bohobank-300x400.jpg 300w, https:\/\/shop.mira-fleur.de\/wp-content\/uploads\/2024\/05\/bohobank.jpg 600w\" sizes=\"(max-width: 225px) 100vw, 225px\" \/><\/a><\/p>\n<p>Bank Bohemian Look<\/p>\n<p>Natur Holzgestell mit Jute geflochten.<\/p>\n<p>H\u00f6he : 55cm<\/p>\n<p>Breite : 44cm<\/p>\n<p>L\u00e4nge : 152cm<\/p>\n<p>(aufgrund der Gr\u00f6\u00dfe Abholung bei uns, oder pers\u00f6nliche Lieferung im Nahbereich bis 50km. Ansonsten Versand als Sperrgut)<\/p>\n<p>&nbsp;<\/p>\n","protected":false},"excerpt":{"rendered":"<p>Bank Bohemian Look<\/p>\n<p>Natur Holzgestell mit Jute geflochten.<\/p>\n<p>H\u00f6he : 55cm<\/p>\n<p>Breite : 44cm<\/p>\n<p>L\u00e4nge : 152cm<\/p>\n<p>(aufgrund der Gr\u00f6\u00dfe Abholung bei uns, oder pers\u00f6nliche Lieferung im Nahbereich bis 50km. Ansonsten Versand als Sperrgut)<\/p>\n<p>&nbsp;<\/p>\n<h6><strong>UNSERE KLEINODE SIND HANDWERKLICH HERGESTELLT, UND SOMIT K\u00d6NNEN DIE GELIEFERTEN ARTIKEL MINIMAL IN FARBE UND GR\u00d6SSE VARIIEREN<\/strong><\/h6>\n<h6><strong>MINIMALE ABWEICHUNGEN SIND EIN QUALIT\u00c4TSMERKMAL, UND STELLEN KEINEN MANGEL DA.<\/strong><\/h6>\n<h6><strong>\u00a0<\/strong><\/h6>\n<h6><strong>F\u00dcR R\u00dcCKFRAGEN STEHEN WIR JEDERZEIT ZUR VERF\u00dcGUNG; GERNE PERS\u00d6NLICH, ODER AUCH AM TELEFON.<\/strong><\/h6>\n","protected":false},"featured_media":579,"template":"","meta":[],"product_brand":[],"product_cat":[28,104],"product_tag":[38,77,76,37,78,41,75,39,40,44,52],"class_list":{"0":"post-577","1":"product","2":"type-product","3":"status-publish","4":"has-post-thumbnail","6":"product_cat-kleinmoebel","7":"product_cat-sommer","8":"product_tag-accessoires","9":"product_tag-bohemian","10":"product_tag-boho","11":"product_tag-dekoration","12":"product_tag-ethnostyle","13":"product_tag-gift","14":"product_tag-handwerkskunst","15":"product_tag-indoor","16":"product_tag-living","17":"product_tag-outdoor","18":"product_tag-schoener-leben","19":"product_shipping_class-abholung-im-geschaeft-kostenlos","21":"first","22":"instock","23":"sale","24":"purchasable","25":"product-type-simple"},"_links":{"self":[{"href":"https:\/\/shop.mira-fleur.de\/shop\/wp-json\/wp\/v2\/product\/577","targetHints":{"allow":["GET"]}}],"collection":[{"href":"https:\/\/shop.mira-fleur.de\/shop\/wp-json\/wp\/v2\/product"}],"about":[{"href":"https:\/\/shop.mira-fleur.de\/shop\/wp-json\/wp\/v2\/types\/product"}],"wp:featuredmedia":[{"embeddable":true,"href":"https:\/\/shop.mira-fleur.de\/shop\/wp-json\/wp\/v2\/media\/579"}],"wp:attachment":[{"href":"https:\/\/shop.mira-fleur.de\/shop\/wp-json\/wp\/v2\/media?parent=577"}],"wp:term":[{"taxonomy":"product_brand","embeddable":true,"href":"https:\/\/shop.mira-fleur.de\/shop\/wp-json\/wp\/v2\/product_brand?post=577"},{"taxonomy":"product_cat","embeddable":true,"href":"https:\/\/shop.mira-fleur.de\/shop\/wp-json\/wp\/v2\/product_cat?post=577"},{"taxonomy":"product_tag","embeddable":true,"href":"https:\/\/shop.mira-fleur.de\/shop\/wp-json\/wp\/v2\/product_tag?post=577"}],"curies":[{"name":"wp","href":"https:\/\/api.w.org\/{rel}","templated":true}]}}