{"id":515,"date":"2024-04-05T17:48:56","date_gmt":"2024-04-05T15:48:56","guid":{"rendered":"https:\/\/shop.mira-fleur.de\/?post_type=product&#038;p=515"},"modified":"2024-05-23T11:44:04","modified_gmt":"2024-05-23T09:44:04","slug":"vase-zitronen-steingut-gelb-amalfi","status":"publish","type":"product","link":"https:\/\/shop.mira-fleur.de\/shop\/produkt\/vase-zitronen-steingut-gelb-amalfi\/","title":{"rendered":"Vase Zitronen, Steingut, Gelb Amalfi"},"content":{"rendered":"<p><a href=\"https:\/\/shop.mira-fleur.de\/wp-content\/uploads\/2024\/04\/Vase_Zitrone_54507_2.jpg\"><img fetchpriority=\"high\" decoding=\"async\" class=\"alignnone size-medium wp-image-516\" src=\"https:\/\/shop.mira-fleur.de\/wp-content\/uploads\/2024\/04\/Vase_Zitrone_54507_2-300x300.jpg\" alt=\"\" width=\"300\" height=\"300\" srcset=\"https:\/\/shop.mira-fleur.de\/wp-content\/uploads\/2024\/04\/Vase_Zitrone_54507_2-300x300.jpg 300w, https:\/\/shop.mira-fleur.de\/wp-content\/uploads\/2024\/04\/Vase_Zitrone_54507_2-150x150.jpg 150w, https:\/\/shop.mira-fleur.de\/wp-content\/uploads\/2024\/04\/Vase_Zitrone_54507_2-100x100.jpg 100w, https:\/\/shop.mira-fleur.de\/wp-content\/uploads\/2024\/04\/Vase_Zitrone_54507_2.jpg 600w\" sizes=\"(max-width: 300px) 100vw, 300px\" \/><\/a> <a href=\"https:\/\/shop.mira-fleur.de\/wp-content\/uploads\/2024\/04\/Vase_Zitrone_54507_3.jpg\"><img decoding=\"async\" class=\"alignnone size-medium wp-image-517\" src=\"https:\/\/shop.mira-fleur.de\/wp-content\/uploads\/2024\/04\/Vase_Zitrone_54507_3-300x300.jpg\" alt=\"\" width=\"300\" height=\"300\" srcset=\"https:\/\/shop.mira-fleur.de\/wp-content\/uploads\/2024\/04\/Vase_Zitrone_54507_3-300x300.jpg 300w, https:\/\/shop.mira-fleur.de\/wp-content\/uploads\/2024\/04\/Vase_Zitrone_54507_3-150x150.jpg 150w, https:\/\/shop.mira-fleur.de\/wp-content\/uploads\/2024\/04\/Vase_Zitrone_54507_3-100x100.jpg 100w, https:\/\/shop.mira-fleur.de\/wp-content\/uploads\/2024\/04\/Vase_Zitrone_54507_3.jpg 600w\" sizes=\"(max-width: 300px) 100vw, 300px\" \/><\/a> <a href=\"https:\/\/shop.mira-fleur.de\/wp-content\/uploads\/2024\/04\/Vase_Zitrone_54507_800x800.jpg\"><img decoding=\"async\" class=\"alignnone size-medium wp-image-518\" src=\"https:\/\/shop.mira-fleur.de\/wp-content\/uploads\/2024\/04\/Vase_Zitrone_54507_800x800-300x300.jpg\" alt=\"\" width=\"300\" height=\"300\" srcset=\"https:\/\/shop.mira-fleur.de\/wp-content\/uploads\/2024\/04\/Vase_Zitrone_54507_800x800-300x300.jpg 300w, https:\/\/shop.mira-fleur.de\/wp-content\/uploads\/2024\/04\/Vase_Zitrone_54507_800x800-150x150.jpg 150w, https:\/\/shop.mira-fleur.de\/wp-content\/uploads\/2024\/04\/Vase_Zitrone_54507_800x800-768x768.jpg 768w, https:\/\/shop.mira-fleur.de\/wp-content\/uploads\/2024\/04\/Vase_Zitrone_54507_800x800-600x600.jpg 600w, https:\/\/shop.mira-fleur.de\/wp-content\/uploads\/2024\/04\/Vase_Zitrone_54507_800x800-100x100.jpg 100w, https:\/\/shop.mira-fleur.de\/wp-content\/uploads\/2024\/04\/Vase_Zitrone_54507_800x800.jpg 800w\" sizes=\"(max-width: 300px) 100vw, 300px\" \/><\/a><\/p>\n<p>Vase Zitronen, Steingut, Gelb<\/p>\n<p>L\u00e4nge<strong>: <\/strong>19.00 cm<\/p>\n<p>Breite<strong>: <\/strong>19.00 cm<\/p>\n<p>H\u00f6he<strong>: <\/strong>26.00 cm<\/p>\n<p>Artikel-Nr: 54507<\/p>\n<p>F\u00fcr R\u00fcckfragen stehen wir gerne pers\u00f6nlich zur Verf\u00fcgung.<\/p>\n","protected":false},"excerpt":{"rendered":"<p>Vase Zitronen, Steingut, Gelb<\/p>\n<p>L\u00e4nge<strong>: <\/strong>19.00 cm<\/p>\n<p>Breite<strong>: <\/strong>19.00 cm<\/p>\n<p>H\u00f6he<strong>: <\/strong>26.00 cm<\/p>\n<p>Artikel-Nr: 54507<\/p>\n<p>F\u00fcr R\u00fcckfragen stehen wir gerne pers\u00f6nlich zur Verf\u00fcgung.<\/p>\n<p>&nbsp;<\/p>\n<h4>Unsere Kleinode sind handwerklich hergestellt, und somit k\u00f6nnen die gelieferten Artikel minimal in Farbe und Gr\u00f6\u00dfe variieren.<\/h4>\n<h4>Minimale Abweichungen sind ein Qualit\u00e4tsmerkmal, und stellen keinen Mangel da.<\/h4>\n","protected":false},"featured_media":518,"template":"","meta":[],"product_brand":[],"product_cat":[20,27,108,26,104,70],"product_tag":[38,36,77,37,41,75,39,40,44,102,84,52,50,35],"class_list":{"0":"post-515","1":"product","2":"type-product","3":"status-publish","4":"has-post-thumbnail","6":"product_cat-fruehjahr","7":"product_cat-indoor","8":"product_cat-keramik","9":"product_cat-outdoor","10":"product_cat-sommer","11":"product_cat-vasen","12":"product_tag-accessoires","13":"product_tag-blumen","14":"product_tag-bohemian","15":"product_tag-dekoration","16":"product_tag-gift","17":"product_tag-handwerkskunst","18":"product_tag-indoor","19":"product_tag-living","20":"product_tag-outdoor","21":"product_tag-porzellan","22":"product_tag-qualitaet","23":"product_tag-schoener-leben","24":"product_tag-tisckultur","25":"product_tag-vase","26":"product_shipping_class-etwas-groessere-1495","28":"first","29":"instock","30":"purchasable","31":"product-type-simple"},"_links":{"self":[{"href":"https:\/\/shop.mira-fleur.de\/shop\/wp-json\/wp\/v2\/product\/515","targetHints":{"allow":["GET"]}}],"collection":[{"href":"https:\/\/shop.mira-fleur.de\/shop\/wp-json\/wp\/v2\/product"}],"about":[{"href":"https:\/\/shop.mira-fleur.de\/shop\/wp-json\/wp\/v2\/types\/product"}],"wp:featuredmedia":[{"embeddable":true,"href":"https:\/\/shop.mira-fleur.de\/shop\/wp-json\/wp\/v2\/media\/518"}],"wp:attachment":[{"href":"https:\/\/shop.mira-fleur.de\/shop\/wp-json\/wp\/v2\/media?parent=515"}],"wp:term":[{"taxonomy":"product_brand","embeddable":true,"href":"https:\/\/shop.mira-fleur.de\/shop\/wp-json\/wp\/v2\/product_brand?post=515"},{"taxonomy":"product_cat","embeddable":true,"href":"https:\/\/shop.mira-fleur.de\/shop\/wp-json\/wp\/v2\/product_cat?post=515"},{"taxonomy":"product_tag","embeddable":true,"href":"https:\/\/shop.mira-fleur.de\/shop\/wp-json\/wp\/v2\/product_tag?post=515"}],"curies":[{"name":"wp","href":"https:\/\/api.w.org\/{rel}","templated":true}]}}