{"id":511,"date":"2024-04-05T17:38:27","date_gmt":"2024-04-05T15:38:27","guid":{"rendered":"https:\/\/shop.mira-fleur.de\/?post_type=product&#038;p=511"},"modified":"2026-04-24T12:42:06","modified_gmt":"2026-04-24T10:42:06","slug":"vase-lilli-glas-mehrfarbig","status":"publish","type":"product","link":"https:\/\/shop.mira-fleur.de\/shop\/produkt\/vase-lilli-glas-mehrfarbig\/","title":{"rendered":"Vase &#8222;Lilli&#8220; Glas, mehrfarbig"},"content":{"rendered":"<p><a href=\"https:\/\/shop.mira-fleur.de\/wp-content\/uploads\/2024\/04\/Vase_Lilli_54277_2.jpg\"><img fetchpriority=\"high\" decoding=\"async\" class=\"alignnone size-medium wp-image-512\" src=\"https:\/\/shop.mira-fleur.de\/wp-content\/uploads\/2024\/04\/Vase_Lilli_54277_2-300x300.jpg\" alt=\"\" width=\"300\" height=\"300\" srcset=\"https:\/\/shop.mira-fleur.de\/wp-content\/uploads\/2024\/04\/Vase_Lilli_54277_2-300x300.jpg 300w, https:\/\/shop.mira-fleur.de\/wp-content\/uploads\/2024\/04\/Vase_Lilli_54277_2-150x150.jpg 150w, https:\/\/shop.mira-fleur.de\/wp-content\/uploads\/2024\/04\/Vase_Lilli_54277_2-100x100.jpg 100w, https:\/\/shop.mira-fleur.de\/wp-content\/uploads\/2024\/04\/Vase_Lilli_54277_2.jpg 600w\" sizes=\"(max-width: 300px) 100vw, 300px\" \/><\/a> <a href=\"https:\/\/shop.mira-fleur.de\/wp-content\/uploads\/2024\/04\/Vase_Lilli_54277_3.jpg\"><img decoding=\"async\" class=\"alignnone size-medium wp-image-513\" src=\"https:\/\/shop.mira-fleur.de\/wp-content\/uploads\/2024\/04\/Vase_Lilli_54277_3-300x300.jpg\" alt=\"\" width=\"300\" height=\"300\" srcset=\"https:\/\/shop.mira-fleur.de\/wp-content\/uploads\/2024\/04\/Vase_Lilli_54277_3-300x300.jpg 300w, https:\/\/shop.mira-fleur.de\/wp-content\/uploads\/2024\/04\/Vase_Lilli_54277_3-150x150.jpg 150w, https:\/\/shop.mira-fleur.de\/wp-content\/uploads\/2024\/04\/Vase_Lilli_54277_3-100x100.jpg 100w, https:\/\/shop.mira-fleur.de\/wp-content\/uploads\/2024\/04\/Vase_Lilli_54277_3.jpg 600w\" sizes=\"(max-width: 300px) 100vw, 300px\" \/><\/a> <a href=\"https:\/\/shop.mira-fleur.de\/wp-content\/uploads\/2024\/04\/Vase_Lilli_54277_800x800.jpg\"><img decoding=\"async\" class=\"alignnone size-medium wp-image-514\" src=\"https:\/\/shop.mira-fleur.de\/wp-content\/uploads\/2024\/04\/Vase_Lilli_54277_800x800-300x300.jpg\" alt=\"\" width=\"300\" height=\"300\" srcset=\"https:\/\/shop.mira-fleur.de\/wp-content\/uploads\/2024\/04\/Vase_Lilli_54277_800x800-300x300.jpg 300w, https:\/\/shop.mira-fleur.de\/wp-content\/uploads\/2024\/04\/Vase_Lilli_54277_800x800-150x150.jpg 150w, https:\/\/shop.mira-fleur.de\/wp-content\/uploads\/2024\/04\/Vase_Lilli_54277_800x800-768x768.jpg 768w, https:\/\/shop.mira-fleur.de\/wp-content\/uploads\/2024\/04\/Vase_Lilli_54277_800x800-600x600.jpg 600w, https:\/\/shop.mira-fleur.de\/wp-content\/uploads\/2024\/04\/Vase_Lilli_54277_800x800-100x100.jpg 100w, https:\/\/shop.mira-fleur.de\/wp-content\/uploads\/2024\/04\/Vase_Lilli_54277_800x800.jpg 800w\" sizes=\"(max-width: 300px) 100vw, 300px\" \/><\/a><\/p>\n<p>Vase &#8222;Lilli&#8220; Glas, mehrfarbig ,schwere Qualit\u00e4t<\/p>\n<p>L\u00e4nge<strong>: <\/strong>18.00 cm<\/p>\n<p>Breite<strong>: <\/strong>18.00 cm<\/p>\n<p>H\u00f6he<strong>: <\/strong>26.50 cm<\/p>\n<p>Artikel-Nr: WV54277<\/p>\n<p>F\u00fcr R\u00fcckfragen stehen wir gerne pers\u00f6nlich zur Verf\u00fcgung<\/p>\n","protected":false},"excerpt":{"rendered":"<p>Vase &#8222;Lilli&#8220; Glas, mehrfarbig ,schwere Qualit\u00e4t<\/p>\n<p>L\u00e4nge<strong>: <\/strong>18.00 cm<\/p>\n<p>Breite<strong>: <\/strong>18.00 cm<\/p>\n<p>H\u00f6he<strong>: <\/strong>26.50 cm<\/p>\n<p>Artikel-Nr: WV54277<\/p>\n<p>F\u00fcr R\u00fcckfragen stehen wir gerne pers\u00f6nlich zur Verf\u00fcgung<\/p>\n<p>&nbsp;<\/p>\n<h5><strong>Unsere Kleinode sind handwerklich hergestellt, und somit k\u00f6nnen die gelieferten Artikel minimal in Farbe und Gr\u00f6\u00dfe variieren.<\/strong><\/h5>\n<h5><strong>Minimale Abweichungen sind ein Qualit\u00e4tsmerkmal, und stellen keinen Mangel da.<\/strong><\/h5>\n","protected":false},"featured_media":514,"template":"","meta":[],"product_brand":[],"product_cat":[20,25,27,104,70],"product_tag":[38,36,37,41,34,75,39,40,44,84,52,35],"class_list":{"0":"post-511","1":"product","2":"type-product","3":"status-publish","4":"has-post-thumbnail","6":"product_cat-fruehjahr","7":"product_cat-glas","8":"product_cat-indoor","9":"product_cat-sommer","10":"product_cat-vasen","11":"product_tag-accessoires","12":"product_tag-blumen","13":"product_tag-dekoration","14":"product_tag-gift","15":"product_tag-glas","16":"product_tag-handwerkskunst","17":"product_tag-indoor","18":"product_tag-living","19":"product_tag-outdoor","20":"product_tag-qualitaet","21":"product_tag-schoener-leben","22":"product_tag-vase","23":"product_shipping_class-etwas-groessere-1495","25":"first","26":"outofstock","27":"purchasable","28":"product-type-simple"},"_links":{"self":[{"href":"https:\/\/shop.mira-fleur.de\/shop\/wp-json\/wp\/v2\/product\/511","targetHints":{"allow":["GET"]}}],"collection":[{"href":"https:\/\/shop.mira-fleur.de\/shop\/wp-json\/wp\/v2\/product"}],"about":[{"href":"https:\/\/shop.mira-fleur.de\/shop\/wp-json\/wp\/v2\/types\/product"}],"wp:featuredmedia":[{"embeddable":true,"href":"https:\/\/shop.mira-fleur.de\/shop\/wp-json\/wp\/v2\/media\/514"}],"wp:attachment":[{"href":"https:\/\/shop.mira-fleur.de\/shop\/wp-json\/wp\/v2\/media?parent=511"}],"wp:term":[{"taxonomy":"product_brand","embeddable":true,"href":"https:\/\/shop.mira-fleur.de\/shop\/wp-json\/wp\/v2\/product_brand?post=511"},{"taxonomy":"product_cat","embeddable":true,"href":"https:\/\/shop.mira-fleur.de\/shop\/wp-json\/wp\/v2\/product_cat?post=511"},{"taxonomy":"product_tag","embeddable":true,"href":"https:\/\/shop.mira-fleur.de\/shop\/wp-json\/wp\/v2\/product_tag?post=511"}],"curies":[{"name":"wp","href":"https:\/\/api.w.org\/{rel}","templated":true}]}}