{"id":495,"date":"2024-03-23T13:01:37","date_gmt":"2024-03-23T12:01:37","guid":{"rendered":"https:\/\/shop.mira-fleur.de\/?post_type=product&#038;p=495"},"modified":"2024-05-23T11:42:50","modified_gmt":"2024-05-23T09:42:50","slug":"uebertopf-vase-arancia-orange-3","status":"publish","type":"product","link":"https:\/\/shop.mira-fleur.de\/shop\/produkt\/uebertopf-vase-arancia-orange-3\/","title":{"rendered":"\u00dcbertopf  Vase &#8222;Arancia&#8220; Orange"},"content":{"rendered":"<p><a href=\"https:\/\/shop.mira-fleur.de\/wp-content\/uploads\/2024\/03\/Uebertopf_Arancia_24x24x32_Hf6345.jpg\"><img fetchpriority=\"high\" decoding=\"async\" class=\"alignnone size-medium wp-image-490\" src=\"https:\/\/shop.mira-fleur.de\/wp-content\/uploads\/2024\/03\/Uebertopf_Arancia_24x24x32_Hf6345-232x300.jpg\" alt=\"\" width=\"232\" height=\"300\" srcset=\"https:\/\/shop.mira-fleur.de\/wp-content\/uploads\/2024\/03\/Uebertopf_Arancia_24x24x32_Hf6345-232x300.jpg 232w, https:\/\/shop.mira-fleur.de\/wp-content\/uploads\/2024\/03\/Uebertopf_Arancia_24x24x32_Hf6345-300x388.jpg 300w, https:\/\/shop.mira-fleur.de\/wp-content\/uploads\/2024\/03\/Uebertopf_Arancia_24x24x32_Hf6345-600x775.jpg 600w, https:\/\/shop.mira-fleur.de\/wp-content\/uploads\/2024\/03\/Uebertopf_Arancia_24x24x32_Hf6345.jpg 619w\" sizes=\"(max-width: 232px) 100vw, 232px\" \/><\/a><a href=\"https:\/\/shop.mira-fleur.de\/wp-content\/uploads\/2024\/03\/Uebertopf_Arancia_24x24x32_Hf6345_1.jpg\"><img decoding=\"async\" class=\"alignnone size-medium wp-image-491\" src=\"https:\/\/shop.mira-fleur.de\/wp-content\/uploads\/2024\/03\/Uebertopf_Arancia_24x24x32_Hf6345_1-300x300.jpg\" alt=\"\" width=\"300\" height=\"300\" srcset=\"https:\/\/shop.mira-fleur.de\/wp-content\/uploads\/2024\/03\/Uebertopf_Arancia_24x24x32_Hf6345_1-300x300.jpg 300w, https:\/\/shop.mira-fleur.de\/wp-content\/uploads\/2024\/03\/Uebertopf_Arancia_24x24x32_Hf6345_1-150x150.jpg 150w, https:\/\/shop.mira-fleur.de\/wp-content\/uploads\/2024\/03\/Uebertopf_Arancia_24x24x32_Hf6345_1-768x768.jpg 768w, https:\/\/shop.mira-fleur.de\/wp-content\/uploads\/2024\/03\/Uebertopf_Arancia_24x24x32_Hf6345_1-600x600.jpg 600w, https:\/\/shop.mira-fleur.de\/wp-content\/uploads\/2024\/03\/Uebertopf_Arancia_24x24x32_Hf6345_1-100x100.jpg 100w, https:\/\/shop.mira-fleur.de\/wp-content\/uploads\/2024\/03\/Uebertopf_Arancia_24x24x32_Hf6345_1.jpg 800w\" sizes=\"(max-width: 300px) 100vw, 300px\" \/><\/a><\/p>\n<p>\u00dcbertopf \/ Vase &#8222;Arancia&#8220; Orange<\/p>\n<p>Schwere Keramik, wasserdicht.<\/p>\n<p>Gr\u00f6\u00dfe: 24x24x32 cm<\/p>\n<p>Artikel-Nr: Hf6345<\/p>\n<p>F\u00fcr R\u00fcckfragen stehen wir gerne pers\u00f6nlich zur Verf\u00fcgung<\/p>\n","protected":false},"excerpt":{"rendered":"<p>\u00dcbertopf \/ Vase &#8222;Arancia&#8220; Orange<\/p>\n<p>Schwere Keramik, wasserdicht.<\/p>\n<p>Gr\u00f6\u00dfe: 24x24x32 cm<\/p>\n<p>Artikel-Nr: Hf6345<\/p>\n<p>F\u00fcr R\u00fcckfragen stehen wir gerne pers\u00f6nlich zur Verf\u00fcgung<\/p>\n<p>&nbsp;<\/p>\n<h6>Unsere Kleinode sind handwerklich hergestellt, und somit k\u00f6nnen die gelieferten Artikel minimal in Farbe und Gr\u00f6\u00dfe variieren.<\/h6>\n<h6>Minimale Abweichungen sind ein Qualit\u00e4tsmerkmal, und stellen keinen Mangel da.<\/h6>\n<h6><\/h6>\n","protected":false},"featured_media":490,"template":"","meta":[],"product_brand":[],"product_cat":[27,108,26,104],"product_tag":[38,36,41,75,39,40,44,45,102,84,52,35],"class_list":{"0":"post-495","1":"product","2":"type-product","3":"status-publish","4":"has-post-thumbnail","6":"product_cat-indoor","7":"product_cat-keramik","8":"product_cat-outdoor","9":"product_cat-sommer","10":"product_tag-accessoires","11":"product_tag-blumen","12":"product_tag-gift","13":"product_tag-handwerkskunst","14":"product_tag-indoor","15":"product_tag-living","16":"product_tag-outdoor","17":"product_tag-pflanzgefaess","18":"product_tag-porzellan","19":"product_tag-qualitaet","20":"product_tag-schoener-leben","21":"product_tag-vase","22":"product_shipping_class-etwas-groessere-1495","24":"first","25":"instock","26":"taxable","27":"shipping-taxable","28":"purchasable","29":"product-type-simple"},"_links":{"self":[{"href":"https:\/\/shop.mira-fleur.de\/shop\/wp-json\/wp\/v2\/product\/495","targetHints":{"allow":["GET"]}}],"collection":[{"href":"https:\/\/shop.mira-fleur.de\/shop\/wp-json\/wp\/v2\/product"}],"about":[{"href":"https:\/\/shop.mira-fleur.de\/shop\/wp-json\/wp\/v2\/types\/product"}],"wp:featuredmedia":[{"embeddable":true,"href":"https:\/\/shop.mira-fleur.de\/shop\/wp-json\/wp\/v2\/media\/490"}],"wp:attachment":[{"href":"https:\/\/shop.mira-fleur.de\/shop\/wp-json\/wp\/v2\/media?parent=495"}],"wp:term":[{"taxonomy":"product_brand","embeddable":true,"href":"https:\/\/shop.mira-fleur.de\/shop\/wp-json\/wp\/v2\/product_brand?post=495"},{"taxonomy":"product_cat","embeddable":true,"href":"https:\/\/shop.mira-fleur.de\/shop\/wp-json\/wp\/v2\/product_cat?post=495"},{"taxonomy":"product_tag","embeddable":true,"href":"https:\/\/shop.mira-fleur.de\/shop\/wp-json\/wp\/v2\/product_tag?post=495"}],"curies":[{"name":"wp","href":"https:\/\/api.w.org\/{rel}","templated":true}]}}