{"id":486,"date":"2024-03-23T12:32:24","date_gmt":"2024-03-23T11:32:24","guid":{"rendered":"https:\/\/shop.mira-fleur.de\/?post_type=product&#038;p=486"},"modified":"2024-05-23T11:49:13","modified_gmt":"2024-05-23T09:49:13","slug":"uebertopf-vase-arancia-orange","status":"publish","type":"product","link":"https:\/\/shop.mira-fleur.de\/shop\/produkt\/uebertopf-vase-arancia-orange\/","title":{"rendered":"\u00dcbertopf Vase &#8222;Arancia&#8220;  Orange"},"content":{"rendered":"<p><a href=\"https:\/\/shop.mira-fleur.de\/wp-content\/uploads\/2024\/03\/Uebertopf_Arancia_21x21x14_Hf6343.jpg\"><img fetchpriority=\"high\" decoding=\"async\" class=\"alignnone size-medium wp-image-487\" src=\"https:\/\/shop.mira-fleur.de\/wp-content\/uploads\/2024\/03\/Uebertopf_Arancia_21x21x14_Hf6343-300x300.jpg\" alt=\"\" width=\"300\" height=\"300\" srcset=\"https:\/\/shop.mira-fleur.de\/wp-content\/uploads\/2024\/03\/Uebertopf_Arancia_21x21x14_Hf6343-300x300.jpg 300w, https:\/\/shop.mira-fleur.de\/wp-content\/uploads\/2024\/03\/Uebertopf_Arancia_21x21x14_Hf6343-150x150.jpg 150w, https:\/\/shop.mira-fleur.de\/wp-content\/uploads\/2024\/03\/Uebertopf_Arancia_21x21x14_Hf6343-768x768.jpg 768w, https:\/\/shop.mira-fleur.de\/wp-content\/uploads\/2024\/03\/Uebertopf_Arancia_21x21x14_Hf6343-600x600.jpg 600w, https:\/\/shop.mira-fleur.de\/wp-content\/uploads\/2024\/03\/Uebertopf_Arancia_21x21x14_Hf6343-100x100.jpg 100w, https:\/\/shop.mira-fleur.de\/wp-content\/uploads\/2024\/03\/Uebertopf_Arancia_21x21x14_Hf6343.jpg 800w\" sizes=\"(max-width: 300px) 100vw, 300px\" \/><\/a><\/p>\n<p><a href=\"https:\/\/shop.mira-fleur.de\/wp-content\/uploads\/2024\/03\/Uebertopf_Arancia_21x21x14_Hf6343_1.jpg\"><img decoding=\"async\" class=\"alignnone size-medium wp-image-488\" src=\"https:\/\/shop.mira-fleur.de\/wp-content\/uploads\/2024\/03\/Uebertopf_Arancia_21x21x14_Hf6343_1-300x300.jpg\" alt=\"\" width=\"300\" height=\"300\" srcset=\"https:\/\/shop.mira-fleur.de\/wp-content\/uploads\/2024\/03\/Uebertopf_Arancia_21x21x14_Hf6343_1-300x300.jpg 300w, https:\/\/shop.mira-fleur.de\/wp-content\/uploads\/2024\/03\/Uebertopf_Arancia_21x21x14_Hf6343_1-150x150.jpg 150w, https:\/\/shop.mira-fleur.de\/wp-content\/uploads\/2024\/03\/Uebertopf_Arancia_21x21x14_Hf6343_1-768x768.jpg 768w, https:\/\/shop.mira-fleur.de\/wp-content\/uploads\/2024\/03\/Uebertopf_Arancia_21x21x14_Hf6343_1-600x600.jpg 600w, https:\/\/shop.mira-fleur.de\/wp-content\/uploads\/2024\/03\/Uebertopf_Arancia_21x21x14_Hf6343_1-100x100.jpg 100w, https:\/\/shop.mira-fleur.de\/wp-content\/uploads\/2024\/03\/Uebertopf_Arancia_21x21x14_Hf6343_1.jpg 800w\" sizes=\"(max-width: 300px) 100vw, 300px\" \/><\/a><\/p>\n<p>\u00dcbertopf \/ Vase &#8222;Arancia&#8220; Orange<\/p>\n<p>Schwere Keramik, wasserdicht.<\/p>\n<p>Gr\u00f6\u00dfe: 21x21x14 cm<\/p>\n<p>Artikel-Nr: Hf6343<\/p>\n<p>F\u00fcr R\u00fcckfragen stehen wir gerne pers\u00f6nlich zur Verf\u00fcgung<\/p>\n<p>&nbsp;<\/p>\n<h6>Unsere Kleinode sind handwerklich hergestellt, und somit k\u00f6nnen die gelieferten Artikel minimal in Farbe und Gr\u00f6\u00dfe variieren.<\/h6>\n<h6>Minimale Abweichungen sind ein Qualit\u00e4tsmerkmal, und stellen keinen Mangel da.<\/h6>\n<h6><\/h6>\n","protected":false},"excerpt":{"rendered":"<p>\u00dcbertopf \/ Vase &#8222;Arancia&#8220; Orange<\/p>\n<p>Schwere Keramik, wasserdicht.<\/p>\n<p>Gr\u00f6\u00dfe: 21x21x14 cm<\/p>\n<p>Artikel-Nr: Hf6343<\/p>\n<p>F\u00fcr R\u00fcckfragen stehen wir gerne pers\u00f6nlich zur Verf\u00fcgung<\/p>\n","protected":false},"featured_media":487,"template":"","meta":[],"product_brand":[],"product_cat":[27,108,26,104,70],"product_tag":[38,36,37,41,75,39,40,44,45,102,84,52,35],"class_list":{"0":"post-486","1":"product","2":"type-product","3":"status-publish","4":"has-post-thumbnail","6":"product_cat-indoor","7":"product_cat-keramik","8":"product_cat-outdoor","9":"product_cat-sommer","10":"product_cat-vasen","11":"product_tag-accessoires","12":"product_tag-blumen","13":"product_tag-dekoration","14":"product_tag-gift","15":"product_tag-handwerkskunst","16":"product_tag-indoor","17":"product_tag-living","18":"product_tag-outdoor","19":"product_tag-pflanzgefaess","20":"product_tag-porzellan","21":"product_tag-qualitaet","22":"product_tag-schoener-leben","23":"product_tag-vase","24":"product_shipping_class-mittlere-pakete","26":"first","27":"instock","28":"taxable","29":"shipping-taxable","30":"purchasable","31":"product-type-simple"},"_links":{"self":[{"href":"https:\/\/shop.mira-fleur.de\/shop\/wp-json\/wp\/v2\/product\/486","targetHints":{"allow":["GET"]}}],"collection":[{"href":"https:\/\/shop.mira-fleur.de\/shop\/wp-json\/wp\/v2\/product"}],"about":[{"href":"https:\/\/shop.mira-fleur.de\/shop\/wp-json\/wp\/v2\/types\/product"}],"wp:featuredmedia":[{"embeddable":true,"href":"https:\/\/shop.mira-fleur.de\/shop\/wp-json\/wp\/v2\/media\/487"}],"wp:attachment":[{"href":"https:\/\/shop.mira-fleur.de\/shop\/wp-json\/wp\/v2\/media?parent=486"}],"wp:term":[{"taxonomy":"product_brand","embeddable":true,"href":"https:\/\/shop.mira-fleur.de\/shop\/wp-json\/wp\/v2\/product_brand?post=486"},{"taxonomy":"product_cat","embeddable":true,"href":"https:\/\/shop.mira-fleur.de\/shop\/wp-json\/wp\/v2\/product_cat?post=486"},{"taxonomy":"product_tag","embeddable":true,"href":"https:\/\/shop.mira-fleur.de\/shop\/wp-json\/wp\/v2\/product_tag?post=486"}],"curies":[{"name":"wp","href":"https:\/\/api.w.org\/{rel}","templated":true}]}}