{"id":443,"date":"2024-01-22T14:22:16","date_gmt":"2024-01-22T13:22:16","guid":{"rendered":"https:\/\/shop.mira-fleur.de\/?post_type=product&#038;p=443"},"modified":"2026-04-24T12:44:57","modified_gmt":"2026-04-24T10:44:57","slug":"fleckenvase-rosa-rot","status":"publish","type":"product","link":"https:\/\/shop.mira-fleur.de\/shop\/produkt\/fleckenvase-rosa-rot\/","title":{"rendered":"Fleckenvase Rosa \/ Rot"},"content":{"rendered":"<p><a href=\"https:\/\/shop.mira-fleur.de\/wp-content\/uploads\/2024\/01\/Fleckenvase_Rosa-Rot_D12H18_KL35713.jpg\"><img fetchpriority=\"high\" decoding=\"async\" class=\"alignnone size-medium wp-image-444\" src=\"https:\/\/shop.mira-fleur.de\/wp-content\/uploads\/2024\/01\/Fleckenvase_Rosa-Rot_D12H18_KL35713-300x300.jpg\" alt=\"\" width=\"300\" height=\"300\" srcset=\"https:\/\/shop.mira-fleur.de\/wp-content\/uploads\/2024\/01\/Fleckenvase_Rosa-Rot_D12H18_KL35713-300x300.jpg 300w, https:\/\/shop.mira-fleur.de\/wp-content\/uploads\/2024\/01\/Fleckenvase_Rosa-Rot_D12H18_KL35713-100x100.jpg 100w, https:\/\/shop.mira-fleur.de\/wp-content\/uploads\/2024\/01\/Fleckenvase_Rosa-Rot_D12H18_KL35713-600x600.jpg 600w, https:\/\/shop.mira-fleur.de\/wp-content\/uploads\/2024\/01\/Fleckenvase_Rosa-Rot_D12H18_KL35713-150x150.jpg 150w, https:\/\/shop.mira-fleur.de\/wp-content\/uploads\/2024\/01\/Fleckenvase_Rosa-Rot_D12H18_KL35713-768x768.jpg 768w, https:\/\/shop.mira-fleur.de\/wp-content\/uploads\/2024\/01\/Fleckenvase_Rosa-Rot_D12H18_KL35713.jpg 800w\" sizes=\"(max-width: 300px) 100vw, 300px\" \/><\/a><\/p>\n<p>Fleckenvase Rosa \/ Rot<\/p>\n<p>Durchmesser 12 cm<\/p>\n<p>H\u00f6he 18 cm<\/p>\n<p>Artikelnummer KL35713<\/p>\n","protected":false},"excerpt":{"rendered":"<h4>Fleckenvase Rosa \/ Rot<\/h4>\n<h4>Durchmesser 12 cm<\/h4>\n<h4>H\u00f6he 18 cm<\/h4>\n<h4>Artikelnummer KL35713<\/h4>\n<p>&nbsp;<\/p>\n<h6>Unsere Kleinode sind handwerklich hergestellt, und somit k\u00f6nnen die gelieferten Artikel minimal in Farbe und Gr\u00f6\u00dfe variieren.<\/h6>\n<h6>Minimale Abweichungen sind ein Qualit\u00e4tsmerkmal, und stellen keinen Mangel da.<\/h6>\n<h6><\/h6>\n","protected":false},"featured_media":444,"template":"","meta":[],"product_brand":[],"product_cat":[25,27,26,70],"product_tag":[38,36,37,41,34,75,39,40,35],"class_list":{"0":"post-443","1":"product","2":"type-product","3":"status-publish","4":"has-post-thumbnail","6":"product_cat-glas","7":"product_cat-indoor","8":"product_cat-outdoor","9":"product_cat-vasen","10":"product_tag-accessoires","11":"product_tag-blumen","12":"product_tag-dekoration","13":"product_tag-gift","14":"product_tag-glas","15":"product_tag-handwerkskunst","16":"product_tag-indoor","17":"product_tag-living","18":"product_tag-vase","19":"product_shipping_class-kleine-pakete","21":"first","22":"outofstock","23":"taxable","24":"shipping-taxable","25":"purchasable","26":"product-type-simple"},"_links":{"self":[{"href":"https:\/\/shop.mira-fleur.de\/shop\/wp-json\/wp\/v2\/product\/443","targetHints":{"allow":["GET"]}}],"collection":[{"href":"https:\/\/shop.mira-fleur.de\/shop\/wp-json\/wp\/v2\/product"}],"about":[{"href":"https:\/\/shop.mira-fleur.de\/shop\/wp-json\/wp\/v2\/types\/product"}],"wp:featuredmedia":[{"embeddable":true,"href":"https:\/\/shop.mira-fleur.de\/shop\/wp-json\/wp\/v2\/media\/444"}],"wp:attachment":[{"href":"https:\/\/shop.mira-fleur.de\/shop\/wp-json\/wp\/v2\/media?parent=443"}],"wp:term":[{"taxonomy":"product_brand","embeddable":true,"href":"https:\/\/shop.mira-fleur.de\/shop\/wp-json\/wp\/v2\/product_brand?post=443"},{"taxonomy":"product_cat","embeddable":true,"href":"https:\/\/shop.mira-fleur.de\/shop\/wp-json\/wp\/v2\/product_cat?post=443"},{"taxonomy":"product_tag","embeddable":true,"href":"https:\/\/shop.mira-fleur.de\/shop\/wp-json\/wp\/v2\/product_tag?post=443"}],"curies":[{"name":"wp","href":"https:\/\/api.w.org\/{rel}","templated":true}]}}