{"id":436,"date":"2023-10-26T21:39:57","date_gmt":"2023-10-26T19:39:57","guid":{"rendered":"https:\/\/shop.mira-fleur.de\/?post_type=product&#038;p=436"},"modified":"2025-02-20T15:46:30","modified_gmt":"2025-02-20T14:46:30","slug":"zahn-glas-weiss-zum-haengen","status":"publish","type":"product","link":"https:\/\/shop.mira-fleur.de\/shop\/produkt\/zahn-glas-weiss-zum-haengen\/","title":{"rendered":"Zahn Glas wei\u00df zum h\u00e4ngen"},"content":{"rendered":"<p><a href=\"https:\/\/shop.mira-fleur.de\/wp-content\/uploads\/2023\/10\/Zahn_weiss_zum_Haengen_Glas_B105H12T83_GC1110201001.jpg\"><img fetchpriority=\"high\" decoding=\"async\" class=\"alignnone size-medium wp-image-437\" src=\"https:\/\/shop.mira-fleur.de\/wp-content\/uploads\/2023\/10\/Zahn_weiss_zum_Haengen_Glas_B105H12T83_GC1110201001-300x300.jpg\" alt=\"\" width=\"300\" height=\"300\" srcset=\"https:\/\/shop.mira-fleur.de\/wp-content\/uploads\/2023\/10\/Zahn_weiss_zum_Haengen_Glas_B105H12T83_GC1110201001-300x300.jpg 300w, https:\/\/shop.mira-fleur.de\/wp-content\/uploads\/2023\/10\/Zahn_weiss_zum_Haengen_Glas_B105H12T83_GC1110201001-100x100.jpg 100w, https:\/\/shop.mira-fleur.de\/wp-content\/uploads\/2023\/10\/Zahn_weiss_zum_Haengen_Glas_B105H12T83_GC1110201001-600x600.jpg 600w, https:\/\/shop.mira-fleur.de\/wp-content\/uploads\/2023\/10\/Zahn_weiss_zum_Haengen_Glas_B105H12T83_GC1110201001-150x150.jpg 150w, https:\/\/shop.mira-fleur.de\/wp-content\/uploads\/2023\/10\/Zahn_weiss_zum_Haengen_Glas_B105H12T83_GC1110201001-768x768.jpg 768w, https:\/\/shop.mira-fleur.de\/wp-content\/uploads\/2023\/10\/Zahn_weiss_zum_Haengen_Glas_B105H12T83_GC1110201001.jpg 800w\" sizes=\"(max-width: 300px) 100vw, 300px\" \/><\/a><\/p>\n<p>Zahn wei\u00df zum H\u00e4ngen Glas<\/p>\n<p>Dieser au\u00dfergew\u00f6hnliche &#8222;Zahn&#8220; mit dem freundlichen Gesicht hat eine Aufh\u00e4ngung mit einem Band.<\/p>\n<p>Breite 10,5 cm<\/p>\n<p>H\u00f6he 12 cm<\/p>\n<p>Tiefe 8,3 cm<\/p>\n<p>Artikelnummer GC1110201001<\/p>\n","protected":false},"excerpt":{"rendered":"<h4>Zahn wei\u00df zum H\u00e4ngen Glas<\/h4>\n<h4>Dieser au\u00dfergew\u00f6hnliche &#8222;Zahn&#8220; mit dem freundlichen Gesicht hat eine Aufh\u00e4ngung mit einem Band.<\/h4>\n<h4>Breite 10,5 cm<\/h4>\n<h4>H\u00f6he 12 cm<\/h4>\n<h4>Tiefe 8,3 cm<\/h4>\n<h4>Artikelnummer GC1110201001<\/h4>\n<h4>Farbe Pink<\/h4>\n<h4>H\u00f6he 20.5cm<\/h4>\n<h4>Durchmesser 13,5cm<\/h4>\n<h4>Artikelnummer GC1104304013<\/h4>\n<h6><\/h6>\n<h6>UNSERE KLEINODE SIND HANDWERKLICH HERGESTELLT, UND SOMIT K\u00d6NNEN DIE GELIEFERTEN ARTIKEL MINIMAL IN FARBE UND GR\u00d6SSE VARIIEREN<\/h6>\n<h6>MINIMALE ABWEICHUNGEN SIND EIN QUALIT\u00c4TSMERKMAL, UND STELLEN KEINEN MANGEL DA.<\/h6>\n<p>&nbsp;<\/p>\n<h6>F\u00dcR R\u00dcCKFRAGEN STEHEN WIR JEDERZEIT ZUR VERF\u00dcGUNG; GERNE PERS\u00d6NLICH, ODER AUCH AM TELEFON.<\/h6>\n","protected":false},"featured_media":437,"template":"","meta":[],"product_brand":[],"product_cat":[86,79,80],"product_tag":[38,82,37,41,34,75,39,40,84,52,83],"class_list":{"0":"post-436","1":"product","2":"type-product","3":"status-publish","4":"has-post-thumbnail","6":"product_cat-accessoires","7":"product_cat-advent","8":"product_cat-weihnachten","9":"product_tag-accessoires","10":"product_tag-advent","11":"product_tag-dekoration","12":"product_tag-gift","13":"product_tag-glas","14":"product_tag-handwerkskunst","15":"product_tag-indoor","16":"product_tag-living","17":"product_tag-qualitaet","18":"product_tag-schoener-leben","19":"product_tag-weinacht","20":"product_shipping_class-kleine-pakete","22":"first","23":"outofstock","24":"purchasable","25":"product-type-simple"},"_links":{"self":[{"href":"https:\/\/shop.mira-fleur.de\/shop\/wp-json\/wp\/v2\/product\/436","targetHints":{"allow":["GET"]}}],"collection":[{"href":"https:\/\/shop.mira-fleur.de\/shop\/wp-json\/wp\/v2\/product"}],"about":[{"href":"https:\/\/shop.mira-fleur.de\/shop\/wp-json\/wp\/v2\/types\/product"}],"wp:featuredmedia":[{"embeddable":true,"href":"https:\/\/shop.mira-fleur.de\/shop\/wp-json\/wp\/v2\/media\/437"}],"wp:attachment":[{"href":"https:\/\/shop.mira-fleur.de\/shop\/wp-json\/wp\/v2\/media?parent=436"}],"wp:term":[{"taxonomy":"product_brand","embeddable":true,"href":"https:\/\/shop.mira-fleur.de\/shop\/wp-json\/wp\/v2\/product_brand?post=436"},{"taxonomy":"product_cat","embeddable":true,"href":"https:\/\/shop.mira-fleur.de\/shop\/wp-json\/wp\/v2\/product_cat?post=436"},{"taxonomy":"product_tag","embeddable":true,"href":"https:\/\/shop.mira-fleur.de\/shop\/wp-json\/wp\/v2\/product_tag?post=436"}],"curies":[{"name":"wp","href":"https:\/\/api.w.org\/{rel}","templated":true}]}}