{"id":434,"date":"2023-10-24T20:12:57","date_gmt":"2023-10-24T18:12:57","guid":{"rendered":"https:\/\/shop.mira-fleur.de\/?post_type=product&#038;p=434"},"modified":"2026-01-30T17:24:20","modified_gmt":"2026-01-30T16:24:20","slug":"weihnachtsbaum-pink-porzellan-led-2","status":"publish","type":"product","link":"https:\/\/shop.mira-fleur.de\/shop\/produkt\/weihnachtsbaum-pink-porzellan-led-2\/","title":{"rendered":"Weihnachtsbaum Pink Porzellan LED"},"content":{"rendered":"<p><a href=\"https:\/\/shop.mira-fleur.de\/wp-content\/uploads\/2023\/10\/Weihnachtsbaum_LED_Porcellan_pink_H205Dm135_GC1104304013.jpg\"><img fetchpriority=\"high\" decoding=\"async\" class=\"alignnone size-medium wp-image-435\" src=\"https:\/\/shop.mira-fleur.de\/wp-content\/uploads\/2023\/10\/Weihnachtsbaum_LED_Porcellan_pink_H205Dm135_GC1104304013-300x300.jpg\" alt=\"\" width=\"300\" height=\"300\" srcset=\"https:\/\/shop.mira-fleur.de\/wp-content\/uploads\/2023\/10\/Weihnachtsbaum_LED_Porcellan_pink_H205Dm135_GC1104304013-300x300.jpg 300w, https:\/\/shop.mira-fleur.de\/wp-content\/uploads\/2023\/10\/Weihnachtsbaum_LED_Porcellan_pink_H205Dm135_GC1104304013-100x100.jpg 100w, https:\/\/shop.mira-fleur.de\/wp-content\/uploads\/2023\/10\/Weihnachtsbaum_LED_Porcellan_pink_H205Dm135_GC1104304013-600x600.jpg 600w, https:\/\/shop.mira-fleur.de\/wp-content\/uploads\/2023\/10\/Weihnachtsbaum_LED_Porcellan_pink_H205Dm135_GC1104304013-150x150.jpg 150w, https:\/\/shop.mira-fleur.de\/wp-content\/uploads\/2023\/10\/Weihnachtsbaum_LED_Porcellan_pink_H205Dm135_GC1104304013-768x768.jpg 768w, https:\/\/shop.mira-fleur.de\/wp-content\/uploads\/2023\/10\/Weihnachtsbaum_LED_Porcellan_pink_H205Dm135_GC1104304013.jpg 800w\" sizes=\"(max-width: 300px) 100vw, 300px\" \/><\/a><\/p>\n<p>Weihnachtsbaum aus Porzellan mit bunten LED<\/p>\n<p>AAA Batterien (nicht enthalten) bringt die LED zum leuchten, und versch\u00f6nert jedes Heim.<\/p>\n<p>Farbe Pink<\/p>\n<p>H\u00f6he 20.5cm<\/p>\n<p>Durchmesser 13,5cm<\/p>\n<p>Artikelnummer GC1104304013<\/p>\n","protected":false},"excerpt":{"rendered":"<h4>Weihnachtsbaum aus Porzellan mit bunten LED<\/h4>\n<h4>AAA Batterien (nicht enthalten) bringt die LED zum leuchten, und versch\u00f6nert jedes Heim.<\/h4>\n<h4>Farbe Pink<\/h4>\n<h4>H\u00f6he 20.5cm<\/h4>\n<h4>Durchmesser 13,5cm<\/h4>\n<h4>Artikelnummer GC1104304013<\/h4>\n<h6><\/h6>\n<h6>UNSERE KLEINODE SIND HANDWERKLICH HERGESTELLT, UND SOMIT K\u00d6NNEN DIE GELIEFERTEN ARTIKEL MINIMAL IN FARBE UND GR\u00d6SSE VARIIEREN<\/h6>\n<h6>MINIMALE ABWEICHUNGEN SIND EIN QUALIT\u00c4TSMERKMAL, UND STELLEN KEINEN MANGEL DA.<\/h6>\n<h6><\/h6>\n<h6>F\u00dcR R\u00dcCKFRAGEN STEHEN WIR JEDERZEIT ZUR VERF\u00dcGUNG; GERNE PERS\u00d6NLICH, ODER AUCH AM TELEFON.<\/h6>\n","protected":false},"featured_media":435,"template":"","meta":[],"product_brand":[],"product_cat":[86,79,74,80],"product_tag":[38,82,37,41,75,39,89,40,102,84,52,83],"class_list":{"0":"post-434","1":"product","2":"type-product","3":"status-publish","4":"has-post-thumbnail","6":"product_cat-accessoires","7":"product_cat-advent","8":"product_cat-beleuchtung","9":"product_cat-weihnachten","10":"product_tag-accessoires","11":"product_tag-advent","12":"product_tag-dekoration","13":"product_tag-gift","14":"product_tag-handwerkskunst","15":"product_tag-indoor","16":"product_tag-leuchtmittel","17":"product_tag-living","18":"product_tag-porzellan","19":"product_tag-qualitaet","20":"product_tag-schoener-leben","21":"product_tag-weinacht","22":"product_shipping_class-groessere-pakete","24":"first","25":"outofstock","26":"purchasable","27":"product-type-simple"},"_links":{"self":[{"href":"https:\/\/shop.mira-fleur.de\/shop\/wp-json\/wp\/v2\/product\/434","targetHints":{"allow":["GET"]}}],"collection":[{"href":"https:\/\/shop.mira-fleur.de\/shop\/wp-json\/wp\/v2\/product"}],"about":[{"href":"https:\/\/shop.mira-fleur.de\/shop\/wp-json\/wp\/v2\/types\/product"}],"wp:featuredmedia":[{"embeddable":true,"href":"https:\/\/shop.mira-fleur.de\/shop\/wp-json\/wp\/v2\/media\/435"}],"wp:attachment":[{"href":"https:\/\/shop.mira-fleur.de\/shop\/wp-json\/wp\/v2\/media?parent=434"}],"wp:term":[{"taxonomy":"product_brand","embeddable":true,"href":"https:\/\/shop.mira-fleur.de\/shop\/wp-json\/wp\/v2\/product_brand?post=434"},{"taxonomy":"product_cat","embeddable":true,"href":"https:\/\/shop.mira-fleur.de\/shop\/wp-json\/wp\/v2\/product_cat?post=434"},{"taxonomy":"product_tag","embeddable":true,"href":"https:\/\/shop.mira-fleur.de\/shop\/wp-json\/wp\/v2\/product_tag?post=434"}],"curies":[{"name":"wp","href":"https:\/\/api.w.org\/{rel}","templated":true}]}}