{"id":426,"date":"2023-10-24T19:27:58","date_gmt":"2023-10-24T17:27:58","guid":{"rendered":"https:\/\/shop.mira-fleur.de\/?post_type=product&#038;p=426"},"modified":"2026-01-30T17:27:16","modified_gmt":"2026-01-30T16:27:16","slug":"schubkarre-glas-mehrfarbig-zum-haengen","status":"publish","type":"product","link":"https:\/\/shop.mira-fleur.de\/shop\/produkt\/schubkarre-glas-mehrfarbig-zum-haengen\/","title":{"rendered":"Schubkarre Glas mehrfarbig zum h\u00e4ngen"},"content":{"rendered":"<p><a href=\"https:\/\/shop.mira-fleur.de\/wp-content\/uploads\/2023\/10\/Schubkarre_zum_Haengen_Glas_mehrfarbig_B65H115T16_GC1110101020.jpg\"><img fetchpriority=\"high\" decoding=\"async\" class=\"alignnone size-medium wp-image-425\" src=\"https:\/\/shop.mira-fleur.de\/wp-content\/uploads\/2023\/10\/Schubkarre_zum_Haengen_Glas_mehrfarbig_B65H115T16_GC1110101020-300x300.jpg\" alt=\"\" width=\"300\" height=\"300\" srcset=\"https:\/\/shop.mira-fleur.de\/wp-content\/uploads\/2023\/10\/Schubkarre_zum_Haengen_Glas_mehrfarbig_B65H115T16_GC1110101020-300x300.jpg 300w, https:\/\/shop.mira-fleur.de\/wp-content\/uploads\/2023\/10\/Schubkarre_zum_Haengen_Glas_mehrfarbig_B65H115T16_GC1110101020-100x100.jpg 100w, https:\/\/shop.mira-fleur.de\/wp-content\/uploads\/2023\/10\/Schubkarre_zum_Haengen_Glas_mehrfarbig_B65H115T16_GC1110101020-600x600.jpg 600w, https:\/\/shop.mira-fleur.de\/wp-content\/uploads\/2023\/10\/Schubkarre_zum_Haengen_Glas_mehrfarbig_B65H115T16_GC1110101020-150x150.jpg 150w, https:\/\/shop.mira-fleur.de\/wp-content\/uploads\/2023\/10\/Schubkarre_zum_Haengen_Glas_mehrfarbig_B65H115T16_GC1110101020-768x768.jpg 768w, https:\/\/shop.mira-fleur.de\/wp-content\/uploads\/2023\/10\/Schubkarre_zum_Haengen_Glas_mehrfarbig_B65H115T16_GC1110101020.jpg 800w\" sizes=\"(max-width: 300px) 100vw, 300px\" \/><\/a><\/p>\n<p>Schubkarre zum h\u00e4ngen aus Glas<\/p>\n<p>Diese mehrfarbige &#8222;Schubkarre&#8220; aus Glas hat einen Anh\u00e4nger mit Band als h\u00e4ngende Dekoration, sie kann auch stehend dekoriert werden.<\/p>\n<p>Breite 6,5cm<\/p>\n<p>H\u00f6he 11,5cm<\/p>\n<p>Tiefe 16cm<\/p>\n<p>Artikelnummer GC1110101020<\/p>\n","protected":false},"excerpt":{"rendered":"<h4>Schubkarre zum h\u00e4ngen aus Glas<\/h4>\n<h4>Diese mehrfarbige &#8222;Schubkarre&#8220; aus Glas hat einen Anh\u00e4nger mit Band als h\u00e4ngende Dekoration, sie kann auch stehend dekoriert werden.<\/h4>\n<h4>Breite 6,5cm<\/h4>\n<h4>H\u00f6he 11,5cm<\/h4>\n<h4>Tiefe 16cm<\/h4>\n<h4>Artikelnummer GC1110101020<\/h4>\n<p>&nbsp;<\/p>\n<h6>UNSERE KLEINODE SIND HANDWERKLICH HERGESTELLT, UND SOMIT K\u00d6NNEN DIE GELIEFERTEN ARTIKEL MINIMAL IN FARBE UND GR\u00d6SSE VARIIEREN<\/h6>\n<h6>MINIMALE ABWEICHUNGEN SIND EIN QUALIT\u00c4TSMERKMAL, UND STELLEN KEINEN MANGEL DA.<\/h6>\n<p>&nbsp;<\/p>\n<h6>F\u00dcR R\u00dcCKFRAGEN STEHEN WIR JEDERZEIT ZUR VERF\u00dcGUNG; GERNE PERS\u00d6NLICH, ODER AUCH AM TELEFON.<\/h6>\n","protected":false},"featured_media":425,"template":"","meta":[],"product_brand":[],"product_cat":[86,79,80],"product_tag":[38,82,37,41,34,75,39,40,84,52,83],"class_list":{"0":"post-426","1":"product","2":"type-product","3":"status-publish","4":"has-post-thumbnail","6":"product_cat-accessoires","7":"product_cat-advent","8":"product_cat-weihnachten","9":"product_tag-accessoires","10":"product_tag-advent","11":"product_tag-dekoration","12":"product_tag-gift","13":"product_tag-glas","14":"product_tag-handwerkskunst","15":"product_tag-indoor","16":"product_tag-living","17":"product_tag-qualitaet","18":"product_tag-schoener-leben","19":"product_tag-weinacht","20":"product_shipping_class-mittlere-pakete","22":"first","23":"outofstock","24":"purchasable","25":"product-type-simple"},"_links":{"self":[{"href":"https:\/\/shop.mira-fleur.de\/shop\/wp-json\/wp\/v2\/product\/426","targetHints":{"allow":["GET"]}}],"collection":[{"href":"https:\/\/shop.mira-fleur.de\/shop\/wp-json\/wp\/v2\/product"}],"about":[{"href":"https:\/\/shop.mira-fleur.de\/shop\/wp-json\/wp\/v2\/types\/product"}],"wp:featuredmedia":[{"embeddable":true,"href":"https:\/\/shop.mira-fleur.de\/shop\/wp-json\/wp\/v2\/media\/425"}],"wp:attachment":[{"href":"https:\/\/shop.mira-fleur.de\/shop\/wp-json\/wp\/v2\/media?parent=426"}],"wp:term":[{"taxonomy":"product_brand","embeddable":true,"href":"https:\/\/shop.mira-fleur.de\/shop\/wp-json\/wp\/v2\/product_brand?post=426"},{"taxonomy":"product_cat","embeddable":true,"href":"https:\/\/shop.mira-fleur.de\/shop\/wp-json\/wp\/v2\/product_cat?post=426"},{"taxonomy":"product_tag","embeddable":true,"href":"https:\/\/shop.mira-fleur.de\/shop\/wp-json\/wp\/v2\/product_tag?post=426"}],"curies":[{"name":"wp","href":"https:\/\/api.w.org\/{rel}","templated":true}]}}