{"id":407,"date":"2023-08-29T14:40:03","date_gmt":"2023-08-29T12:40:03","guid":{"rendered":"https:\/\/shop.mira-fleur.de\/?post_type=product&#038;p=407"},"modified":"2024-05-23T12:35:13","modified_gmt":"2024-05-23T10:35:13","slug":"vase-gold-fs162-117cm","status":"publish","type":"product","link":"https:\/\/shop.mira-fleur.de\/shop\/produkt\/vase-gold-fs162-117cm\/","title":{"rendered":"Vase GOLD FS162 (117cm)"},"content":{"rendered":"<p><a href=\"https:\/\/shop.mira-fleur.de\/wp-content\/uploads\/2023\/08\/Vase_Gold_FS162_Dm41_H117_Kl11140_Produktbild.jpg\"><img fetchpriority=\"high\" decoding=\"async\" class=\"alignnone size-medium wp-image-408\" src=\"https:\/\/shop.mira-fleur.de\/wp-content\/uploads\/2023\/08\/Vase_Gold_FS162_Dm41_H117_Kl11140_Produktbild-300x300.jpg\" alt=\"\" width=\"300\" height=\"300\" srcset=\"https:\/\/shop.mira-fleur.de\/wp-content\/uploads\/2023\/08\/Vase_Gold_FS162_Dm41_H117_Kl11140_Produktbild-300x300.jpg 300w, https:\/\/shop.mira-fleur.de\/wp-content\/uploads\/2023\/08\/Vase_Gold_FS162_Dm41_H117_Kl11140_Produktbild-100x100.jpg 100w, https:\/\/shop.mira-fleur.de\/wp-content\/uploads\/2023\/08\/Vase_Gold_FS162_Dm41_H117_Kl11140_Produktbild-600x600.jpg 600w, https:\/\/shop.mira-fleur.de\/wp-content\/uploads\/2023\/08\/Vase_Gold_FS162_Dm41_H117_Kl11140_Produktbild-150x150.jpg 150w, https:\/\/shop.mira-fleur.de\/wp-content\/uploads\/2023\/08\/Vase_Gold_FS162_Dm41_H117_Kl11140_Produktbild-768x768.jpg 768w, https:\/\/shop.mira-fleur.de\/wp-content\/uploads\/2023\/08\/Vase_Gold_FS162_Dm41_H117_Kl11140_Produktbild.jpg 800w\" sizes=\"(max-width: 300px) 100vw, 300px\" \/><\/a><a href=\"https:\/\/shop.mira-fleur.de\/wp-content\/uploads\/2023\/08\/Vase_Gold_FS162_Dm41_H117_Kl11140.jpg\"><img decoding=\"async\" class=\"alignnone size-medium wp-image-409\" src=\"https:\/\/shop.mira-fleur.de\/wp-content\/uploads\/2023\/08\/Vase_Gold_FS162_Dm41_H117_Kl11140-101x300.jpg\" alt=\"\" width=\"101\" height=\"300\" srcset=\"https:\/\/shop.mira-fleur.de\/wp-content\/uploads\/2023\/08\/Vase_Gold_FS162_Dm41_H117_Kl11140-101x300.jpg 101w, https:\/\/shop.mira-fleur.de\/wp-content\/uploads\/2023\/08\/Vase_Gold_FS162_Dm41_H117_Kl11140.jpg 270w\" sizes=\"(max-width: 101px) 100vw, 101px\" \/><\/a><a href=\"https:\/\/shop.mira-fleur.de\/wp-content\/uploads\/2023\/08\/Wassersystem_WS103-105_Passend-zu-den-Vasen_Kl27013.jpg\"><img decoding=\"async\" class=\"alignnone size-medium wp-image-390\" src=\"https:\/\/shop.mira-fleur.de\/wp-content\/uploads\/2023\/08\/Wassersystem_WS103-105_Passend-zu-den-Vasen_Kl27013-149x300.jpg\" alt=\"\" width=\"149\" height=\"300\" srcset=\"https:\/\/shop.mira-fleur.de\/wp-content\/uploads\/2023\/08\/Wassersystem_WS103-105_Passend-zu-den-Vasen_Kl27013-149x300.jpg 149w, https:\/\/shop.mira-fleur.de\/wp-content\/uploads\/2023\/08\/Wassersystem_WS103-105_Passend-zu-den-Vasen_Kl27013.jpg 153w\" sizes=\"(max-width: 149px) 100vw, 149px\" \/><\/a><\/p>\n<p>Vase Gold FS162<\/p>\n<p>hochwertige Polyresin Mischung<\/p>\n<p>Durchmesser 41 cm<\/p>\n<p>H\u00f6he 117 cm<\/p>\n<p>Bestellnummer KL11140<\/p>\n<p>Letztes Bild: (optional dazu erh\u00e4ltlich ist ein Anzeiger des\u00a0 Wassersstands, lieferbar ab ca. 15,- \u20ac und auf Anfrage)<\/p>\n","protected":false},"excerpt":{"rendered":"<h4>Vase Gold FS162<\/h4>\n<h4>hochwertige Polyresin Mischung<\/h4>\n<h4>Durchmesser 41 cm<\/h4>\n<h4>H\u00f6he 117 cm<\/h4>\n<h4>Bestellnummer KL11140<\/h4>\n<h6><\/h6>\n<h6>UNSERE KLEINODE SIND HANDWERKLICH HERGESTELLT, UND SOMIT K\u00d6NNEN DIE GELIEFERTEN ARTIKEL MINIMAL IN FARBE UND GR\u00d6SSE VARIIEREN<\/h6>\n<h6>MINIMALE ABWEICHUNGEN SIND EIN QUALIT\u00c4TSMERKMAL, UND STELLEN KEINEN MANGEL DA.<\/h6>\n<h6><\/h6>\n<h6>F\u00dcR R\u00dcCKFRAGEN STEHEN WIR JEDERZEIT ZUR VERF\u00dcGUNG; GERNE PERS\u00d6NLICH, ODER AUCH AM TELEFON.<\/h6>\n","protected":false},"featured_media":408,"template":"","meta":[],"product_brand":[],"product_cat":[27,43,70],"product_tag":[38,37,41,55,39,40,45,84,52,35],"class_list":{"0":"post-407","1":"product","2":"type-product","3":"status-publish","4":"has-post-thumbnail","6":"product_cat-indoor","7":"product_cat-pflanzgefaesse","8":"product_cat-vasen","9":"product_tag-accessoires","10":"product_tag-dekoration","11":"product_tag-gift","12":"product_tag-gold","13":"product_tag-indoor","14":"product_tag-living","15":"product_tag-pflanzgefaess","16":"product_tag-qualitaet","17":"product_tag-schoener-leben","18":"product_tag-vase","19":"product_shipping_class-palette-spedition","21":"first","22":"instock","23":"purchasable","24":"product-type-simple"},"_links":{"self":[{"href":"https:\/\/shop.mira-fleur.de\/shop\/wp-json\/wp\/v2\/product\/407","targetHints":{"allow":["GET"]}}],"collection":[{"href":"https:\/\/shop.mira-fleur.de\/shop\/wp-json\/wp\/v2\/product"}],"about":[{"href":"https:\/\/shop.mira-fleur.de\/shop\/wp-json\/wp\/v2\/types\/product"}],"wp:featuredmedia":[{"embeddable":true,"href":"https:\/\/shop.mira-fleur.de\/shop\/wp-json\/wp\/v2\/media\/408"}],"wp:attachment":[{"href":"https:\/\/shop.mira-fleur.de\/shop\/wp-json\/wp\/v2\/media?parent=407"}],"wp:term":[{"taxonomy":"product_brand","embeddable":true,"href":"https:\/\/shop.mira-fleur.de\/shop\/wp-json\/wp\/v2\/product_brand?post=407"},{"taxonomy":"product_cat","embeddable":true,"href":"https:\/\/shop.mira-fleur.de\/shop\/wp-json\/wp\/v2\/product_cat?post=407"},{"taxonomy":"product_tag","embeddable":true,"href":"https:\/\/shop.mira-fleur.de\/shop\/wp-json\/wp\/v2\/product_tag?post=407"}],"curies":[{"name":"wp","href":"https:\/\/api.w.org\/{rel}","templated":true}]}}