{"id":404,"date":"2023-08-29T14:32:33","date_gmt":"2023-08-29T12:32:33","guid":{"rendered":"https:\/\/shop.mira-fleur.de\/?post_type=product&#038;p=404"},"modified":"2024-05-23T12:36:20","modified_gmt":"2024-05-23T10:36:20","slug":"vase-gold-fs162-98cm","status":"publish","type":"product","link":"https:\/\/shop.mira-fleur.de\/shop\/produkt\/vase-gold-fs162-98cm\/","title":{"rendered":"Vase GOLD FS162 (98cm)"},"content":{"rendered":"<p><a href=\"https:\/\/shop.mira-fleur.de\/wp-content\/uploads\/2023\/08\/Vase_Gold_FS162_Dm38_H98_Kl33704_Produktbild.jpg\"><img fetchpriority=\"high\" decoding=\"async\" class=\"alignnone size-medium wp-image-405\" src=\"https:\/\/shop.mira-fleur.de\/wp-content\/uploads\/2023\/08\/Vase_Gold_FS162_Dm38_H98_Kl33704_Produktbild-300x300.jpg\" alt=\"\" width=\"300\" height=\"300\" srcset=\"https:\/\/shop.mira-fleur.de\/wp-content\/uploads\/2023\/08\/Vase_Gold_FS162_Dm38_H98_Kl33704_Produktbild-300x300.jpg 300w, https:\/\/shop.mira-fleur.de\/wp-content\/uploads\/2023\/08\/Vase_Gold_FS162_Dm38_H98_Kl33704_Produktbild-100x100.jpg 100w, https:\/\/shop.mira-fleur.de\/wp-content\/uploads\/2023\/08\/Vase_Gold_FS162_Dm38_H98_Kl33704_Produktbild-600x600.jpg 600w, https:\/\/shop.mira-fleur.de\/wp-content\/uploads\/2023\/08\/Vase_Gold_FS162_Dm38_H98_Kl33704_Produktbild-150x150.jpg 150w, https:\/\/shop.mira-fleur.de\/wp-content\/uploads\/2023\/08\/Vase_Gold_FS162_Dm38_H98_Kl33704_Produktbild-768x768.jpg 768w, https:\/\/shop.mira-fleur.de\/wp-content\/uploads\/2023\/08\/Vase_Gold_FS162_Dm38_H98_Kl33704_Produktbild.jpg 800w\" sizes=\"(max-width: 300px) 100vw, 300px\" \/><\/a><a href=\"https:\/\/shop.mira-fleur.de\/wp-content\/uploads\/2023\/08\/Vase_Gold_FS162_Dm38_H98_Kl33704.jpg\"><img decoding=\"async\" class=\"alignnone size-medium wp-image-406\" src=\"https:\/\/shop.mira-fleur.de\/wp-content\/uploads\/2023\/08\/Vase_Gold_FS162_Dm38_H98_Kl33704-166x300.jpg\" alt=\"\" width=\"166\" height=\"300\" srcset=\"https:\/\/shop.mira-fleur.de\/wp-content\/uploads\/2023\/08\/Vase_Gold_FS162_Dm38_H98_Kl33704-166x300.jpg 166w, https:\/\/shop.mira-fleur.de\/wp-content\/uploads\/2023\/08\/Vase_Gold_FS162_Dm38_H98_Kl33704-300x543.jpg 300w, https:\/\/shop.mira-fleur.de\/wp-content\/uploads\/2023\/08\/Vase_Gold_FS162_Dm38_H98_Kl33704.jpg 442w\" sizes=\"(max-width: 166px) 100vw, 166px\" \/><\/a><a href=\"https:\/\/shop.mira-fleur.de\/wp-content\/uploads\/2023\/08\/Wassersystem_WS103-105_Passend-zu-den-Vasen_Kl27013.jpg\"><img decoding=\"async\" class=\"alignnone size-medium wp-image-390\" src=\"https:\/\/shop.mira-fleur.de\/wp-content\/uploads\/2023\/08\/Wassersystem_WS103-105_Passend-zu-den-Vasen_Kl27013-149x300.jpg\" alt=\"\" width=\"149\" height=\"300\" srcset=\"https:\/\/shop.mira-fleur.de\/wp-content\/uploads\/2023\/08\/Wassersystem_WS103-105_Passend-zu-den-Vasen_Kl27013-149x300.jpg 149w, https:\/\/shop.mira-fleur.de\/wp-content\/uploads\/2023\/08\/Wassersystem_WS103-105_Passend-zu-den-Vasen_Kl27013.jpg 153w\" sizes=\"(max-width: 149px) 100vw, 149px\" \/><\/a><\/p>\n<p>Vase Gold FS162<\/p>\n<p>hochwertige Polyresin Mischung<\/p>\n<p>Durchmesser 38 cm<\/p>\n<p>H\u00f6he 98 cm<\/p>\n<p>Bestellnummer KL33704<\/p>\n<p>Letztes Bild: (optional dazu erh\u00e4ltlich ist ein Anzeiger des\u00a0 Wassersstands, lieferbar ab ca. 15,- \u20ac und auf Anfrage)<\/p>\n","protected":false},"excerpt":{"rendered":"<h4>Vase Gold FS162<\/h4>\n<h4>hochwertige Polyresin Mischung<\/h4>\n<h4>Durchmesser 38 cm<\/h4>\n<h4>H\u00f6he 98 cm<\/h4>\n<h4>Bestellnummer KL33704<\/h4>\n<h6><\/h6>\n<h6>UNSERE KLEINODE SIND HANDWERKLICH HERGESTELLT, UND SOMIT K\u00d6NNEN DIE GELIEFERTEN ARTIKEL MINIMAL IN FARBE UND GR\u00d6SSE VARIIEREN<\/h6>\n<h6>MINIMALE ABWEICHUNGEN SIND EIN QUALIT\u00c4TSMERKMAL, UND STELLEN KEINEN MANGEL DA.<\/h6>\n<h6><\/h6>\n<h6>F\u00dcR R\u00dcCKFRAGEN STEHEN WIR JEDERZEIT ZUR VERF\u00dcGUNG; GERNE PERS\u00d6NLICH, ODER AUCH AM TELEFON.<\/h6>\n","protected":false},"featured_media":405,"template":"","meta":[],"product_brand":[],"product_cat":[27,43,70],"product_tag":[38,37,41,55,75,39,40,45,84,52,35],"class_list":{"0":"post-404","1":"product","2":"type-product","3":"status-publish","4":"has-post-thumbnail","6":"product_cat-indoor","7":"product_cat-pflanzgefaesse","8":"product_cat-vasen","9":"product_tag-accessoires","10":"product_tag-dekoration","11":"product_tag-gift","12":"product_tag-gold","13":"product_tag-handwerkskunst","14":"product_tag-indoor","15":"product_tag-living","16":"product_tag-pflanzgefaess","17":"product_tag-qualitaet","18":"product_tag-schoener-leben","19":"product_tag-vase","20":"product_shipping_class-palette-spedition","22":"first","23":"instock","24":"purchasable","25":"product-type-simple"},"_links":{"self":[{"href":"https:\/\/shop.mira-fleur.de\/shop\/wp-json\/wp\/v2\/product\/404","targetHints":{"allow":["GET"]}}],"collection":[{"href":"https:\/\/shop.mira-fleur.de\/shop\/wp-json\/wp\/v2\/product"}],"about":[{"href":"https:\/\/shop.mira-fleur.de\/shop\/wp-json\/wp\/v2\/types\/product"}],"wp:featuredmedia":[{"embeddable":true,"href":"https:\/\/shop.mira-fleur.de\/shop\/wp-json\/wp\/v2\/media\/405"}],"wp:attachment":[{"href":"https:\/\/shop.mira-fleur.de\/shop\/wp-json\/wp\/v2\/media?parent=404"}],"wp:term":[{"taxonomy":"product_brand","embeddable":true,"href":"https:\/\/shop.mira-fleur.de\/shop\/wp-json\/wp\/v2\/product_brand?post=404"},{"taxonomy":"product_cat","embeddable":true,"href":"https:\/\/shop.mira-fleur.de\/shop\/wp-json\/wp\/v2\/product_cat?post=404"},{"taxonomy":"product_tag","embeddable":true,"href":"https:\/\/shop.mira-fleur.de\/shop\/wp-json\/wp\/v2\/product_tag?post=404"}],"curies":[{"name":"wp","href":"https:\/\/api.w.org\/{rel}","templated":true}]}}