{"id":378,"date":"2023-08-25T17:03:29","date_gmt":"2023-08-25T15:03:29","guid":{"rendered":"https:\/\/shop.mira-fleur.de\/?post_type=product&#038;p=378"},"modified":"2024-05-23T12:51:46","modified_gmt":"2024-05-23T10:51:46","slug":"vase-gold-zement","status":"publish","type":"product","link":"https:\/\/shop.mira-fleur.de\/shop\/produkt\/vase-gold-zement\/","title":{"rendered":"Vase GOLD Zement BT322"},"content":{"rendered":"<p><a href=\"https:\/\/shop.mira-fleur.de\/wp-content\/uploads\/2023\/08\/Vase_Zement_Gold_BT322_Dm18_H48_Kl86192_Produktbild.jpg\"><img fetchpriority=\"high\" decoding=\"async\" class=\"alignnone size-medium wp-image-379\" src=\"https:\/\/shop.mira-fleur.de\/wp-content\/uploads\/2023\/08\/Vase_Zement_Gold_BT322_Dm18_H48_Kl86192_Produktbild-300x300.jpg\" alt=\"\" width=\"300\" height=\"300\" srcset=\"https:\/\/shop.mira-fleur.de\/wp-content\/uploads\/2023\/08\/Vase_Zement_Gold_BT322_Dm18_H48_Kl86192_Produktbild-300x300.jpg 300w, https:\/\/shop.mira-fleur.de\/wp-content\/uploads\/2023\/08\/Vase_Zement_Gold_BT322_Dm18_H48_Kl86192_Produktbild-100x100.jpg 100w, https:\/\/shop.mira-fleur.de\/wp-content\/uploads\/2023\/08\/Vase_Zement_Gold_BT322_Dm18_H48_Kl86192_Produktbild-600x600.jpg 600w, https:\/\/shop.mira-fleur.de\/wp-content\/uploads\/2023\/08\/Vase_Zement_Gold_BT322_Dm18_H48_Kl86192_Produktbild-150x150.jpg 150w, https:\/\/shop.mira-fleur.de\/wp-content\/uploads\/2023\/08\/Vase_Zement_Gold_BT322_Dm18_H48_Kl86192_Produktbild-768x768.jpg 768w, https:\/\/shop.mira-fleur.de\/wp-content\/uploads\/2023\/08\/Vase_Zement_Gold_BT322_Dm18_H48_Kl86192_Produktbild.jpg 800w\" sizes=\"(max-width: 300px) 100vw, 300px\" \/><\/a><a href=\"https:\/\/shop.mira-fleur.de\/wp-content\/uploads\/2023\/08\/Vase_Zement_Gold_BT322_Dm18_H48_Kl86192.jpg\"><img decoding=\"async\" class=\"alignnone size-medium wp-image-380\" src=\"https:\/\/shop.mira-fleur.de\/wp-content\/uploads\/2023\/08\/Vase_Zement_Gold_BT322_Dm18_H48_Kl86192-92x300.jpg\" alt=\"\" width=\"92\" height=\"300\" srcset=\"https:\/\/shop.mira-fleur.de\/wp-content\/uploads\/2023\/08\/Vase_Zement_Gold_BT322_Dm18_H48_Kl86192-92x300.jpg 92w, https:\/\/shop.mira-fleur.de\/wp-content\/uploads\/2023\/08\/Vase_Zement_Gold_BT322_Dm18_H48_Kl86192.jpg 245w\" sizes=\"(max-width: 92px) 100vw, 92px\" \/><\/a><\/p>\n<p>&nbsp;<\/p>\n<p>Vase in edlem Zement mit hochwertigem goldenem Rand am Fu\u00df<\/p>\n<p>optional gibt es einen Kunststoff Einsatz<\/p>\n<p>Durchmesser 18 cm<\/p>\n<p>H\u00f6he 48 cm<\/p>\n<p>Bestellnummer Kl86192<\/p>\n","protected":false},"excerpt":{"rendered":"<h4>Vase in edlem Zement mit hochwertigem goldenem Rand am Fu\u00df<\/h4>\n<h4>optional gibt es einen Kunststoff Einsatz<\/h4>\n<h4>Durchmesser 18 cm<\/h4>\n<h4>H\u00f6he 48 cm<\/h4>\n<h4>Bestellnummer Kl86192<\/h4>\n<h4><\/h4>\n<h6>UNSERE KLEINODE SIND HANDWERKLICH HERGESTELLT, UND SOMIT K\u00d6NNEN DIE GELIEFERTEN ARTIKEL MINIMAL IN FARBE UND GR\u00d6SSE VARIIEREN<\/h6>\n<h6>MINIMALE ABWEICHUNGEN SIND EIN QUALIT\u00c4TSMERKMAL, UND STELLEN KEINEN MANGEL DA.<\/h6>\n<h6><\/h6>\n<h6>F\u00dcR R\u00dcCKFRAGEN STEHEN WIR JEDERZEIT ZUR VERF\u00dcGUNG; GERNE PERS\u00d6NLICH, ODER AUCH AM TELEFON.<\/h6>\n","protected":false},"featured_media":379,"template":"","meta":[],"product_brand":[],"product_cat":[27,43,42,70],"product_tag":[38,37,41,55,75,39,40,44,45,84,52,35],"class_list":{"0":"post-378","1":"product","2":"type-product","3":"status-publish","4":"has-post-thumbnail","6":"product_cat-indoor","7":"product_cat-pflanzgefaesse","8":"product_cat-steingut","9":"product_cat-vasen","10":"product_tag-accessoires","11":"product_tag-dekoration","12":"product_tag-gift","13":"product_tag-gold","14":"product_tag-handwerkskunst","15":"product_tag-indoor","16":"product_tag-living","17":"product_tag-outdoor","18":"product_tag-pflanzgefaess","19":"product_tag-qualitaet","20":"product_tag-schoener-leben","21":"product_tag-vase","22":"product_shipping_class-grosse-pakete","24":"first","25":"instock","26":"purchasable","27":"product-type-simple"},"_links":{"self":[{"href":"https:\/\/shop.mira-fleur.de\/shop\/wp-json\/wp\/v2\/product\/378","targetHints":{"allow":["GET"]}}],"collection":[{"href":"https:\/\/shop.mira-fleur.de\/shop\/wp-json\/wp\/v2\/product"}],"about":[{"href":"https:\/\/shop.mira-fleur.de\/shop\/wp-json\/wp\/v2\/types\/product"}],"wp:featuredmedia":[{"embeddable":true,"href":"https:\/\/shop.mira-fleur.de\/shop\/wp-json\/wp\/v2\/media\/379"}],"wp:attachment":[{"href":"https:\/\/shop.mira-fleur.de\/shop\/wp-json\/wp\/v2\/media?parent=378"}],"wp:term":[{"taxonomy":"product_brand","embeddable":true,"href":"https:\/\/shop.mira-fleur.de\/shop\/wp-json\/wp\/v2\/product_brand?post=378"},{"taxonomy":"product_cat","embeddable":true,"href":"https:\/\/shop.mira-fleur.de\/shop\/wp-json\/wp\/v2\/product_cat?post=378"},{"taxonomy":"product_tag","embeddable":true,"href":"https:\/\/shop.mira-fleur.de\/shop\/wp-json\/wp\/v2\/product_tag?post=378"}],"curies":[{"name":"wp","href":"https:\/\/api.w.org\/{rel}","templated":true}]}}