{"id":375,"date":"2023-08-25T16:56:59","date_gmt":"2023-08-25T14:56:59","guid":{"rendered":"https:\/\/shop.mira-fleur.de\/?post_type=product&#038;p=375"},"modified":"2024-05-23T12:53:04","modified_gmt":"2024-05-23T10:53:04","slug":"pokal-zement-winterhart","status":"publish","type":"product","link":"https:\/\/shop.mira-fleur.de\/shop\/produkt\/pokal-zement-winterhart\/","title":{"rendered":"Pokal Zement winterhart"},"content":{"rendered":"<p><a href=\"https:\/\/shop.mira-fleur.de\/wp-content\/uploads\/2023\/08\/Pokal_Zement_BT075_H53_Kl98937_Produktbild.jpg\"><img fetchpriority=\"high\" decoding=\"async\" class=\"alignnone size-medium wp-image-376\" src=\"https:\/\/shop.mira-fleur.de\/wp-content\/uploads\/2023\/08\/Pokal_Zement_BT075_H53_Kl98937_Produktbild-300x300.jpg\" alt=\"\" width=\"300\" height=\"300\" srcset=\"https:\/\/shop.mira-fleur.de\/wp-content\/uploads\/2023\/08\/Pokal_Zement_BT075_H53_Kl98937_Produktbild-300x300.jpg 300w, https:\/\/shop.mira-fleur.de\/wp-content\/uploads\/2023\/08\/Pokal_Zement_BT075_H53_Kl98937_Produktbild-100x100.jpg 100w, https:\/\/shop.mira-fleur.de\/wp-content\/uploads\/2023\/08\/Pokal_Zement_BT075_H53_Kl98937_Produktbild-600x600.jpg 600w, https:\/\/shop.mira-fleur.de\/wp-content\/uploads\/2023\/08\/Pokal_Zement_BT075_H53_Kl98937_Produktbild-150x150.jpg 150w, https:\/\/shop.mira-fleur.de\/wp-content\/uploads\/2023\/08\/Pokal_Zement_BT075_H53_Kl98937_Produktbild-768x768.jpg 768w, https:\/\/shop.mira-fleur.de\/wp-content\/uploads\/2023\/08\/Pokal_Zement_BT075_H53_Kl98937_Produktbild.jpg 800w\" sizes=\"(max-width: 300px) 100vw, 300px\" \/><\/a><a href=\"https:\/\/shop.mira-fleur.de\/wp-content\/uploads\/2023\/08\/Pokal_Zement_BT075_H53_Kl98937.jpg\"><img decoding=\"async\" class=\"alignnone size-medium wp-image-377\" src=\"https:\/\/shop.mira-fleur.de\/wp-content\/uploads\/2023\/08\/Pokal_Zement_BT075_H53_Kl98937-237x300.jpg\" alt=\"\" width=\"237\" height=\"300\" srcset=\"https:\/\/shop.mira-fleur.de\/wp-content\/uploads\/2023\/08\/Pokal_Zement_BT075_H53_Kl98937-237x300.jpg 237w, https:\/\/shop.mira-fleur.de\/wp-content\/uploads\/2023\/08\/Pokal_Zement_BT075_H53_Kl98937-600x758.jpg 600w, https:\/\/shop.mira-fleur.de\/wp-content\/uploads\/2023\/08\/Pokal_Zement_BT075_H53_Kl98937-300x379.jpg 300w, https:\/\/shop.mira-fleur.de\/wp-content\/uploads\/2023\/08\/Pokal_Zement_BT075_H53_Kl98937.jpg 633w\" sizes=\"(max-width: 237px) 100vw, 237px\" \/><\/a><\/p>\n<p>Pokal in Grau aus hochwertigem Zement<\/p>\n<p>schwere Qualit\u00e4t, winterhart, bepflanzen durch \u00d6ffnung m\u00f6glich<\/p>\n<p>H\u00f6he 53 cm<\/p>\n<p>Bestell Nr. Kl98937<\/p>\n","protected":false},"excerpt":{"rendered":"<h4>Pokal in Grau aus hochwertigem Zement<\/h4>\n<h4>schwere Qualit\u00e4t, winterhart, bepflanzen durch \u00d6ffnung m\u00f6glich<\/h4>\n<h4>H\u00f6he 53 cm<\/h4>\n<h4>Bestell Nr. Kl98937<\/h4>\n<p>&nbsp;<\/p>\n<h6>UNSERE KLEINODE SIND HANDWERKLICH HERGESTELLT, UND SOMIT K\u00d6NNEN DIE GELIEFERTEN ARTIKEL MINIMAL IN FARBE UND GR\u00d6SSE VARIIEREN<\/h6>\n<h6>MINIMALE ABWEICHUNGEN SIND EIN QUALIT\u00c4TSMERKMAL, UND STELLEN KEINEN MANGEL DA.<\/h6>\n<h6><\/h6>\n<h6>F\u00dcR R\u00dcCKFRAGEN STEHEN WIR JEDERZEIT ZUR VERF\u00dcGUNG; GERNE PERS\u00d6NLICH, ODER AUCH AM TELEFON.<\/h6>\n","protected":false},"featured_media":376,"template":"","meta":[],"product_brand":[],"product_cat":[26,43,42],"product_tag":[38,36,37,78,41,75,39,40,44,45,84,52],"class_list":{"0":"post-375","1":"product","2":"type-product","3":"status-publish","4":"has-post-thumbnail","6":"product_cat-outdoor","7":"product_cat-pflanzgefaesse","8":"product_cat-steingut","9":"product_tag-accessoires","10":"product_tag-blumen","11":"product_tag-dekoration","12":"product_tag-ethnostyle","13":"product_tag-gift","14":"product_tag-handwerkskunst","15":"product_tag-indoor","16":"product_tag-living","17":"product_tag-outdoor","18":"product_tag-pflanzgefaess","19":"product_tag-qualitaet","20":"product_tag-schoener-leben","21":"product_shipping_class-palette-spedition","23":"first","24":"instock","25":"purchasable","26":"product-type-simple"},"_links":{"self":[{"href":"https:\/\/shop.mira-fleur.de\/shop\/wp-json\/wp\/v2\/product\/375","targetHints":{"allow":["GET"]}}],"collection":[{"href":"https:\/\/shop.mira-fleur.de\/shop\/wp-json\/wp\/v2\/product"}],"about":[{"href":"https:\/\/shop.mira-fleur.de\/shop\/wp-json\/wp\/v2\/types\/product"}],"wp:featuredmedia":[{"embeddable":true,"href":"https:\/\/shop.mira-fleur.de\/shop\/wp-json\/wp\/v2\/media\/376"}],"wp:attachment":[{"href":"https:\/\/shop.mira-fleur.de\/shop\/wp-json\/wp\/v2\/media?parent=375"}],"wp:term":[{"taxonomy":"product_brand","embeddable":true,"href":"https:\/\/shop.mira-fleur.de\/shop\/wp-json\/wp\/v2\/product_brand?post=375"},{"taxonomy":"product_cat","embeddable":true,"href":"https:\/\/shop.mira-fleur.de\/shop\/wp-json\/wp\/v2\/product_cat?post=375"},{"taxonomy":"product_tag","embeddable":true,"href":"https:\/\/shop.mira-fleur.de\/shop\/wp-json\/wp\/v2\/product_tag?post=375"}],"curies":[{"name":"wp","href":"https:\/\/api.w.org\/{rel}","templated":true}]}}