{"id":330,"date":"2023-07-29T14:46:11","date_gmt":"2023-07-29T12:46:11","guid":{"rendered":"https:\/\/shop.mira-fleur.de\/?post_type=product&#038;p=330"},"modified":"2024-05-23T12:55:36","modified_gmt":"2024-05-23T10:55:36","slug":"kraeuterkuebel-terra","status":"publish","type":"product","link":"https:\/\/shop.mira-fleur.de\/shop\/produkt\/kraeuterkuebel-terra\/","title":{"rendered":"Kr\u00e4uterk\u00fcbel Terra"},"content":{"rendered":"<p>&nbsp;<\/p>\n<p><img fetchpriority=\"high\" decoding=\"async\" class=\"alignnone size-medium wp-image-344\" src=\"https:\/\/shop.mira-fleur.de\/wp-content\/uploads\/2023\/07\/Kraeuterkuebel_tc159_H39_Terra_KL84437-5-300x300.jpg\" alt=\"\" width=\"300\" height=\"300\" srcset=\"https:\/\/shop.mira-fleur.de\/wp-content\/uploads\/2023\/07\/Kraeuterkuebel_tc159_H39_Terra_KL84437-5-300x300.jpg 300w, https:\/\/shop.mira-fleur.de\/wp-content\/uploads\/2023\/07\/Kraeuterkuebel_tc159_H39_Terra_KL84437-5-100x100.jpg 100w, https:\/\/shop.mira-fleur.de\/wp-content\/uploads\/2023\/07\/Kraeuterkuebel_tc159_H39_Terra_KL84437-5-600x600.jpg 600w, https:\/\/shop.mira-fleur.de\/wp-content\/uploads\/2023\/07\/Kraeuterkuebel_tc159_H39_Terra_KL84437-5-150x150.jpg 150w, https:\/\/shop.mira-fleur.de\/wp-content\/uploads\/2023\/07\/Kraeuterkuebel_tc159_H39_Terra_KL84437-5-768x768.jpg 768w, https:\/\/shop.mira-fleur.de\/wp-content\/uploads\/2023\/07\/Kraeuterkuebel_tc159_H39_Terra_KL84437-5.jpg 800w\" sizes=\"(max-width: 300px) 100vw, 300px\" \/><\/p>\n<p>Terrakotta K\u00fcbel Kr\u00e4uter<\/p>\n<p>In die seitlichen Taschen k\u00f6nnen Kr\u00e4uter oder andere kleine Pflanzen gesetzt werden; oben ist Platz f\u00fcr gr\u00f6\u00dfere Pflanzen, oder ein Pflanzgef\u00e4\u00df mit mehreren Pflanzen.<\/p>\n<p>H\u00f6he 39 cm<\/p>\n<p>Artikel Nr. KL84437<\/p>\n<p>Terrakotta K\u00fcbel Kr\u00e4uter<\/p>\n<p>In die seitlichen Taschen k\u00f6nnen Kr\u00e4uter oder andere kleine Pflanzen gesetzt werden; oben ist Platz f\u00fcr gr\u00f6\u00dfere Pflanzen, oder ein Pflanzgef\u00e4\u00df mit mehreren Pflanzen.<\/p>\n<p>H\u00f6he 39 cm<\/p>\n<p>Artikel Nr. KL84437<\/p>\n","protected":false},"excerpt":{"rendered":"<h4>Terrakotta K\u00fcbel Kr\u00e4uter<\/h4>\n<h4>In die seitlichen Taschen k\u00f6nnen Kr\u00e4uter oder andere kleine Pflanzen gesetzt werden; oben ist Platz f\u00fcr gr\u00f6\u00dfere Pflanzen, oder ein Pflanzgef\u00e4\u00df mit mehreren Pflanzen.<\/h4>\n<h4>H\u00f6he 39 cm<\/h4>\n<h4>Artikel Nr. KL84437<\/h4>\n<h4>Terrakotta K\u00fcbel Kr\u00e4uter<\/h4>\n<h4>In die seitlichen Taschen k\u00f6nnen Kr\u00e4uter oder andere kleine Pflanzen gesetzt werden; oben ist Platz f\u00fcr gr\u00f6\u00dfere Pflanzen, oder ein Pflanzgef\u00e4\u00df mit mehreren Pflanzen.<\/h4>\n<h4>H\u00f6he 39 cm<\/h4>\n<h4>Artikel Nr. KL84437<\/h4>\n<p>&nbsp;<\/p>\n<h6>UNSERE KLEINODE SIND HANDWERKLICH HERGESTELLT, UND SOMIT K\u00d6NNEN DIE GELIEFERTEN ARTIKEL MINIMAL IN FARBE UND GR\u00d6SSE VARIIEREN<\/h6>\n<h6>MINIMALE ABWEICHUNGEN SIND EIN QUALIT\u00c4TSMERKMAL, UND STELLEN KEINEN MANGEL DA.<\/h6>\n<h6><\/h6>\n<h6>F\u00dcR R\u00dcCKFRAGEN STEHEN WIR JEDERZEIT ZUR VERF\u00dcGUNG; GERNE PERS\u00d6NLICH, ODER AUCH AM TELEFON.<\/h6>\n","protected":false},"featured_media":344,"template":"","meta":[],"product_brand":[],"product_cat":[26,43],"product_tag":[38,36,41,75,40,44,45,84,52,46],"class_list":{"0":"post-330","1":"product","2":"type-product","3":"status-publish","4":"has-post-thumbnail","6":"product_cat-outdoor","7":"product_cat-pflanzgefaesse","8":"product_tag-accessoires","9":"product_tag-blumen","10":"product_tag-gift","11":"product_tag-handwerkskunst","12":"product_tag-living","13":"product_tag-outdoor","14":"product_tag-pflanzgefaess","15":"product_tag-qualitaet","16":"product_tag-schoener-leben","17":"product_tag-terrakotta","18":"product_shipping_class-palette-spedition","20":"first","21":"instock","22":"taxable","23":"shipping-taxable","24":"purchasable","25":"product-type-simple"},"_links":{"self":[{"href":"https:\/\/shop.mira-fleur.de\/shop\/wp-json\/wp\/v2\/product\/330","targetHints":{"allow":["GET"]}}],"collection":[{"href":"https:\/\/shop.mira-fleur.de\/shop\/wp-json\/wp\/v2\/product"}],"about":[{"href":"https:\/\/shop.mira-fleur.de\/shop\/wp-json\/wp\/v2\/types\/product"}],"wp:featuredmedia":[{"embeddable":true,"href":"https:\/\/shop.mira-fleur.de\/shop\/wp-json\/wp\/v2\/media\/344"}],"wp:attachment":[{"href":"https:\/\/shop.mira-fleur.de\/shop\/wp-json\/wp\/v2\/media?parent=330"}],"wp:term":[{"taxonomy":"product_brand","embeddable":true,"href":"https:\/\/shop.mira-fleur.de\/shop\/wp-json\/wp\/v2\/product_brand?post=330"},{"taxonomy":"product_cat","embeddable":true,"href":"https:\/\/shop.mira-fleur.de\/shop\/wp-json\/wp\/v2\/product_cat?post=330"},{"taxonomy":"product_tag","embeddable":true,"href":"https:\/\/shop.mira-fleur.de\/shop\/wp-json\/wp\/v2\/product_tag?post=330"}],"curies":[{"name":"wp","href":"https:\/\/api.w.org\/{rel}","templated":true}]}}