{"id":248,"date":"2023-07-21T16:01:33","date_gmt":"2023-07-21T14:01:33","guid":{"rendered":"https:\/\/shop.mira-fleur.de\/?post_type=product&#038;p=248"},"modified":"2024-05-23T13:08:37","modified_gmt":"2024-05-23T11:08:37","slug":"baum-mit-stern-beflockt-blau","status":"publish","type":"product","link":"https:\/\/shop.mira-fleur.de\/shop\/produkt\/baum-mit-stern-beflockt-blau\/","title":{"rendered":"Baum mit Stern beflockt Blau"},"content":{"rendered":"<p><img fetchpriority=\"high\" decoding=\"async\" class=\"alignnone size-medium wp-image-249\" src=\"https:\/\/shop.mira-fleur.de\/wp-content\/uploads\/2023\/07\/Stern_beflockt_blau_H27_B76_WV53302_1-300x300.jpg\" alt=\"\" width=\"300\" height=\"300\" srcset=\"https:\/\/shop.mira-fleur.de\/wp-content\/uploads\/2023\/07\/Stern_beflockt_blau_H27_B76_WV53302_1-300x300.jpg 300w, https:\/\/shop.mira-fleur.de\/wp-content\/uploads\/2023\/07\/Stern_beflockt_blau_H27_B76_WV53302_1-100x100.jpg 100w, https:\/\/shop.mira-fleur.de\/wp-content\/uploads\/2023\/07\/Stern_beflockt_blau_H27_B76_WV53302_1-600x600.jpg 600w, https:\/\/shop.mira-fleur.de\/wp-content\/uploads\/2023\/07\/Stern_beflockt_blau_H27_B76_WV53302_1-150x150.jpg 150w, https:\/\/shop.mira-fleur.de\/wp-content\/uploads\/2023\/07\/Stern_beflockt_blau_H27_B76_WV53302_1-768x768.jpg 768w, https:\/\/shop.mira-fleur.de\/wp-content\/uploads\/2023\/07\/Stern_beflockt_blau_H27_B76_WV53302_1.jpg 800w\" sizes=\"(max-width: 300px) 100vw, 300px\" \/><img decoding=\"async\" class=\"alignnone size-medium wp-image-250\" src=\"https:\/\/shop.mira-fleur.de\/wp-content\/uploads\/2023\/07\/Stern_beflockt_blau_H39_B16_WV53296_2-300x300.jpg\" alt=\"\" width=\"300\" height=\"300\" srcset=\"https:\/\/shop.mira-fleur.de\/wp-content\/uploads\/2023\/07\/Stern_beflockt_blau_H39_B16_WV53296_2-300x300.jpg 300w, https:\/\/shop.mira-fleur.de\/wp-content\/uploads\/2023\/07\/Stern_beflockt_blau_H39_B16_WV53296_2-100x100.jpg 100w, https:\/\/shop.mira-fleur.de\/wp-content\/uploads\/2023\/07\/Stern_beflockt_blau_H39_B16_WV53296_2-600x600.jpg 600w, https:\/\/shop.mira-fleur.de\/wp-content\/uploads\/2023\/07\/Stern_beflockt_blau_H39_B16_WV53296_2-150x150.jpg 150w, https:\/\/shop.mira-fleur.de\/wp-content\/uploads\/2023\/07\/Stern_beflockt_blau_H39_B16_WV53296_2-768x768.jpg 768w, https:\/\/shop.mira-fleur.de\/wp-content\/uploads\/2023\/07\/Stern_beflockt_blau_H39_B16_WV53296_2.jpg 800w\" sizes=\"(max-width: 300px) 100vw, 300px\" \/><\/p>\n<p>Baum stilisiert mit Stern auf der Spitze<\/p>\n<p>Farbe Blau beflockt (f\u00fchlt sich samtig an)<\/p>\n<p>H\u00f6he: 76 cm<\/p>\n<p>Breite: 27cm<\/p>\n<p>Artikel Nr. WV53302<\/p>\n","protected":false},"excerpt":{"rendered":"<h4>Baum stilisiert mit Stern auf der Spitze<\/h4>\n<p>&nbsp;<\/p>\n<h4>Farbe Blau beflockt (f\u00fchlt sich samtig an)<\/h4>\n<p>Lieferbar ab Mitte Oktober<\/p>\n<h4>Polyresin<\/h4>\n<h4>H\u00f6he: 76 cm<\/h4>\n<h4>Breite: 27cm<\/h4>\n<h4>Artikel Nr. WV53302<\/h4>\n<p>F\u00dcR R\u00dcCKFRAGEN STEHEN WIR JEDERZEIT ZUR VERF\u00dcGUNG; GERNE PERS\u00d6NLICH, ODER AUCH AM TELEFON.<\/p>\n","protected":false},"featured_media":249,"template":"","meta":[],"product_brand":[],"product_cat":[79,80],"product_tag":[38,82,37,41,75,39,40,84,52,83],"class_list":{"0":"post-248","1":"product","2":"type-product","3":"status-publish","4":"has-post-thumbnail","6":"product_cat-advent","7":"product_cat-weihnachten","8":"product_tag-accessoires","9":"product_tag-advent","10":"product_tag-dekoration","11":"product_tag-gift","12":"product_tag-handwerkskunst","13":"product_tag-indoor","14":"product_tag-living","15":"product_tag-qualitaet","16":"product_tag-schoener-leben","17":"product_tag-weinacht","18":"product_shipping_class-mittlere-pakete","20":"first","21":"instock","22":"purchasable","23":"product-type-simple"},"_links":{"self":[{"href":"https:\/\/shop.mira-fleur.de\/shop\/wp-json\/wp\/v2\/product\/248","targetHints":{"allow":["GET"]}}],"collection":[{"href":"https:\/\/shop.mira-fleur.de\/shop\/wp-json\/wp\/v2\/product"}],"about":[{"href":"https:\/\/shop.mira-fleur.de\/shop\/wp-json\/wp\/v2\/types\/product"}],"wp:featuredmedia":[{"embeddable":true,"href":"https:\/\/shop.mira-fleur.de\/shop\/wp-json\/wp\/v2\/media\/249"}],"wp:attachment":[{"href":"https:\/\/shop.mira-fleur.de\/shop\/wp-json\/wp\/v2\/media?parent=248"}],"wp:term":[{"taxonomy":"product_brand","embeddable":true,"href":"https:\/\/shop.mira-fleur.de\/shop\/wp-json\/wp\/v2\/product_brand?post=248"},{"taxonomy":"product_cat","embeddable":true,"href":"https:\/\/shop.mira-fleur.de\/shop\/wp-json\/wp\/v2\/product_cat?post=248"},{"taxonomy":"product_tag","embeddable":true,"href":"https:\/\/shop.mira-fleur.de\/shop\/wp-json\/wp\/v2\/product_tag?post=248"}],"curies":[{"name":"wp","href":"https:\/\/api.w.org\/{rel}","templated":true}]}}