{"id":246,"date":"2023-07-21T15:24:58","date_gmt":"2023-07-21T13:24:58","guid":{"rendered":"https:\/\/shop.mira-fleur.de\/?post_type=product&#038;p=246"},"modified":"2026-01-30T17:30:37","modified_gmt":"2026-01-30T16:30:37","slug":"kirsche-glaskirsche-rot-gruen","status":"publish","type":"product","link":"https:\/\/shop.mira-fleur.de\/shop\/produkt\/kirsche-glaskirsche-rot-gruen\/","title":{"rendered":"Kirsche Glaskirsche Rot \/ Gr\u00fcn"},"content":{"rendered":"<p>&nbsp;<\/p>\n<p><img fetchpriority=\"high\" decoding=\"async\" class=\"alignnone size-medium wp-image-247\" src=\"https:\/\/shop.mira-fleur.de\/wp-content\/uploads\/2023\/07\/Kirschen_Glas_rot_gr\ufffdn_B7_H8_T4_WV51045-300x300.jpg\" alt=\"\" width=\"300\" height=\"300\" srcset=\"https:\/\/shop.mira-fleur.de\/wp-content\/uploads\/2023\/07\/Kirschen_Glas_rot_gr\ufffdn_B7_H8_T4_WV51045-300x300.jpg 300w, https:\/\/shop.mira-fleur.de\/wp-content\/uploads\/2023\/07\/Kirschen_Glas_rot_gr\ufffdn_B7_H8_T4_WV51045-100x100.jpg 100w, https:\/\/shop.mira-fleur.de\/wp-content\/uploads\/2023\/07\/Kirschen_Glas_rot_gr\ufffdn_B7_H8_T4_WV51045-600x600.jpg 600w, https:\/\/shop.mira-fleur.de\/wp-content\/uploads\/2023\/07\/Kirschen_Glas_rot_gr\ufffdn_B7_H8_T4_WV51045-150x150.jpg 150w, https:\/\/shop.mira-fleur.de\/wp-content\/uploads\/2023\/07\/Kirschen_Glas_rot_gr\ufffdn_B7_H8_T4_WV51045-768x768.jpg 768w, https:\/\/shop.mira-fleur.de\/wp-content\/uploads\/2023\/07\/Kirschen_Glas_rot_gr\ufffdn_B7_H8_T4_WV51045.jpg 800w\" sizes=\"(max-width: 300px) 100vw, 300px\" \/><\/p>\n<p>Kirschen aus Glas zum h\u00e4ngen und legen<\/p>\n<p>L\u00e4nge: 7 cm<\/p>\n<p>Breite: 8 cm<\/p>\n<p>Tiefe: \u00a04cm<\/p>\n<p>Artikel Nr. WV51045<\/p>\n","protected":false},"excerpt":{"rendered":"<h4>Kirschen aus Glas zum h\u00e4ngen und legen<\/h4>\n<p>Lieferbar ab Mitte Oktober<\/p>\n<h4>L\u00e4nge: 7 cm<\/h4>\n<h4>Breite: 8 cm<\/h4>\n<h4>Tiefe: 4 cm<\/h4>\n<h4>Artikel Nr. WV51045<\/h4>\n<p>F\u00dcR R\u00dcCKFRAGEN STEHEN WIR JEDERZEIT ZUR VERF\u00dcGUNG; GERNE PERS\u00d6NLICH, ODER AUCH AM TELEFON.<\/p>\n","protected":false},"featured_media":247,"template":"","meta":[],"product_brand":[],"product_cat":[86,79,80],"product_tag":[38,82,88,37,41,34,75,39,40,84,52,83],"class_list":{"0":"post-246","1":"product","2":"type-product","3":"status-publish","4":"has-post-thumbnail","6":"product_cat-accessoires","7":"product_cat-advent","8":"product_cat-weihnachten","9":"product_tag-accessoires","10":"product_tag-advent","11":"product_tag-bumschmuck","12":"product_tag-dekoration","13":"product_tag-gift","14":"product_tag-glas","15":"product_tag-handwerkskunst","16":"product_tag-indoor","17":"product_tag-living","18":"product_tag-qualitaet","19":"product_tag-schoener-leben","20":"product_tag-weinacht","21":"product_shipping_class-kleine-pakete","23":"first","24":"outofstock","25":"purchasable","26":"product-type-simple"},"_links":{"self":[{"href":"https:\/\/shop.mira-fleur.de\/shop\/wp-json\/wp\/v2\/product\/246","targetHints":{"allow":["GET"]}}],"collection":[{"href":"https:\/\/shop.mira-fleur.de\/shop\/wp-json\/wp\/v2\/product"}],"about":[{"href":"https:\/\/shop.mira-fleur.de\/shop\/wp-json\/wp\/v2\/types\/product"}],"wp:featuredmedia":[{"embeddable":true,"href":"https:\/\/shop.mira-fleur.de\/shop\/wp-json\/wp\/v2\/media\/247"}],"wp:attachment":[{"href":"https:\/\/shop.mira-fleur.de\/shop\/wp-json\/wp\/v2\/media?parent=246"}],"wp:term":[{"taxonomy":"product_brand","embeddable":true,"href":"https:\/\/shop.mira-fleur.de\/shop\/wp-json\/wp\/v2\/product_brand?post=246"},{"taxonomy":"product_cat","embeddable":true,"href":"https:\/\/shop.mira-fleur.de\/shop\/wp-json\/wp\/v2\/product_cat?post=246"},{"taxonomy":"product_tag","embeddable":true,"href":"https:\/\/shop.mira-fleur.de\/shop\/wp-json\/wp\/v2\/product_tag?post=246"}],"curies":[{"name":"wp","href":"https:\/\/api.w.org\/{rel}","templated":true}]}}