{"id":241,"date":"2023-07-21T14:23:19","date_gmt":"2023-07-21T12:23:19","guid":{"rendered":"https:\/\/shop.mira-fleur.de\/?post_type=product&#038;p=241"},"modified":"2025-02-20T15:47:56","modified_gmt":"2025-02-20T14:47:56","slug":"herz-glasherz-rot","status":"publish","type":"product","link":"https:\/\/shop.mira-fleur.de\/shop\/produkt\/herz-glasherz-rot\/","title":{"rendered":"Herz Glasherz Rot"},"content":{"rendered":"<p><img fetchpriority=\"high\" decoding=\"async\" class=\"alignnone size-medium wp-image-242\" src=\"https:\/\/shop.mira-fleur.de\/wp-content\/uploads\/2023\/07\/Herz_Glas_rot_L15_B15_T5_WV52723-300x300.jpg\" alt=\"\" width=\"300\" height=\"300\" srcset=\"https:\/\/shop.mira-fleur.de\/wp-content\/uploads\/2023\/07\/Herz_Glas_rot_L15_B15_T5_WV52723-300x300.jpg 300w, https:\/\/shop.mira-fleur.de\/wp-content\/uploads\/2023\/07\/Herz_Glas_rot_L15_B15_T5_WV52723-100x100.jpg 100w, https:\/\/shop.mira-fleur.de\/wp-content\/uploads\/2023\/07\/Herz_Glas_rot_L15_B15_T5_WV52723-600x600.jpg 600w, https:\/\/shop.mira-fleur.de\/wp-content\/uploads\/2023\/07\/Herz_Glas_rot_L15_B15_T5_WV52723-150x150.jpg 150w, https:\/\/shop.mira-fleur.de\/wp-content\/uploads\/2023\/07\/Herz_Glas_rot_L15_B15_T5_WV52723-768x768.jpg 768w, https:\/\/shop.mira-fleur.de\/wp-content\/uploads\/2023\/07\/Herz_Glas_rot_L15_B15_T5_WV52723.jpg 800w\" sizes=\"(max-width: 300px) 100vw, 300px\" \/><\/p>\n<p>Herz aus Glas zu H\u00e4ngen oder legen<\/p>\n<p>Farbe Rot<\/p>\n<p>L\u00e4nge: 15cm<\/p>\n<p>Breite: 15cm<\/p>\n<p>Tiefe: 5cm<\/p>\n<p>Artikel Nr. WV52723<\/p>\n","protected":false},"excerpt":{"rendered":"<h4>Herz aus Glas zu H\u00e4ngen oder legen<\/h4>\n<p>Lieferbar ab Mitte Oktober<\/p>\n<h4>Farbe Rot<\/h4>\n<h4>L\u00e4nge: 15cm<\/h4>\n<h4>Breite: 15cm<\/h4>\n<h4>Tiefe: 5cm<\/h4>\n<h4>Artikel Nr. WV52723<\/h4>\n<p>F\u00dcR R\u00dcCKFRAGEN STEHEN WIR JEDERZEIT ZUR VERF\u00dcGUNG; GERNE PERS\u00d6NLICH, ODER AUCH AM TELEFON.<\/p>\n","protected":false},"featured_media":242,"template":"","meta":[],"product_brand":[],"product_cat":[86,79,80],"product_tag":[38,82,88,37,41,34,39,40,84,52,83],"class_list":{"0":"post-241","1":"product","2":"type-product","3":"status-publish","4":"has-post-thumbnail","6":"product_cat-accessoires","7":"product_cat-advent","8":"product_cat-weihnachten","9":"product_tag-accessoires","10":"product_tag-advent","11":"product_tag-bumschmuck","12":"product_tag-dekoration","13":"product_tag-gift","14":"product_tag-glas","15":"product_tag-indoor","16":"product_tag-living","17":"product_tag-qualitaet","18":"product_tag-schoener-leben","19":"product_tag-weinacht","20":"product_shipping_class-kleine-pakete","22":"first","23":"outofstock","24":"purchasable","25":"product-type-simple"},"_links":{"self":[{"href":"https:\/\/shop.mira-fleur.de\/shop\/wp-json\/wp\/v2\/product\/241","targetHints":{"allow":["GET"]}}],"collection":[{"href":"https:\/\/shop.mira-fleur.de\/shop\/wp-json\/wp\/v2\/product"}],"about":[{"href":"https:\/\/shop.mira-fleur.de\/shop\/wp-json\/wp\/v2\/types\/product"}],"wp:featuredmedia":[{"embeddable":true,"href":"https:\/\/shop.mira-fleur.de\/shop\/wp-json\/wp\/v2\/media\/242"}],"wp:attachment":[{"href":"https:\/\/shop.mira-fleur.de\/shop\/wp-json\/wp\/v2\/media?parent=241"}],"wp:term":[{"taxonomy":"product_brand","embeddable":true,"href":"https:\/\/shop.mira-fleur.de\/shop\/wp-json\/wp\/v2\/product_brand?post=241"},{"taxonomy":"product_cat","embeddable":true,"href":"https:\/\/shop.mira-fleur.de\/shop\/wp-json\/wp\/v2\/product_cat?post=241"},{"taxonomy":"product_tag","embeddable":true,"href":"https:\/\/shop.mira-fleur.de\/shop\/wp-json\/wp\/v2\/product_tag?post=241"}],"curies":[{"name":"wp","href":"https:\/\/api.w.org\/{rel}","templated":true}]}}