{"id":222,"date":"2023-07-05T16:28:59","date_gmt":"2023-07-05T14:28:59","guid":{"rendered":"https:\/\/shop.mira-fleur.de\/?post_type=product&#038;p=222"},"modified":"2023-07-31T17:27:53","modified_gmt":"2023-07-31T15:27:53","slug":"kerze-dreidocht-olive","status":"publish","type":"product","link":"https:\/\/shop.mira-fleur.de\/shop\/produkt\/kerze-dreidocht-olive\/","title":{"rendered":"Kerze Dreidocht olive"},"content":{"rendered":"<p><img fetchpriority=\"high\" decoding=\"async\" class=\"alignnone size-medium wp-image-223\" src=\"https:\/\/shop.mira-fleur.de\/wp-content\/uploads\/2023\/07\/Kerze_3Dochte_H15_Dm15cm_olive_Kl13040-300x300.jpg\" alt=\"\" width=\"300\" height=\"300\" srcset=\"https:\/\/shop.mira-fleur.de\/wp-content\/uploads\/2023\/07\/Kerze_3Dochte_H15_Dm15cm_olive_Kl13040-300x300.jpg 300w, https:\/\/shop.mira-fleur.de\/wp-content\/uploads\/2023\/07\/Kerze_3Dochte_H15_Dm15cm_olive_Kl13040-100x100.jpg 100w, https:\/\/shop.mira-fleur.de\/wp-content\/uploads\/2023\/07\/Kerze_3Dochte_H15_Dm15cm_olive_Kl13040-600x600.jpg 600w, https:\/\/shop.mira-fleur.de\/wp-content\/uploads\/2023\/07\/Kerze_3Dochte_H15_Dm15cm_olive_Kl13040-150x150.jpg 150w, https:\/\/shop.mira-fleur.de\/wp-content\/uploads\/2023\/07\/Kerze_3Dochte_H15_Dm15cm_olive_Kl13040-768x768.jpg 768w, https:\/\/shop.mira-fleur.de\/wp-content\/uploads\/2023\/07\/Kerze_3Dochte_H15_Dm15cm_olive_Kl13040.jpg 800w\" sizes=\"(max-width: 300px) 100vw, 300px\" \/><\/p>\n<p>Kerze mit drei Dochten<\/p>\n<p>150&#215;150 mm<\/p>\n<p>Durchgef\u00e4rbt olive<\/p>\n<p>Brenndauer ca. 136 Stunden<\/p>\n<p>Artikel Nr Kl13040<\/p>\n","protected":false},"excerpt":{"rendered":"<h4>Kerze mit drei Dochten<\/h4>\n<h4>150&#215;150 mm<\/h4>\n<h4>Durchgef\u00e4rbt olive<\/h4>\n<h4>Brenndauer ca. 136 Stunden<\/h4>\n<h4>Artikel Nr Kl13040<\/h4>\n<p>F\u00dcR R\u00dcCKFRAGEN STEHEN WIR JEDERZEIT ZUR VERF\u00dcGUNG; GERNE PERS\u00d6NLICH, ODER AUCH AM TELEFON.<\/p>\n","protected":false},"featured_media":223,"template":"","meta":[],"product_brand":[],"product_cat":[79,27,69,80],"product_tag":[82,37,41,39,71,40,52,50,83],"class_list":{"0":"post-222","1":"product","2":"type-product","3":"status-publish","4":"has-post-thumbnail","6":"product_cat-advent","7":"product_cat-indoor","8":"product_cat-kerzen","9":"product_cat-weihnachten","10":"product_tag-advent","11":"product_tag-dekoration","12":"product_tag-gift","13":"product_tag-indoor","14":"product_tag-kerzen","15":"product_tag-living","16":"product_tag-schoener-leben","17":"product_tag-tisckultur","18":"product_tag-weinacht","19":"product_shipping_class-mittlere-pakete","21":"first","22":"instock","23":"taxable","24":"shipping-taxable","25":"purchasable","26":"product-type-simple"},"_links":{"self":[{"href":"https:\/\/shop.mira-fleur.de\/shop\/wp-json\/wp\/v2\/product\/222","targetHints":{"allow":["GET"]}}],"collection":[{"href":"https:\/\/shop.mira-fleur.de\/shop\/wp-json\/wp\/v2\/product"}],"about":[{"href":"https:\/\/shop.mira-fleur.de\/shop\/wp-json\/wp\/v2\/types\/product"}],"wp:featuredmedia":[{"embeddable":true,"href":"https:\/\/shop.mira-fleur.de\/shop\/wp-json\/wp\/v2\/media\/223"}],"wp:attachment":[{"href":"https:\/\/shop.mira-fleur.de\/shop\/wp-json\/wp\/v2\/media?parent=222"}],"wp:term":[{"taxonomy":"product_brand","embeddable":true,"href":"https:\/\/shop.mira-fleur.de\/shop\/wp-json\/wp\/v2\/product_brand?post=222"},{"taxonomy":"product_cat","embeddable":true,"href":"https:\/\/shop.mira-fleur.de\/shop\/wp-json\/wp\/v2\/product_cat?post=222"},{"taxonomy":"product_tag","embeddable":true,"href":"https:\/\/shop.mira-fleur.de\/shop\/wp-json\/wp\/v2\/product_tag?post=222"}],"curies":[{"name":"wp","href":"https:\/\/api.w.org\/{rel}","templated":true}]}}