{"id":220,"date":"2023-07-05T16:22:39","date_gmt":"2023-07-05T14:22:39","guid":{"rendered":"https:\/\/shop.mira-fleur.de\/?post_type=product&#038;p=220"},"modified":"2023-07-31T17:28:49","modified_gmt":"2023-07-31T15:28:49","slug":"kerze-dreidocht-kuerbis","status":"publish","type":"product","link":"https:\/\/shop.mira-fleur.de\/shop\/produkt\/kerze-dreidocht-kuerbis\/","title":{"rendered":"Kerze Dreidocht k\u00fcrbis"},"content":{"rendered":"<p><img fetchpriority=\"high\" decoding=\"async\" class=\"alignnone size-medium wp-image-221\" src=\"https:\/\/shop.mira-fleur.de\/wp-content\/uploads\/2023\/07\/Kerze_3Dochte_H15_Dm15cm_k\ufffdrbis_Kl68245-300x300.jpg\" alt=\"\" width=\"300\" height=\"300\" srcset=\"https:\/\/shop.mira-fleur.de\/wp-content\/uploads\/2023\/07\/Kerze_3Dochte_H15_Dm15cm_k\ufffdrbis_Kl68245-300x300.jpg 300w, https:\/\/shop.mira-fleur.de\/wp-content\/uploads\/2023\/07\/Kerze_3Dochte_H15_Dm15cm_k\ufffdrbis_Kl68245-100x100.jpg 100w, https:\/\/shop.mira-fleur.de\/wp-content\/uploads\/2023\/07\/Kerze_3Dochte_H15_Dm15cm_k\ufffdrbis_Kl68245-600x600.jpg 600w, https:\/\/shop.mira-fleur.de\/wp-content\/uploads\/2023\/07\/Kerze_3Dochte_H15_Dm15cm_k\ufffdrbis_Kl68245-150x150.jpg 150w, https:\/\/shop.mira-fleur.de\/wp-content\/uploads\/2023\/07\/Kerze_3Dochte_H15_Dm15cm_k\ufffdrbis_Kl68245-768x768.jpg 768w, https:\/\/shop.mira-fleur.de\/wp-content\/uploads\/2023\/07\/Kerze_3Dochte_H15_Dm15cm_k\ufffdrbis_Kl68245.jpg 800w\" sizes=\"(max-width: 300px) 100vw, 300px\" \/><\/p>\n<p>Kerze mit drei Dochten<\/p>\n<p>150&#215;150 mm<\/p>\n<p>Durchgef\u00e4rbt k\u00fcrbis<\/p>\n<p>Brenndauer ca. 136 Stunden<\/p>\n<p>Artikel Nr Kl68245<\/p>\n","protected":false},"excerpt":{"rendered":"<h4>Kerze mit drei Dochten<\/h4>\n<h4>150&#215;150 mm<\/h4>\n<h4>Durchgef\u00e4rbt k\u00fcrbis<\/h4>\n<h4>Brenndauer ca. 136 Stunden<\/h4>\n<h4>Artikel Nr Kl68245<\/h4>\n<p>F\u00dcR R\u00dcCKFRAGEN STEHEN WIR JEDERZEIT ZUR VERF\u00dcGUNG; GERNE PERS\u00d6NLICH, ODER AUCH AM TELEFON.<\/p>\n","protected":false},"featured_media":221,"template":"","meta":[],"product_brand":[],"product_cat":[79,27,69,80],"product_tag":[82,37,41,39,71,40,84,52,50,83],"class_list":{"0":"post-220","1":"product","2":"type-product","3":"status-publish","4":"has-post-thumbnail","6":"product_cat-advent","7":"product_cat-indoor","8":"product_cat-kerzen","9":"product_cat-weihnachten","10":"product_tag-advent","11":"product_tag-dekoration","12":"product_tag-gift","13":"product_tag-indoor","14":"product_tag-kerzen","15":"product_tag-living","16":"product_tag-qualitaet","17":"product_tag-schoener-leben","18":"product_tag-tisckultur","19":"product_tag-weinacht","20":"product_shipping_class-mittlere-pakete","22":"first","23":"instock","24":"taxable","25":"shipping-taxable","26":"purchasable","27":"product-type-simple"},"_links":{"self":[{"href":"https:\/\/shop.mira-fleur.de\/shop\/wp-json\/wp\/v2\/product\/220","targetHints":{"allow":["GET"]}}],"collection":[{"href":"https:\/\/shop.mira-fleur.de\/shop\/wp-json\/wp\/v2\/product"}],"about":[{"href":"https:\/\/shop.mira-fleur.de\/shop\/wp-json\/wp\/v2\/types\/product"}],"wp:featuredmedia":[{"embeddable":true,"href":"https:\/\/shop.mira-fleur.de\/shop\/wp-json\/wp\/v2\/media\/221"}],"wp:attachment":[{"href":"https:\/\/shop.mira-fleur.de\/shop\/wp-json\/wp\/v2\/media?parent=220"}],"wp:term":[{"taxonomy":"product_brand","embeddable":true,"href":"https:\/\/shop.mira-fleur.de\/shop\/wp-json\/wp\/v2\/product_brand?post=220"},{"taxonomy":"product_cat","embeddable":true,"href":"https:\/\/shop.mira-fleur.de\/shop\/wp-json\/wp\/v2\/product_cat?post=220"},{"taxonomy":"product_tag","embeddable":true,"href":"https:\/\/shop.mira-fleur.de\/shop\/wp-json\/wp\/v2\/product_tag?post=220"}],"curies":[{"name":"wp","href":"https:\/\/api.w.org\/{rel}","templated":true}]}}