{"id":213,"date":"2023-07-05T15:50:34","date_gmt":"2023-07-05T13:50:34","guid":{"rendered":"https:\/\/shop.mira-fleur.de\/?post_type=product&#038;p=213"},"modified":"2024-05-23T13:30:35","modified_gmt":"2024-05-23T11:30:35","slug":"kerze-dreidocht-anthrazit","status":"publish","type":"product","link":"https:\/\/shop.mira-fleur.de\/shop\/produkt\/kerze-dreidocht-anthrazit\/","title":{"rendered":"Kerze Dreidocht anthrazit"},"content":{"rendered":"<p><img fetchpriority=\"high\" decoding=\"async\" class=\"alignnone size-medium wp-image-214\" src=\"https:\/\/shop.mira-fleur.de\/wp-content\/uploads\/2023\/07\/Kerze_3Dochte_H15_Dm15cm_anthrazit_Kl23482-300x300.jpg\" alt=\"\" width=\"300\" height=\"300\" srcset=\"https:\/\/shop.mira-fleur.de\/wp-content\/uploads\/2023\/07\/Kerze_3Dochte_H15_Dm15cm_anthrazit_Kl23482-300x300.jpg 300w, https:\/\/shop.mira-fleur.de\/wp-content\/uploads\/2023\/07\/Kerze_3Dochte_H15_Dm15cm_anthrazit_Kl23482-100x100.jpg 100w, https:\/\/shop.mira-fleur.de\/wp-content\/uploads\/2023\/07\/Kerze_3Dochte_H15_Dm15cm_anthrazit_Kl23482-600x600.jpg 600w, https:\/\/shop.mira-fleur.de\/wp-content\/uploads\/2023\/07\/Kerze_3Dochte_H15_Dm15cm_anthrazit_Kl23482-150x150.jpg 150w, https:\/\/shop.mira-fleur.de\/wp-content\/uploads\/2023\/07\/Kerze_3Dochte_H15_Dm15cm_anthrazit_Kl23482-768x768.jpg 768w, https:\/\/shop.mira-fleur.de\/wp-content\/uploads\/2023\/07\/Kerze_3Dochte_H15_Dm15cm_anthrazit_Kl23482.jpg 800w\" sizes=\"(max-width: 300px) 100vw, 300px\" \/><\/p>\n<p>Kerze mit drei Dochten<\/p>\n<p>150&#215;150 mm<\/p>\n<p>Durchgef\u00e4rbt anthrazit<\/p>\n<p>Brenndauer ca. 136 Stunden<\/p>\n<p>Artikel Nr Kl23482<\/p>\n","protected":false},"excerpt":{"rendered":"<h4>Kerze mit drei Dochten<\/h4>\n<h4>150&#215;150 mm<\/h4>\n<h4>Durchgef\u00e4rbt anthrazit<\/h4>\n<h4>Brenndauer ca. 136 Stunden<\/h4>\n<h4>Artikel Nr Kl23482<\/h4>\n<p>F\u00dcR R\u00dcCKFRAGEN STEHEN WIR JEDERZEIT ZUR VERF\u00dcGUNG; GERNE PERS\u00d6NLICH, ODER AUCH AM TELEFON.<\/p>\n","protected":false},"featured_media":214,"template":"","meta":[],"product_brand":[],"product_cat":[79,27,69,80],"product_tag":[38,82,81,37,41,39,71,40,52,50,83],"class_list":{"0":"post-213","1":"product","2":"type-product","3":"status-publish","4":"has-post-thumbnail","6":"product_cat-advent","7":"product_cat-indoor","8":"product_cat-kerzen","9":"product_cat-weihnachten","10":"product_tag-accessoires","11":"product_tag-advent","12":"product_tag-candle","13":"product_tag-dekoration","14":"product_tag-gift","15":"product_tag-indoor","16":"product_tag-kerzen","17":"product_tag-living","18":"product_tag-schoener-leben","19":"product_tag-tisckultur","20":"product_tag-weinacht","21":"product_shipping_class-mittlere-pakete","23":"first","24":"instock","25":"taxable","26":"shipping-taxable","27":"purchasable","28":"product-type-simple"},"_links":{"self":[{"href":"https:\/\/shop.mira-fleur.de\/shop\/wp-json\/wp\/v2\/product\/213","targetHints":{"allow":["GET"]}}],"collection":[{"href":"https:\/\/shop.mira-fleur.de\/shop\/wp-json\/wp\/v2\/product"}],"about":[{"href":"https:\/\/shop.mira-fleur.de\/shop\/wp-json\/wp\/v2\/types\/product"}],"wp:featuredmedia":[{"embeddable":true,"href":"https:\/\/shop.mira-fleur.de\/shop\/wp-json\/wp\/v2\/media\/214"}],"wp:attachment":[{"href":"https:\/\/shop.mira-fleur.de\/shop\/wp-json\/wp\/v2\/media?parent=213"}],"wp:term":[{"taxonomy":"product_brand","embeddable":true,"href":"https:\/\/shop.mira-fleur.de\/shop\/wp-json\/wp\/v2\/product_brand?post=213"},{"taxonomy":"product_cat","embeddable":true,"href":"https:\/\/shop.mira-fleur.de\/shop\/wp-json\/wp\/v2\/product_cat?post=213"},{"taxonomy":"product_tag","embeddable":true,"href":"https:\/\/shop.mira-fleur.de\/shop\/wp-json\/wp\/v2\/product_tag?post=213"}],"curies":[{"name":"wp","href":"https:\/\/api.w.org\/{rel}","templated":true}]}}