{"id":205,"date":"2023-07-04T16:51:02","date_gmt":"2023-07-04T14:51:02","guid":{"rendered":"https:\/\/shop.mira-fleur.de\/?post_type=product&#038;p=205"},"modified":"2024-05-23T13:36:16","modified_gmt":"2024-05-23T11:36:16","slug":"tisch-und-platzset-kreta-2","status":"publish","type":"product","link":"https:\/\/shop.mira-fleur.de\/shop\/produkt\/tisch-und-platzset-kreta-2\/","title":{"rendered":"Tisch- und Platzset Kreta"},"content":{"rendered":"<p><img fetchpriority=\"high\" decoding=\"async\" class=\"alignnone size-medium wp-image-206\" src=\"https:\/\/shop.mira-fleur.de\/wp-content\/uploads\/2023\/07\/Tischset_PlatzsetKreta_Dm38_Hf8670_2-300x300.jpg\" alt=\"\" width=\"300\" height=\"300\" srcset=\"https:\/\/shop.mira-fleur.de\/wp-content\/uploads\/2023\/07\/Tischset_PlatzsetKreta_Dm38_Hf8670_2-300x300.jpg 300w, https:\/\/shop.mira-fleur.de\/wp-content\/uploads\/2023\/07\/Tischset_PlatzsetKreta_Dm38_Hf8670_2-100x100.jpg 100w, https:\/\/shop.mira-fleur.de\/wp-content\/uploads\/2023\/07\/Tischset_PlatzsetKreta_Dm38_Hf8670_2-600x600.jpg 600w, https:\/\/shop.mira-fleur.de\/wp-content\/uploads\/2023\/07\/Tischset_PlatzsetKreta_Dm38_Hf8670_2-150x150.jpg 150w, https:\/\/shop.mira-fleur.de\/wp-content\/uploads\/2023\/07\/Tischset_PlatzsetKreta_Dm38_Hf8670_2-768x768.jpg 768w, https:\/\/shop.mira-fleur.de\/wp-content\/uploads\/2023\/07\/Tischset_PlatzsetKreta_Dm38_Hf8670_2.jpg 800w\" sizes=\"(max-width: 300px) 100vw, 300px\" \/><\/p>\n<p>Tischset \/ Platzset<\/p>\n<p>Jute aus nachhaltiger Produktion<\/p>\n<p>Silberner Mandala Druck<\/p>\n<p>Durchmesser 38 cm<\/p>\n<p>Artikel Nr Hf8670<\/p>\n","protected":false},"excerpt":{"rendered":"<h4>Tischset \/ Platzset<\/h4>\n<h4>Jute aus nachhaltiger Produktion<\/h4>\n<h4>Silberner Mandala Druck<\/h4>\n<h4>Durchmesser 38 cm<\/h4>\n<h4>Artikel Nr Hf8670<\/h4>\n<h6><\/h6>\n<h6>UNSERE KLEINODE SIND HANDWERKLICH HERGESTELLT, UND SOMIT K\u00d6NNEN DIE GELIEFERTEN ARTIKEL MINIMAL IN FARBE UND GR\u00d6SSE VARIIEREN<\/h6>\n<h6>MINIMALE ABWEICHUNGEN SIND EIN QUALIT\u00c4TSMERKMAL, UND STELLEN KEINEN MANGEL DA.<\/h6>\n<h6><\/h6>\n<h6>F\u00dcR R\u00dcCKFRAGEN STEHEN WIR JEDERZEIT ZUR VERF\u00dcGUNG; GERNE PERS\u00d6NLICH, ODER AUCH AM TELEFON.<\/h6>\n","protected":false},"featured_media":206,"template":"","meta":[],"product_brand":[],"product_cat":[48,104,47],"product_tag":[38,77,76,37,78,41,40,52,50],"class_list":{"0":"post-205","1":"product","2":"type-product","3":"status-publish","4":"has-post-thumbnail","6":"product_cat-fine-dining","7":"product_cat-sommer","8":"product_cat-tischkultur","9":"product_tag-accessoires","10":"product_tag-bohemian","11":"product_tag-boho","12":"product_tag-dekoration","13":"product_tag-ethnostyle","14":"product_tag-gift","15":"product_tag-living","16":"product_tag-schoener-leben","17":"product_tag-tisckultur","18":"product_shipping_class-groessere-pakete","20":"first","21":"instock","22":"purchasable","23":"product-type-simple"},"_links":{"self":[{"href":"https:\/\/shop.mira-fleur.de\/shop\/wp-json\/wp\/v2\/product\/205","targetHints":{"allow":["GET"]}}],"collection":[{"href":"https:\/\/shop.mira-fleur.de\/shop\/wp-json\/wp\/v2\/product"}],"about":[{"href":"https:\/\/shop.mira-fleur.de\/shop\/wp-json\/wp\/v2\/types\/product"}],"wp:featuredmedia":[{"embeddable":true,"href":"https:\/\/shop.mira-fleur.de\/shop\/wp-json\/wp\/v2\/media\/206"}],"wp:attachment":[{"href":"https:\/\/shop.mira-fleur.de\/shop\/wp-json\/wp\/v2\/media?parent=205"}],"wp:term":[{"taxonomy":"product_brand","embeddable":true,"href":"https:\/\/shop.mira-fleur.de\/shop\/wp-json\/wp\/v2\/product_brand?post=205"},{"taxonomy":"product_cat","embeddable":true,"href":"https:\/\/shop.mira-fleur.de\/shop\/wp-json\/wp\/v2\/product_cat?post=205"},{"taxonomy":"product_tag","embeddable":true,"href":"https:\/\/shop.mira-fleur.de\/shop\/wp-json\/wp\/v2\/product_tag?post=205"}],"curies":[{"name":"wp","href":"https:\/\/api.w.org\/{rel}","templated":true}]}}